{"id":95393,"date":"2024-02-08T22:51:42","date_gmt":"2024-02-08T21:51:42","guid":{"rendered":"https:\/\/one-horizon.ch\/product\/gobelet-do-nothing-club\/"},"modified":"2026-03-30T00:09:15","modified_gmt":"2026-03-29T22:09:15","slug":"becher-do-nothing-club","status":"publish","type":"product","link":"https:\/\/one-horizon.ch\/fr\/product\/becher-do-nothing-club\/","title":{"rendered":"Gobelet &#8211; Do Nothing Club"},"content":{"rendered":"<p>La collection Eulenschnitt de gobelets faits main se distingue par son design unique et le soin apport\u00e9 aux d\u00e9tails. Cr\u00e9\u00e9s en collaboration avec une poterie portugaise de renom, ces gobelets s\u00e9duisent par leur forme individuelle, leur argile, leur gla\u00e7age et leur design. Chaque gobelet a \u00e9t\u00e9 fabriqu\u00e9 \u00e0 la main avec amour et est un compagnon extraordinaire pour votre voyage cr\u00e9atif.<\/p>\n<p>Les gobelets se distinguent par leurs caract\u00e9ristiques uniques, car ils sont fa\u00e7onn\u00e9s, cuits, estamp\u00e9s, ponc\u00e9s, glac\u00e9s et cuits \u00e0 nouveau \u00e0 la main. Il en r\u00e9sulte des diff\u00e9rences dans la profondeur d&#8217;impression, la hauteur et la rectitude, qui conf\u00e8rent \u00e0 chaque gobelet un style individuel.<\/p>\n<p>Le design minimaliste et les nuances de couleurs naturelles sont compl\u00e9t\u00e9s par un magnifique gaufrage \u00e0 froid. Cette collection exclusive de coupes \u00e0 la chouette va vous enthousiasmer et nous sommes heureux de pouvoir vous proposer ces gobelets de grande qualit\u00e9.<\/p>\n","protected":false},"excerpt":{"rendered":"<p>Tasse coup\u00e9e \u00e0 la hibou, fabriqu\u00e9e \u00e0 la main au Portugal, design unique, forme individuelle, nuances de couleurs naturelles, estampage \u00e0 froid, parfait comme cadeau.<\/p>\n","protected":false},"featured_media":72063,"comment_status":"open","ping_status":"closed","template":"","meta":{"_acf_changed":false},"product_brand":[3004],"product_cat":[1280],"product_tag":[],"class_list":{"0":"post-95393","1":"product","2":"type-product","3":"status-publish","4":"has-post-thumbnail","6":"product_brand-eulenschnitt","7":"product_cat-vaisselle","8":"product_shipping_class-colis-jusqua-2-kg","10":"first","11":"outofstock","12":"taxable","13":"shipping-taxable","14":"purchasable","15":"product-type-simple"},"acf":[],"_links":{"self":[{"href":"https:\/\/one-horizon.ch\/fr\/wp-json\/wp\/v2\/product\/95393","targetHints":{"allow":["GET"]}}],"collection":[{"href":"https:\/\/one-horizon.ch\/fr\/wp-json\/wp\/v2\/product"}],"about":[{"href":"https:\/\/one-horizon.ch\/fr\/wp-json\/wp\/v2\/types\/product"}],"replies":[{"embeddable":true,"href":"https:\/\/one-horizon.ch\/fr\/wp-json\/wp\/v2\/comments?post=95393"}],"wp:featuredmedia":[{"embeddable":true,"href":"https:\/\/one-horizon.ch\/fr\/wp-json\/wp\/v2\/media\/72063"}],"wp:attachment":[{"href":"https:\/\/one-horizon.ch\/fr\/wp-json\/wp\/v2\/media?parent=95393"}],"wp:term":[{"taxonomy":"product_brand","embeddable":true,"href":"https:\/\/one-horizon.ch\/fr\/wp-json\/wp\/v2\/product_brand?post=95393"},{"taxonomy":"product_cat","embeddable":true,"href":"https:\/\/one-horizon.ch\/fr\/wp-json\/wp\/v2\/product_cat?post=95393"},{"taxonomy":"product_tag","embeddable":true,"href":"https:\/\/one-horizon.ch\/fr\/wp-json\/wp\/v2\/product_tag?post=95393"}],"curies":[{"name":"wp","href":"https:\/\/api.w.org\/{rel}","templated":true}]}}