{"id":95410,"date":"2024-02-08T22:52:57","date_gmt":"2024-02-08T21:52:57","guid":{"rendered":"https:\/\/one-horizon.ch\/product\/gobelet-coffee-lover\/"},"modified":"2026-04-03T12:14:42","modified_gmt":"2026-04-03T10:14:42","slug":"eulenschnitt-becher-coffee-lover","status":"publish","type":"product","link":"https:\/\/one-horizon.ch\/fr\/product\/eulenschnitt-becher-coffee-lover\/","title":{"rendered":"Gobelet &#8211; Coffee Lover"},"content":{"rendered":"<p>Le gobelet Eulenschnitt Coffee Lover est un produit artisanal qui se distingue par son design unique et le soin apport\u00e9 aux d\u00e9tails. Cr\u00e9\u00e9s en collaboration avec une poterie portugaise de renom, ces gobelets impressionnent par leur forme individuelle, leur argile exquise, leur gla\u00e7age de qualit\u00e9 et leur design exceptionnel.<\/p>\n<p>Chaque gobelet a \u00e9t\u00e9 fabriqu\u00e9 \u00e0 la main avec une grande attention aux d\u00e9tails et est un compagnon exceptionnel pour le voyage cr\u00e9atif. Les gobelets se distinguent par leurs caract\u00e9ristiques uniques, car ils sont fa\u00e7onn\u00e9s, cuits, estamp\u00e9s, ponc\u00e9s, glac\u00e9s et cuits \u00e0 nouveau \u00e0 la main, ce qui repr\u00e9sente un travail de longue haleine. Il en r\u00e9sulte des diff\u00e9rences dans la profondeur d&#8217;impression, la hauteur et la rectitude, qui conf\u00e8rent \u00e0 chaque gobelet un style individuel.<\/p>\n<p>Le design minimaliste et les nuances de couleurs naturelles du gobelet Coffee Lover de Eulenschnitt sont compl\u00e9t\u00e9s par un magnifique gaufrage \u00e0 froid. Cette collection exclusive de coupes de hiboux ravira les clients. Les gobelets haut de gamme sont propos\u00e9s afin d&#8217;offrir aux clients une exp\u00e9rience unique. Chaque pi\u00e8ce est fabriqu\u00e9e avec passion et soin afin d&#8217;offrir aux clients un produit de la plus haute qualit\u00e9.<\/p>\n","protected":false},"excerpt":{"rendered":"<p>Tasse en c\u00e9ramique fabriqu\u00e9e \u00e0 la main au Portugal &#8211; chaque pi\u00e8ce est unique. L&#8217;argile de haute qualit\u00e9, le gla\u00e7age noble et le gaufrage \u00e0 froid en font un compagnon particulier pour les amateurs de caf\u00e9. <\/p>\n","protected":false},"featured_media":72699,"comment_status":"open","ping_status":"closed","template":"","meta":{"_acf_changed":false},"product_brand":[3004],"product_cat":[1280],"product_tag":[],"class_list":{"0":"post-95410","1":"product","2":"type-product","3":"status-publish","4":"has-post-thumbnail","6":"product_brand-eulenschnitt","7":"product_cat-vaisselle","8":"product_shipping_class-colis-jusqua-2-kg","10":"first","11":"instock","12":"taxable","13":"shipping-taxable","14":"purchasable","15":"product-type-simple"},"acf":[],"_links":{"self":[{"href":"https:\/\/one-horizon.ch\/fr\/wp-json\/wp\/v2\/product\/95410","targetHints":{"allow":["GET"]}}],"collection":[{"href":"https:\/\/one-horizon.ch\/fr\/wp-json\/wp\/v2\/product"}],"about":[{"href":"https:\/\/one-horizon.ch\/fr\/wp-json\/wp\/v2\/types\/product"}],"replies":[{"embeddable":true,"href":"https:\/\/one-horizon.ch\/fr\/wp-json\/wp\/v2\/comments?post=95410"}],"wp:featuredmedia":[{"embeddable":true,"href":"https:\/\/one-horizon.ch\/fr\/wp-json\/wp\/v2\/media\/72699"}],"wp:attachment":[{"href":"https:\/\/one-horizon.ch\/fr\/wp-json\/wp\/v2\/media?parent=95410"}],"wp:term":[{"taxonomy":"product_brand","embeddable":true,"href":"https:\/\/one-horizon.ch\/fr\/wp-json\/wp\/v2\/product_brand?post=95410"},{"taxonomy":"product_cat","embeddable":true,"href":"https:\/\/one-horizon.ch\/fr\/wp-json\/wp\/v2\/product_cat?post=95410"},{"taxonomy":"product_tag","embeddable":true,"href":"https:\/\/one-horizon.ch\/fr\/wp-json\/wp\/v2\/product_tag?post=95410"}],"curies":[{"name":"wp","href":"https:\/\/api.w.org\/{rel}","templated":true}]}}