{"id":95412,"date":"2024-02-08T22:52:08","date_gmt":"2024-02-08T21:52:08","guid":{"rendered":"https:\/\/one-horizon.ch\/product\/bougie-en-beton-the-vert-concombre\/"},"modified":"2026-03-30T00:08:11","modified_gmt":"2026-03-29T22:08:11","slug":"bougie-en-beton-gruner-the-concombre","status":"publish","type":"product","link":"https:\/\/one-horizon.ch\/fr\/product\/bougie-en-beton-gruner-the-concombre\/","title":{"rendered":"Bougie en b\u00e9ton Th\u00e9 vert &amp; concombre"},"content":{"rendered":"<p>Nos bougies en b\u00e9ton les plus vendues, fabriqu\u00e9es \u00e0 partir d&#8217;un m\u00e9lange de soja, sont de retour ! Ce parfum est un m\u00e9lange frais et exaltant de concombre et de menthe. Transportez vos sens avec cet ar\u00f4me relaxant. Une fois que vous avez br\u00fbl\u00e9 la bougie, le r\u00e9cipient en b\u00e9ton peut \u00eatre utilis\u00e9 comme jardini\u00e8re ou porte-plume.<\/p>\n<p>Dur\u00e9e de combustion d&#8217;environ 50 heures<\/p>\n<p>Ingr\u00e9dients : 95% cire de soja, 5% huile parfum\u00e9e<\/p>\n<p>Dimensions : hauteur 10,5 cm x largeur 9 cm x longueur 9 cm<\/p>\n<p><em>Ne laissez jamais des bougies allum\u00e9es sans surveillance !<\/em><\/p>\n","protected":false},"excerpt":{"rendered":"<p>Nos bougies en b\u00e9ton les plus vendues, fabriqu\u00e9es \u00e0 partir d&#8217;un m\u00e9lange de soja, sont de retour ! Ce parfum est un m\u00e9lange frais et exaltant de concombre et de menthe. Transportez vos sens avec cet ar\u00f4me relaxant. Une fois que vous avez br\u00fbl\u00e9 la bougie, le r\u00e9cipient en b\u00e9ton peut \u00eatre utilis\u00e9 comme jardini\u00e8re [&hellip;]<\/p>\n","protected":false},"featured_media":100517,"comment_status":"open","ping_status":"closed","template":"","meta":{"_acf_changed":false},"product_brand":[3118],"product_cat":[989],"product_tag":[],"class_list":{"0":"post-95412","1":"product","2":"type-product","3":"status-publish","4":"has-post-thumbnail","6":"product_brand-chickidee-homeware-ltd","7":"product_cat-bougies","8":"product_shipping_class-colis-jusqua-2-kg","10":"first","11":"outofstock","12":"taxable","13":"shipping-taxable","14":"purchasable","15":"product-type-simple"},"acf":[],"_links":{"self":[{"href":"https:\/\/one-horizon.ch\/fr\/wp-json\/wp\/v2\/product\/95412","targetHints":{"allow":["GET"]}}],"collection":[{"href":"https:\/\/one-horizon.ch\/fr\/wp-json\/wp\/v2\/product"}],"about":[{"href":"https:\/\/one-horizon.ch\/fr\/wp-json\/wp\/v2\/types\/product"}],"replies":[{"embeddable":true,"href":"https:\/\/one-horizon.ch\/fr\/wp-json\/wp\/v2\/comments?post=95412"}],"wp:featuredmedia":[{"embeddable":true,"href":"https:\/\/one-horizon.ch\/fr\/wp-json\/wp\/v2\/media\/100517"}],"wp:attachment":[{"href":"https:\/\/one-horizon.ch\/fr\/wp-json\/wp\/v2\/media?parent=95412"}],"wp:term":[{"taxonomy":"product_brand","embeddable":true,"href":"https:\/\/one-horizon.ch\/fr\/wp-json\/wp\/v2\/product_brand?post=95412"},{"taxonomy":"product_cat","embeddable":true,"href":"https:\/\/one-horizon.ch\/fr\/wp-json\/wp\/v2\/product_cat?post=95412"},{"taxonomy":"product_tag","embeddable":true,"href":"https:\/\/one-horizon.ch\/fr\/wp-json\/wp\/v2\/product_tag?post=95412"}],"curies":[{"name":"wp","href":"https:\/\/api.w.org\/{rel}","templated":true}]}}