{"id":95418,"date":"2024-02-08T22:52:59","date_gmt":"2024-02-08T21:52:59","guid":{"rendered":"https:\/\/one-horizon.ch\/product\/aloomi\/"},"modified":"2026-05-02T14:41:24","modified_gmt":"2026-05-02T12:41:24","slug":"kreafunk-aloomi","status":"publish","type":"product","link":"https:\/\/one-horizon.ch\/fr\/product\/kreafunk-aloomi\/","title":{"rendered":"aLoomi"},"content":{"rendered":"<p>Le Kreafunk aLOOMI enchante par son aspect esth\u00e9tique et ses multiples fonctions. C&#8217;est une lanterne chic et un haut-parleur en un seul produit, qui s&#8217;int\u00e8gre \u00e0 merveille dans votre int\u00e9rieur. Il a un son \u00e0 360 degr\u00e9s et une t\u00eate de lampe avec une lumi\u00e8re variable, une fonction de bougie et une lumi\u00e8re color\u00e9e, pour ne citer que quelques r\u00e9glages de la Kreafunk aLOOMI.<\/p>\n<p>Am\u00e9liorez l&#8217;exp\u00e9rience en couplant deux haut-parleurs aLOOMI pour obtenir un son st\u00e9r\u00e9o &#8211; et vous aurez l&#8217;impression d&#8217;\u00eatre au premier rang de votre concert pr\u00e9f\u00e9r\u00e9. De plus, il est r\u00e9sistant \u00e0 la poussi\u00e8re et \u00e0 l&#8217;eau, ce qui le rend id\u00e9al pour le balcon, le jardin ou peut-\u00eatre pour un pique-nique.<\/p>\n<p><strong>Caract\u00e9ristiques<\/strong><\/p>\n<ul>\n<li>Dur\u00e9e de jeu jusqu&#8217;\u00e0 30 heures<\/li>\n<li>Haut-parleur : \u00d859 mm 4\u03a9 6W<\/li>\n<li>Temps de charge : 3-4 heures (USB) \/ 6-8 heures (Qi)<\/li>\n<li>Lecture st\u00e9r\u00e9o (TWS)<\/li>\n<li>Assistant vocal<\/li>\n<li>Batterie au lithium int\u00e9gr\u00e9e de 7V, 2200 mAh<\/li>\n<li>Bluetooth : version 5.0<\/li>\n<li>puissance d&#8217;entr\u00e9e : 5 V \/ 1 A<\/li>\n<li>\u00c9tanche (IPX5)<\/li>\n<li>15*194 mm (\u00d8*H)<\/li>\n<li>poids : 650 g<\/li>\n<\/ul>\n<p><a href=\"https:\/\/one-horizon.ch\/fr\/kreafunk-3\/\" target=\"_blank\" rel=\"noopener\">Vers l&#8217;assortiment Kreafunk<\/a><\/p>\n","protected":false},"excerpt":{"rendered":"<p>Le Kreafunk aLOOMI est une lanterne et un haut-parleur avec un son \u00e0 360 degr\u00e9s, une lumi\u00e8re variable et un rendu st\u00e9r\u00e9o. R\u00e9sistant \u00e0 la poussi\u00e8re et \u00e0 l&#8217;eau, id\u00e9al pour l&#8217;int\u00e9rieur et l&#8217;ext\u00e9rieur. Parfait pour le balcon, le jardin ou le pique-nique.<\/p>\n","protected":false},"featured_media":100096,"comment_status":"open","ping_status":"closed","template":"","meta":{"_acf_changed":false},"product_brand":[3016],"product_cat":[1023,876],"product_tag":[],"class_list":{"0":"post-95418","1":"product","2":"type-product","3":"status-publish","4":"has-post-thumbnail","6":"product_brand-kreafunk","7":"product_cat-haut-parleur","8":"product_cat-vivre","9":"product_shipping_class-colis-jusqua-2-kg","10":"pa_farbe-bleu","11":"pa_farbe-care-fr","12":"pa_farbe-noir","13":"pa_farbe-orange-fr","14":"pa_farbe-vert","16":"first","17":"onbackorder","18":"taxable","19":"shipping-taxable","20":"purchasable","21":"product-type-variable"},"acf":[],"_links":{"self":[{"href":"https:\/\/one-horizon.ch\/fr\/wp-json\/wp\/v2\/product\/95418","targetHints":{"allow":["GET"]}}],"collection":[{"href":"https:\/\/one-horizon.ch\/fr\/wp-json\/wp\/v2\/product"}],"about":[{"href":"https:\/\/one-horizon.ch\/fr\/wp-json\/wp\/v2\/types\/product"}],"replies":[{"embeddable":true,"href":"https:\/\/one-horizon.ch\/fr\/wp-json\/wp\/v2\/comments?post=95418"}],"wp:featuredmedia":[{"embeddable":true,"href":"https:\/\/one-horizon.ch\/fr\/wp-json\/wp\/v2\/media\/100096"}],"wp:attachment":[{"href":"https:\/\/one-horizon.ch\/fr\/wp-json\/wp\/v2\/media?parent=95418"}],"wp:term":[{"taxonomy":"product_brand","embeddable":true,"href":"https:\/\/one-horizon.ch\/fr\/wp-json\/wp\/v2\/product_brand?post=95418"},{"taxonomy":"product_cat","embeddable":true,"href":"https:\/\/one-horizon.ch\/fr\/wp-json\/wp\/v2\/product_cat?post=95418"},{"taxonomy":"product_tag","embeddable":true,"href":"https:\/\/one-horizon.ch\/fr\/wp-json\/wp\/v2\/product_tag?post=95418"}],"curies":[{"name":"wp","href":"https:\/\/api.w.org\/{rel}","templated":true}]}}