{"id":95442,"date":"2024-02-08T22:52:34","date_gmt":"2024-02-08T21:52:34","guid":{"rendered":"https:\/\/one-horizon.ch\/product\/huile-pour-le-corps\/"},"modified":"2026-03-30T00:04:16","modified_gmt":"2026-03-29T22:04:16","slug":"korperol","status":"publish","type":"product","link":"https:\/\/one-horizon.ch\/fr\/product\/korperol\/","title":{"rendered":"Huile pour le corps"},"content":{"rendered":"<p>L&#8217;huile corporelle nourrit et r\u00e9g\u00e9n\u00e8re votre peau et lui procure une fra\u00eecheur durable. Les propri\u00e9t\u00e9s apaisantes des baies de geni\u00e8vre sont renforc\u00e9es par les pouvoirs r\u00e9g\u00e9n\u00e9rateurs de l&#8217;encens. Appr\u00e9ciez les ar\u00f4mes impressionnants de ce m\u00e9lange puissant tout en profitant d&#8217;un sentiment de paix, de calme et de bien-\u00eatre g\u00e9n\u00e9ral.<\/p>\n<p><strong>Avantages du produit<\/strong><\/p>\n<ul>\n<li>Maintient<\/li>\n<li>G\u00e2t\u00e9<\/li>\n<li>Rajeunit<\/li>\n<\/ul>\n<p><strong>Remarques sur l&#8217;utilisation<\/strong><\/p>\n<p>Appliquez quelques gouttes sur la peau nettoy\u00e9e apr\u00e8s la douche ou le bain ou utilisez 2 \u00e0 3 fois par semaine comme huile de massage.<\/p>\n<p><strong>Caract\u00e9ristiques<\/strong><\/p>\n<ul>\n<li>250 ML<\/li>\n<li>Vegan<\/li>\n<li>Carton biod\u00e9gradable<\/li>\n<li>Bouteille en verre brun<\/li>\n<li>Fabriqu\u00e9 en Irlande<\/li>\n<\/ul>\n","protected":false},"excerpt":{"rendered":"<p>L&#8217;huile corporelle nourrit et r\u00e9g\u00e9n\u00e8re votre peau et lui procure une fra\u00eecheur durable. Les propri\u00e9t\u00e9s apaisantes des baies de geni\u00e8vre sont renforc\u00e9es par les pouvoirs r\u00e9g\u00e9n\u00e9rateurs de l&#8217;encens. Appr\u00e9ciez les ar\u00f4mes impressionnants de ce m\u00e9lange puissant tout en profitant d&#8217;un sentiment de paix, de calme et de bien-\u00eatre g\u00e9n\u00e9ral. Avantages du produit Maintient G\u00e2t\u00e9 Rajeunit [&hellip;]<\/p>\n","protected":false},"featured_media":100090,"comment_status":"open","ping_status":"closed","template":"","meta":{"_acf_changed":false},"product_brand":[3002],"product_cat":[905],"product_tag":[],"class_list":{"0":"post-95442","1":"product","2":"type-product","3":"status-publish","4":"has-post-thumbnail","6":"product_brand-dublin-herbalists","7":"product_cat-produits-de-soins","8":"product_shipping_class-colis-jusqua-2-kg","10":"first","11":"instock","12":"taxable","13":"shipping-taxable","14":"purchasable","15":"product-type-simple"},"acf":[],"_links":{"self":[{"href":"https:\/\/one-horizon.ch\/fr\/wp-json\/wp\/v2\/product\/95442","targetHints":{"allow":["GET"]}}],"collection":[{"href":"https:\/\/one-horizon.ch\/fr\/wp-json\/wp\/v2\/product"}],"about":[{"href":"https:\/\/one-horizon.ch\/fr\/wp-json\/wp\/v2\/types\/product"}],"replies":[{"embeddable":true,"href":"https:\/\/one-horizon.ch\/fr\/wp-json\/wp\/v2\/comments?post=95442"}],"wp:featuredmedia":[{"embeddable":true,"href":"https:\/\/one-horizon.ch\/fr\/wp-json\/wp\/v2\/media\/100090"}],"wp:attachment":[{"href":"https:\/\/one-horizon.ch\/fr\/wp-json\/wp\/v2\/media?parent=95442"}],"wp:term":[{"taxonomy":"product_brand","embeddable":true,"href":"https:\/\/one-horizon.ch\/fr\/wp-json\/wp\/v2\/product_brand?post=95442"},{"taxonomy":"product_cat","embeddable":true,"href":"https:\/\/one-horizon.ch\/fr\/wp-json\/wp\/v2\/product_cat?post=95442"},{"taxonomy":"product_tag","embeddable":true,"href":"https:\/\/one-horizon.ch\/fr\/wp-json\/wp\/v2\/product_tag?post=95442"}],"curies":[{"name":"wp","href":"https:\/\/api.w.org\/{rel}","templated":true}]}}