{"id":95443,"date":"2024-02-08T22:52:59","date_gmt":"2024-02-08T21:52:59","guid":{"rendered":"https:\/\/one-horizon.ch\/product\/pastilles-de-nettoyant-pour-salle-de-bain\/"},"modified":"2026-03-30T00:04:01","modified_gmt":"2026-03-29T22:04:01","slug":"pastilles-de-nettoyant-pour-salle-de-bain","status":"publish","type":"product","link":"https:\/\/one-horizon.ch\/fr\/product\/pastilles-de-nettoyant-pour-salle-de-bain\/","title":{"rendered":"Pastilles de nettoyant pour salle de bain"},"content":{"rendered":"<p>Pastilles de nettoyage concentr\u00e9es \u00e0 recharger apr\u00e8s l&#8217;achat du Nature Bee Clean Refill Cleaning Kit Nettoyant concentr\u00e9 pour salle de bain \u00e0 l&#8217;eucalyptus et \u00e0 la menthe, chaque pastille peut \u00eatre ajout\u00e9e \u00e0 500 ml d&#8217;eau pour obtenir un spray nettoyant pour salle de bain d\u00e9licieusement parfum\u00e9.<\/p>\n<\/p>\n<p>Vegan<\/p>\n<\/p>\n<p>La couleur de la pastille est un bleu-vert doux et lorsqu&#8217;elle est ajout\u00e9e \u00e0 l&#8217;eau, elle produit une belle couleur aigue-marine claire.<\/p>\n","protected":false},"excerpt":{"rendered":"<p>Pastilles de nettoyage concentr\u00e9es \u00e0 recharger apr\u00e8s l&#8217;achat du Nature Bee Clean Refill Cleaning Kit Nettoyant concentr\u00e9 pour salle de bain \u00e0 l&#8217;eucalyptus et \u00e0 la menthe, chaque pastille peut \u00eatre ajout\u00e9e \u00e0 500 ml d&#8217;eau pour obtenir un spray nettoyant pour salle de bain d\u00e9licieusement parfum\u00e9. Vegan La couleur de la pastille est un [&hellip;]<\/p>\n","protected":false},"featured_media":72781,"comment_status":"open","ping_status":"closed","template":"","meta":{"_acf_changed":false},"product_brand":[3026],"product_cat":[876],"product_tag":[],"class_list":{"0":"post-95443","1":"product","2":"type-product","3":"status-publish","4":"has-post-thumbnail","6":"product_brand-nature-bee-clean","7":"product_cat-vivre","8":"product_shipping_class-colis-jusqua-2-kg","10":"first","11":"instock","12":"taxable","13":"shipping-taxable","14":"purchasable","15":"product-type-simple"},"acf":[],"_links":{"self":[{"href":"https:\/\/one-horizon.ch\/fr\/wp-json\/wp\/v2\/product\/95443","targetHints":{"allow":["GET"]}}],"collection":[{"href":"https:\/\/one-horizon.ch\/fr\/wp-json\/wp\/v2\/product"}],"about":[{"href":"https:\/\/one-horizon.ch\/fr\/wp-json\/wp\/v2\/types\/product"}],"replies":[{"embeddable":true,"href":"https:\/\/one-horizon.ch\/fr\/wp-json\/wp\/v2\/comments?post=95443"}],"wp:featuredmedia":[{"embeddable":true,"href":"https:\/\/one-horizon.ch\/fr\/wp-json\/wp\/v2\/media\/72781"}],"wp:attachment":[{"href":"https:\/\/one-horizon.ch\/fr\/wp-json\/wp\/v2\/media?parent=95443"}],"wp:term":[{"taxonomy":"product_brand","embeddable":true,"href":"https:\/\/one-horizon.ch\/fr\/wp-json\/wp\/v2\/product_brand?post=95443"},{"taxonomy":"product_cat","embeddable":true,"href":"https:\/\/one-horizon.ch\/fr\/wp-json\/wp\/v2\/product_cat?post=95443"},{"taxonomy":"product_tag","embeddable":true,"href":"https:\/\/one-horizon.ch\/fr\/wp-json\/wp\/v2\/product_tag?post=95443"}],"curies":[{"name":"wp","href":"https:\/\/api.w.org\/{rel}","templated":true}]}}