{"id":95449,"date":"2024-02-08T22:52:33","date_gmt":"2024-02-08T21:52:33","guid":{"rendered":"https:\/\/one-horizon.ch\/product\/set-de-balayage-johann-et-lotte\/"},"modified":"2026-03-30T00:07:56","modified_gmt":"2026-03-29T22:07:56","slug":"johann-et-lotte","status":"publish","type":"product","link":"https:\/\/one-horizon.ch\/fr\/product\/johann-et-lotte\/","title":{"rendered":"Set de balayage Johann et Lotte"},"content":{"rendered":"<p>Alors qu&#8217;auparavant, le balai et la balayette se cachaient honteusement dans le d\u00e9barras, ce nouveau set de 2 pi\u00e8ces est tout \u00e0 fait pr\u00e9sentable. La forme rectiligne conf\u00e8re au balai &#8220;Johann&#8221; et \u00e0 la balayette avec plaque de balayage &#8220;Lotte&#8221; une note contemporaine. La finesse de la finition des mat\u00e9riaux de qualit\u00e9 &#8211; ch\u00eane, crin de cheval et aluminium laqu\u00e9 &#8211; assure l&#8217;\u00e9l\u00e9gance naturelle de ces accessoires quotidiens tr\u00e8s utilis\u00e9s, qui peuvent \u00eatre accroch\u00e9s au mur par deux pour un gain de place.<\/p>\n<\/p>\n<p><strong>Caract\u00e9ristiques<\/strong><\/p>\n<ul>\n<li>Balai (L 1,25 m, ch\u00eane avec aluminium laqu\u00e9 noir)<\/li>\n<li>Balayette (ch\u00eane avec aluminium laqu\u00e9 noir)<\/li>\n<li>Balai \u00e0 main (ch\u00eane)<\/li>\n<li>WoodPeg (crochets muraux en ch\u00eane)<\/li>\n<\/ul>\n","protected":false},"excerpt":{"rendered":"<p>Le set de balayage Johann &amp; Lotte comprend un balai, une balayette avec une t\u00f4le \u00e0 balayer et un crochet mural WoodPeg en ch\u00eane et aluminium laqu\u00e9 noir. Un design contemporain, des mat\u00e9riaux de qualit\u00e9 et une suspension murale peu encombrante.<\/p>\n","protected":false},"featured_media":72567,"comment_status":"open","ping_status":"closed","template":"","meta":{"_acf_changed":false},"product_brand":[3038],"product_cat":[1297],"product_tag":[],"class_list":{"0":"post-95449","1":"product","2":"type-product","3":"status-publish","4":"has-post-thumbnail","6":"product_brand-raumgestalt","7":"product_cat-accessoires-dinterieur","8":"product_shipping_class-colis-jusqua-2-kg","10":"first","11":"outofstock","12":"taxable","13":"shipping-taxable","14":"purchasable","15":"product-type-simple"},"acf":[],"_links":{"self":[{"href":"https:\/\/one-horizon.ch\/fr\/wp-json\/wp\/v2\/product\/95449","targetHints":{"allow":["GET"]}}],"collection":[{"href":"https:\/\/one-horizon.ch\/fr\/wp-json\/wp\/v2\/product"}],"about":[{"href":"https:\/\/one-horizon.ch\/fr\/wp-json\/wp\/v2\/types\/product"}],"replies":[{"embeddable":true,"href":"https:\/\/one-horizon.ch\/fr\/wp-json\/wp\/v2\/comments?post=95449"}],"wp:featuredmedia":[{"embeddable":true,"href":"https:\/\/one-horizon.ch\/fr\/wp-json\/wp\/v2\/media\/72567"}],"wp:attachment":[{"href":"https:\/\/one-horizon.ch\/fr\/wp-json\/wp\/v2\/media?parent=95449"}],"wp:term":[{"taxonomy":"product_brand","embeddable":true,"href":"https:\/\/one-horizon.ch\/fr\/wp-json\/wp\/v2\/product_brand?post=95449"},{"taxonomy":"product_cat","embeddable":true,"href":"https:\/\/one-horizon.ch\/fr\/wp-json\/wp\/v2\/product_cat?post=95449"},{"taxonomy":"product_tag","embeddable":true,"href":"https:\/\/one-horizon.ch\/fr\/wp-json\/wp\/v2\/product_tag?post=95449"}],"curies":[{"name":"wp","href":"https:\/\/api.w.org\/{rel}","templated":true}]}}