{"id":95453,"date":"2024-02-08T22:52:09","date_gmt":"2024-02-08T21:52:09","guid":{"rendered":"https:\/\/one-horizon.ch\/product\/differentes-tablettes-de-savon-pour-les-mains\/"},"modified":"2026-03-30T00:08:09","modified_gmt":"2026-03-29T22:08:09","slug":"tablettes-de-savon-a-main-diverses","status":"publish","type":"product","link":"https:\/\/one-horizon.ch\/fr\/product\/tablettes-de-savon-a-main-diverses\/","title":{"rendered":"Diff\u00e9rentes tablettes de savon pour les mains"},"content":{"rendered":"<p>Pastilles de savon moussant pour les mains. Chaque tablette peut \u00eatre dissoute dans 250 ml d&#8217;eau pour produire un beau savon pour les mains hydratant et d\u00e9licieusement parfum\u00e9.<\/p>\n<\/p>\n<p>Vegan<\/p>\n<\/p>\n<p><strong>COMPATIBLE UNIQUEMENT AVEC LES DISTRIBUTEURS DE SAVON MOUSSANT<\/strong><\/p>\n","protected":false},"excerpt":{"rendered":"<p>Pastilles de savon moussant pour les mains. Chaque tablette peut \u00eatre dissoute dans 250 ml d&#8217;eau pour produire un beau savon pour les mains hydratant et d\u00e9licieusement parfum\u00e9. Vegan COMPATIBLE UNIQUEMENT AVEC LES DISTRIBUTEURS DE SAVON MOUSSANT<\/p>\n","protected":false},"featured_media":72479,"comment_status":"open","ping_status":"closed","template":"","meta":{"_acf_changed":false},"product_brand":[3026],"product_cat":[1378],"product_tag":[],"class_list":{"0":"post-95453","1":"product","2":"type-product","3":"status-publish","4":"has-post-thumbnail","6":"product_brand-nature-bee-clean","7":"product_cat-soin-des-mains","8":"product_shipping_class-colis-jusqua-2-kg","9":"pa_duft-agrumes-doux","10":"pa_duft-bergamote-lime","11":"pa_duft-citron-frais","12":"pa_duft-clementine-au-miel","13":"pa_duft-noix-de-coco-chaude","15":"first","16":"instock","17":"taxable","18":"shipping-taxable","19":"purchasable","20":"product-type-variable","21":"has-default-attributes"},"acf":[],"_links":{"self":[{"href":"https:\/\/one-horizon.ch\/fr\/wp-json\/wp\/v2\/product\/95453","targetHints":{"allow":["GET"]}}],"collection":[{"href":"https:\/\/one-horizon.ch\/fr\/wp-json\/wp\/v2\/product"}],"about":[{"href":"https:\/\/one-horizon.ch\/fr\/wp-json\/wp\/v2\/types\/product"}],"replies":[{"embeddable":true,"href":"https:\/\/one-horizon.ch\/fr\/wp-json\/wp\/v2\/comments?post=95453"}],"wp:featuredmedia":[{"embeddable":true,"href":"https:\/\/one-horizon.ch\/fr\/wp-json\/wp\/v2\/media\/72479"}],"wp:attachment":[{"href":"https:\/\/one-horizon.ch\/fr\/wp-json\/wp\/v2\/media?parent=95453"}],"wp:term":[{"taxonomy":"product_brand","embeddable":true,"href":"https:\/\/one-horizon.ch\/fr\/wp-json\/wp\/v2\/product_brand?post=95453"},{"taxonomy":"product_cat","embeddable":true,"href":"https:\/\/one-horizon.ch\/fr\/wp-json\/wp\/v2\/product_cat?post=95453"},{"taxonomy":"product_tag","embeddable":true,"href":"https:\/\/one-horizon.ch\/fr\/wp-json\/wp\/v2\/product_tag?post=95453"}],"curies":[{"name":"wp","href":"https:\/\/api.w.org\/{rel}","templated":true}]}}