{"id":95470,"date":"2024-02-08T22:52:08","date_gmt":"2024-02-08T21:52:08","guid":{"rendered":"https:\/\/one-horizon.ch\/product\/shams-7-4-noir\/"},"modified":"2026-03-30T00:08:08","modified_gmt":"2026-03-29T22:08:08","slug":"shams-7-4-black","status":"publish","type":"product","link":"https:\/\/one-horizon.ch\/fr\/product\/shams-7-4-black\/","title":{"rendered":"Shams 7.4 &#8211; noir"},"content":{"rendered":"<p>Le sac \u00e0 dos Shopper Shams 7.4 allie \u00e9l\u00e9gance et fonctionnalit\u00e9. Fabriqu\u00e9 \u00e0 partir de polyester RPET recycl\u00e9 et de b\u00e2che de bateau, il allie style et durabilit\u00e9.<\/p>\n<p>Le design minimaliste cache un compartiment rembourr\u00e9 pour l&#8217;ordinateur portable et la tablette et donne \u00e0 ce sac \u00e0 dos une touche moderne. La doublure robuste en coton et le cuir tann\u00e9 v\u00e9g\u00e9tal assurent confort et style.<\/p>\n<p>Le mat\u00e9riau ext\u00e9rieur en b\u00e2che de bateau et RPET r\u00e9sistant aux intemp\u00e9ries rend la Shams 7.4 durable et polyvalente. D\u00e9couvre des produits lifestyle de qualit\u00e9 et des id\u00e9es cadeaux tendance pour toutes les occasions dans un seul produit.<\/p>\n<p><strong>Caract\u00e9ristiques<\/strong><\/p>\n<ul>\n<li>Taille : H39 x P11 x L31cm<\/li>\n<li>Litres : 13.2<\/li>\n<li>poids : 0.9kg<\/li>\n<li>Ext\u00e9rieur : Poche zipp\u00e9e \u00e0 l&#8217;avant et \u00e0 l&#8217;arri\u00e8re<\/li>\n<li>fermeture \u00e9clair vers l&#8217;int\u00e9rieur du sac \u00e0 dos<\/li>\n<li>Int\u00e9rieur : 2 poches<\/li>\n<li>Compartiment pour ordinateur portable 14&#8243; rembourr\u00e9 (format vertical) et compartiment pour tablette 10,5&#8243; rembourr\u00e9<\/li>\n<li>1 poign\u00e9e en cuir<\/li>\n<li>bretelles r\u00e9glables<\/li>\n<\/ul>\n","protected":false},"excerpt":{"rendered":"<p>El\u00e9gant sac \u00e0 dos shopper Shams 7.4 en polyester recycl\u00e9 RPET et b\u00e2che de bateau. Avec des compartiments rembourr\u00e9s pour ordinateur portable et tablette, une doublure en coton robuste, un cuir tann\u00e9 v\u00e9g\u00e9tal. Taille : H39 x P11 x L31cm, 13.2 litres, 0.9kg.<\/p>\n","protected":false},"featured_media":100461,"comment_status":"open","ping_status":"closed","template":"","meta":{"_acf_changed":false},"product_brand":[2984],"product_cat":[867],"product_tag":[],"class_list":{"0":"post-95470","1":"product","2":"type-product","3":"status-publish","4":"has-post-thumbnail","6":"product_brand-7clouds","7":"product_cat-sacs-a-dos","8":"product_shipping_class-colis-jusqua-2-kg","10":"first","11":"onbackorder","12":"taxable","13":"shipping-taxable","14":"purchasable","15":"product-type-simple"},"acf":[],"_links":{"self":[{"href":"https:\/\/one-horizon.ch\/fr\/wp-json\/wp\/v2\/product\/95470","targetHints":{"allow":["GET"]}}],"collection":[{"href":"https:\/\/one-horizon.ch\/fr\/wp-json\/wp\/v2\/product"}],"about":[{"href":"https:\/\/one-horizon.ch\/fr\/wp-json\/wp\/v2\/types\/product"}],"replies":[{"embeddable":true,"href":"https:\/\/one-horizon.ch\/fr\/wp-json\/wp\/v2\/comments?post=95470"}],"wp:featuredmedia":[{"embeddable":true,"href":"https:\/\/one-horizon.ch\/fr\/wp-json\/wp\/v2\/media\/100461"}],"wp:attachment":[{"href":"https:\/\/one-horizon.ch\/fr\/wp-json\/wp\/v2\/media?parent=95470"}],"wp:term":[{"taxonomy":"product_brand","embeddable":true,"href":"https:\/\/one-horizon.ch\/fr\/wp-json\/wp\/v2\/product_brand?post=95470"},{"taxonomy":"product_cat","embeddable":true,"href":"https:\/\/one-horizon.ch\/fr\/wp-json\/wp\/v2\/product_cat?post=95470"},{"taxonomy":"product_tag","embeddable":true,"href":"https:\/\/one-horizon.ch\/fr\/wp-json\/wp\/v2\/product_tag?post=95470"}],"curies":[{"name":"wp","href":"https:\/\/api.w.org\/{rel}","templated":true}]}}