{"id":95481,"date":"2024-02-08T22:52:57","date_gmt":"2024-02-08T21:52:57","guid":{"rendered":"https:\/\/one-horizon.ch\/product\/agroove-mini\/"},"modified":"2026-04-28T16:08:51","modified_gmt":"2026-04-28T14:08:51","slug":"kreafunk-agroove-mini","status":"publish","type":"product","link":"https:\/\/one-horizon.ch\/fr\/product\/kreafunk-agroove-mini\/","title":{"rendered":"aGroove Mini"},"content":{"rendered":"<p>Partez \u00e0 l&#8217;aventure musicale avec un Kreafunk GROOVE Mini \u00e0 port\u00e9e de main. Suffisamment petit pour tenir dans votre poche et suffisamment grand pour cr\u00e9er une ambiance &#8220;groove&#8221; gr\u00e2ce \u00e0 son son riche et d\u00e9taill\u00e9.<\/p>\n<p>Avec un classement IPX4, le temps humide n&#8217;est pas un obstacle, ce qui signifie qu&#8217;il est parfait pour l&#8217;emmener \u00e0 la plage ou pour rester sur la terrasse ou dans la salle de bain. Connectez deux haut-parleurs Kreafunk aGROOVE Mini pour obtenir un son vivant avec Stereo Play. Vous d\u00e9couvrirez diff\u00e9rents instruments qui viendront vers vous entre les haut-parleurs. Id\u00e9al pour vos pi\u00e8ces de vie &#8211; cuisine, salon et grandes pi\u00e8ces &#8211; pour cr\u00e9er des canaux gauche et droit et des exp\u00e9riences sonores immersives.<\/p>\n<p>La fa\u00e7ade textile est en textile recycl\u00e9 doux, fabriqu\u00e9 \u00e0 partir de 98 % de bouteilles en plastique Gabriel. Cela lui conf\u00e8re un bel aspect caract\u00e9ristique.<\/p>\n<p><strong>Caract\u00e9ristiques<\/strong><\/p>\n<ul>\n<li>Jusqu&#8217;\u00e0 20 heures de lecture<\/li>\n<li>Bluetooth 5.2<\/li>\n<li>port\u00e9e : jusqu&#8217;\u00e0 10 m<\/li>\n<li>Lecture st\u00e9r\u00e9o (TWS)<\/li>\n<li>Recharge : 2-3 heures (USB) 4-5 heures (QI)<\/li>\n<li>puissance d&#8217;entr\u00e9e : 5V \/ 1A<\/li>\n<li>R\u00e9sistant \u00e0 l&#8217;eau (IPX4)<\/li>\n<li>dimensions : 130*50*23 mm<\/li>\n<li>Poids : 135g<\/li>\n<\/ul>\n","protected":false},"excerpt":{"rendered":"<p>Le Kreafunk aGroove Mini offre un son riche dans un format compact. R\u00e9sistant \u00e0 l&#8217;eau (IPX4), jusqu&#8217;\u00e0 20 heures d&#8217;autonomie, deux haut-parleurs connectables pour une lecture st\u00e9r\u00e9o. Fa\u00e7ade textile en mat\u00e9riau recycl\u00e9, Bluetooth 5.2.  <\/p>\n","protected":false},"featured_media":99382,"comment_status":"open","ping_status":"closed","template":"","meta":{"_acf_changed":false},"product_brand":[3016],"product_cat":[1023],"product_tag":[],"class_list":{"0":"post-95481","1":"product","2":"type-product","3":"status-publish","4":"has-post-thumbnail","6":"product_brand-kreafunk","7":"product_cat-haut-parleur","8":"product_shipping_class-colis-jusqua-2-kg","9":"pa_farbe-bleu","10":"pa_farbe-jaune","11":"pa_farbe-noir","12":"pa_farbe-stone-fr","13":"pa_farbe-vert-poussiereux","14":"pa_farbe-vieux-rose","16":"first","17":"onbackorder","18":"taxable","19":"shipping-taxable","20":"purchasable","21":"product-type-variable","22":"has-default-attributes"},"acf":[],"_links":{"self":[{"href":"https:\/\/one-horizon.ch\/fr\/wp-json\/wp\/v2\/product\/95481","targetHints":{"allow":["GET"]}}],"collection":[{"href":"https:\/\/one-horizon.ch\/fr\/wp-json\/wp\/v2\/product"}],"about":[{"href":"https:\/\/one-horizon.ch\/fr\/wp-json\/wp\/v2\/types\/product"}],"replies":[{"embeddable":true,"href":"https:\/\/one-horizon.ch\/fr\/wp-json\/wp\/v2\/comments?post=95481"}],"wp:featuredmedia":[{"embeddable":true,"href":"https:\/\/one-horizon.ch\/fr\/wp-json\/wp\/v2\/media\/99382"}],"wp:attachment":[{"href":"https:\/\/one-horizon.ch\/fr\/wp-json\/wp\/v2\/media?parent=95481"}],"wp:term":[{"taxonomy":"product_brand","embeddable":true,"href":"https:\/\/one-horizon.ch\/fr\/wp-json\/wp\/v2\/product_brand?post=95481"},{"taxonomy":"product_cat","embeddable":true,"href":"https:\/\/one-horizon.ch\/fr\/wp-json\/wp\/v2\/product_cat?post=95481"},{"taxonomy":"product_tag","embeddable":true,"href":"https:\/\/one-horizon.ch\/fr\/wp-json\/wp\/v2\/product_tag?post=95481"}],"curies":[{"name":"wp","href":"https:\/\/api.w.org\/{rel}","templated":true}]}}