{"id":95490,"date":"2024-02-08T22:53:00","date_gmt":"2024-02-08T21:53:00","guid":{"rendered":"https:\/\/one-horizon.ch\/product\/support-iphone-magsafe\/"},"modified":"2026-03-30T00:04:00","modified_gmt":"2026-03-29T22:04:00","slug":"magsafe-iphone-stand","status":"publish","type":"product","link":"https:\/\/one-horizon.ch\/fr\/product\/magsafe-iphone-stand\/","title":{"rendered":"Support iPhone MagSafe"},"content":{"rendered":"<p><strong>Support iPhone MagSafe<\/strong><\/p>\n<p>Le MagSafe iPhone Stand est un support multifonctionnel qui r\u00e9volutionne l&#8217;exp\u00e9rience de l&#8217;iPhone. Avec un dossier en bois frais\u00e9 et inclin\u00e9 de mani\u00e8re ergonomique et un pied stable, il offre s\u00e9curit\u00e9 et confort pendant le chargement. Participez \u00e0 des vid\u00e9oconf\u00e9rences sans vous soucier de l&#8217;\u00e9tat de la batterie et gardez votre t\u00e9l\u00e9phone \u00e0 port\u00e9e de main.<\/p>\n<p>&nbsp;<\/p>\n<p><strong>Multifonctionnalit\u00e9<\/strong><\/p>\n<p>Le MagSafe iPhone Stand est bien plus qu&#8217;un simple support. Son support magn\u00e9tique stabilise le chargeur en position horizontale et l&#8217;emp\u00eache de glisser sur le plateau de la table.<\/p>\n<p>&nbsp;<\/p>\n<p><strong>Position parfaite de l&#8217;iPhone<\/strong><\/p>\n<p>Gr\u00e2ce \u00e0 l&#8217;angle d&#8217;inclinaison ergonomique de 25 degr\u00e9s, vous utilisez confortablement votre iPhone pendant qu&#8217;il se recharge.<\/p>\n<p>&nbsp;<\/p>\n<p><strong>Pied stable<\/strong><\/p>\n<p>Avec un poids de plus de 700 g et un centre de gravit\u00e9 bas, le pied en aluminium offre stabilit\u00e9, s\u00e9curit\u00e9 et confort.<\/p>\n<p>&nbsp;<\/p>\n<p><strong>Fonctionnalit\u00e9 et esth\u00e9tique<\/strong><\/p>\n<p>Le socle pour iPhone MagSafe est un produit de fabrication artisanale, issu de 12 mois de d\u00e9veloppement intensif et de tests de convivialit\u00e9 approfondis. Il allie une fonctionnalit\u00e9 maximale \u00e0 un design intemporel.<\/p>\n<p>&nbsp;<\/p>\n<p><strong>Compatibilit\u00e9<\/strong><\/p>\n<p>Le support iPhone MagSafe est compatible avec tous les mod\u00e8les d&#8217;iPhone 12, 13,14 et 15 ainsi qu&#8217;avec le chargeur MagSafe d&#8217;origine. Chargeur MagSafe non inclus. \u00c9largissez les fonctionnalit\u00e9s du socle iPhone MagSafe avec le MagSafe Puck d&#8217;Oakywood, qui peut remplacer le chargeur original d&#8217;Apple.<\/p>\n<p><em>Chargeur MagSafe non inclus !<\/em><\/p>\n<p>&nbsp;<\/p>\n<p><strong>Dimensions<\/strong><\/p>\n<p>Longueur : 10.4 cm<br \/>\nLargeur : 8.1 cm<br \/>\nHauteur : 13.9 cm<\/p>\n<p>&nbsp;<\/p>\n","protected":false},"excerpt":{"rendered":"<p>Le MagSafe iPhone Stand est un support multifonctionnel avec une fixation magn\u00e9tique, une inclinaison ergonomique et un pied stable. Il offre s\u00e9curit\u00e9 et confort pendant le chargement et emp\u00eache de glisser sur le plateau de la table. Parfaitement positionn\u00e9 pour une utilisation confortable de l&#8217;iPhone et design intemporel.<\/p>\n","protected":false},"featured_media":72833,"comment_status":"open","ping_status":"closed","template":"","meta":{"_acf_changed":false},"product_brand":[3029],"product_cat":[962,945],"product_tag":[],"class_list":{"0":"post-95490","1":"product","2":"type-product","3":"status-publish","4":"has-post-thumbnail","6":"product_brand-oakywood","7":"product_cat-accessoires-de-charge","8":"product_cat-oakywood-fr-2","9":"product_shipping_class-colis-jusqua-2-kg","10":"pa_holz-bois-de-chene","11":"pa_holz-noir","12":"pa_holz-noyer","14":"first","15":"onbackorder","16":"taxable","17":"shipping-taxable","18":"purchasable","19":"product-type-variable"},"acf":[],"_links":{"self":[{"href":"https:\/\/one-horizon.ch\/fr\/wp-json\/wp\/v2\/product\/95490","targetHints":{"allow":["GET"]}}],"collection":[{"href":"https:\/\/one-horizon.ch\/fr\/wp-json\/wp\/v2\/product"}],"about":[{"href":"https:\/\/one-horizon.ch\/fr\/wp-json\/wp\/v2\/types\/product"}],"replies":[{"embeddable":true,"href":"https:\/\/one-horizon.ch\/fr\/wp-json\/wp\/v2\/comments?post=95490"}],"wp:featuredmedia":[{"embeddable":true,"href":"https:\/\/one-horizon.ch\/fr\/wp-json\/wp\/v2\/media\/72833"}],"wp:attachment":[{"href":"https:\/\/one-horizon.ch\/fr\/wp-json\/wp\/v2\/media?parent=95490"}],"wp:term":[{"taxonomy":"product_brand","embeddable":true,"href":"https:\/\/one-horizon.ch\/fr\/wp-json\/wp\/v2\/product_brand?post=95490"},{"taxonomy":"product_cat","embeddable":true,"href":"https:\/\/one-horizon.ch\/fr\/wp-json\/wp\/v2\/product_cat?post=95490"},{"taxonomy":"product_tag","embeddable":true,"href":"https:\/\/one-horizon.ch\/fr\/wp-json\/wp\/v2\/product_tag?post=95490"}],"curies":[{"name":"wp","href":"https:\/\/api.w.org\/{rel}","templated":true}]}}