{"id":95526,"date":"2024-02-08T22:52:32","date_gmt":"2024-02-08T21:52:32","guid":{"rendered":"https:\/\/one-horizon.ch\/product\/pochette-en-cuir\/"},"modified":"2026-03-30T00:08:06","modified_gmt":"2026-03-29T22:08:06","slug":"leder-pouch","status":"publish","type":"product","link":"https:\/\/one-horizon.ch\/fr\/product\/leder-pouch\/","title":{"rendered":"Pochette en cuir"},"content":{"rendered":"<p>Pour que votre stylo Stilform soit vraiment le compagnon id\u00e9al de tous les jours, nous avons con\u00e7u un \u00e9tui en cuir pour le ranger en toute s\u00e9curit\u00e9 lors de vos d\u00e9placements. La pochette en cuir est fabriqu\u00e9e en cuir premium tann\u00e9 aux plantes et constitue un compl\u00e9ment ad\u00e9quat pour prot\u00e9ger les pr\u00e9cieux outils d&#8217;\u00e9criture lors des d\u00e9placements &#8211; La pochette stilform est compatible avec tous les stylos.<\/p>\n","protected":false},"excerpt":{"rendered":"<p>La pochette stilform est un \u00e9tui en cuir de haute qualit\u00e9, fabriqu\u00e9 \u00e0 partir de cuir premium tann\u00e9 aux plantes, qui permet de ranger et de prot\u00e9ger votre stylo Stilform en toute s\u00e9curit\u00e9. Elle est compatible avec tous les stylos et constitue un compl\u00e9ment ad\u00e9quat pour les d\u00e9placements.<\/p>\n","protected":false},"featured_media":72509,"comment_status":"open","ping_status":"closed","template":"","meta":{"_acf_changed":false},"product_brand":[3044],"product_cat":[945],"product_tag":[],"class_list":{"0":"post-95526","1":"product","2":"type-product","3":"status-publish","4":"has-post-thumbnail","6":"product_brand-stilform","7":"product_cat-oakywood-fr-2","8":"product_shipping_class-petit-envoi","9":"pa_farbe-blanc","10":"pa_farbe-noir","12":"first","13":"instock","14":"taxable","15":"shipping-taxable","16":"purchasable","17":"product-type-variable"},"acf":[],"_links":{"self":[{"href":"https:\/\/one-horizon.ch\/fr\/wp-json\/wp\/v2\/product\/95526","targetHints":{"allow":["GET"]}}],"collection":[{"href":"https:\/\/one-horizon.ch\/fr\/wp-json\/wp\/v2\/product"}],"about":[{"href":"https:\/\/one-horizon.ch\/fr\/wp-json\/wp\/v2\/types\/product"}],"replies":[{"embeddable":true,"href":"https:\/\/one-horizon.ch\/fr\/wp-json\/wp\/v2\/comments?post=95526"}],"wp:featuredmedia":[{"embeddable":true,"href":"https:\/\/one-horizon.ch\/fr\/wp-json\/wp\/v2\/media\/72509"}],"wp:attachment":[{"href":"https:\/\/one-horizon.ch\/fr\/wp-json\/wp\/v2\/media?parent=95526"}],"wp:term":[{"taxonomy":"product_brand","embeddable":true,"href":"https:\/\/one-horizon.ch\/fr\/wp-json\/wp\/v2\/product_brand?post=95526"},{"taxonomy":"product_cat","embeddable":true,"href":"https:\/\/one-horizon.ch\/fr\/wp-json\/wp\/v2\/product_cat?post=95526"},{"taxonomy":"product_tag","embeddable":true,"href":"https:\/\/one-horizon.ch\/fr\/wp-json\/wp\/v2\/product_tag?post=95526"}],"curies":[{"name":"wp","href":"https:\/\/api.w.org\/{rel}","templated":true}]}}