{"id":95530,"date":"2024-02-08T22:52:33","date_gmt":"2024-02-08T21:52:33","guid":{"rendered":"https:\/\/one-horizon.ch\/product\/differentes-tablettes-de-nettoyage-multi-usages\/"},"modified":"2026-04-07T12:33:38","modified_gmt":"2026-04-07T10:33:38","slug":"differentes-tablettes-de-nettoyage-multi-usages","status":"publish","type":"product","link":"https:\/\/one-horizon.ch\/fr\/product\/differentes-tablettes-de-nettoyage-multi-usages\/","title":{"rendered":"Diff\u00e9rentes tablettes de nettoyage multi-usages"},"content":{"rendered":"<p>Tablette de recharge concentr\u00e9e \u00e0 usage multiple. Chaque tablette peut \u00eatre dissoute dans 500 ml d&#8217;eau pour cr\u00e9er un spray nettoyant multi-usages d\u00e9licieusement parfum\u00e9.<\/p>\n<\/p>\n<p>Vegan<\/p>\n<\/p>\n<p><strong>Compatible avec la plupart des pulv\u00e9risateurs<\/strong><\/p>\n","protected":false},"excerpt":{"rendered":"<p>Tablette de recharge concentr\u00e9e \u00e0 usage multiple. Chaque tablette peut \u00eatre dissoute dans 500 ml d&#8217;eau pour cr\u00e9er un spray nettoyant multi-usages d\u00e9licieusement parfum\u00e9. Vegan Compatible avec la plupart des pulv\u00e9risateurs<\/p>\n","protected":false},"featured_media":72629,"comment_status":"open","ping_status":"closed","template":"","meta":{"_acf_changed":false},"product_brand":[3026],"product_cat":[1392],"product_tag":[],"class_list":{"0":"post-95530","1":"product","2":"type-product","3":"status-publish","4":"has-post-thumbnail","6":"product_brand-nature-bee-clean","7":"product_cat-cuisine","8":"product_shipping_class-colis-jusqua-2-kg","9":"pa_duft-agrumes-doux","10":"pa_duft-bergamote-lime","11":"pa_duft-citron-frais","13":"first","14":"instock","15":"taxable","16":"shipping-taxable","17":"purchasable","18":"product-type-variable","19":"has-default-attributes"},"acf":[],"_links":{"self":[{"href":"https:\/\/one-horizon.ch\/fr\/wp-json\/wp\/v2\/product\/95530","targetHints":{"allow":["GET"]}}],"collection":[{"href":"https:\/\/one-horizon.ch\/fr\/wp-json\/wp\/v2\/product"}],"about":[{"href":"https:\/\/one-horizon.ch\/fr\/wp-json\/wp\/v2\/types\/product"}],"replies":[{"embeddable":true,"href":"https:\/\/one-horizon.ch\/fr\/wp-json\/wp\/v2\/comments?post=95530"}],"wp:featuredmedia":[{"embeddable":true,"href":"https:\/\/one-horizon.ch\/fr\/wp-json\/wp\/v2\/media\/72629"}],"wp:attachment":[{"href":"https:\/\/one-horizon.ch\/fr\/wp-json\/wp\/v2\/media?parent=95530"}],"wp:term":[{"taxonomy":"product_brand","embeddable":true,"href":"https:\/\/one-horizon.ch\/fr\/wp-json\/wp\/v2\/product_brand?post=95530"},{"taxonomy":"product_cat","embeddable":true,"href":"https:\/\/one-horizon.ch\/fr\/wp-json\/wp\/v2\/product_cat?post=95530"},{"taxonomy":"product_tag","embeddable":true,"href":"https:\/\/one-horizon.ch\/fr\/wp-json\/wp\/v2\/product_tag?post=95530"}],"curies":[{"name":"wp","href":"https:\/\/api.w.org\/{rel}","templated":true}]}}