{"id":95535,"date":"2024-02-08T22:52:33","date_gmt":"2024-02-08T21:52:33","guid":{"rendered":"https:\/\/one-horizon.ch\/product\/bougie-dans-un-verre-taupe\/"},"modified":"2026-04-07T12:33:36","modified_gmt":"2026-04-07T10:33:36","slug":"bougie-en-verre-taupe","status":"publish","type":"product","link":"https:\/\/one-horizon.ch\/fr\/product\/bougie-en-verre-taupe\/","title":{"rendered":"Bougie dans un verre &#8211; Taupe"},"content":{"rendered":"<p>Bougies en verre &#8211; en m\u00e9lange de 350g de cire pure de coco et de soja avec une m\u00e8che en bois extra large et \u00e9paisse et une dur\u00e9e de combustion de 50 heures et plus.<\/p>\n<p>Fabriqu\u00e9s dans l&#8217;atelier de Munich selon un proc\u00e9d\u00e9 de moulage long (24 heures), ils sont v\u00e9g\u00e9taliens, biod\u00e9gradables et le verre en c\u00e9ramique est r\u00e9utilisable.<\/p>\n<p>Emball\u00e9 dans un magnifique sac en velours cousu \u00e0 la main et de couleur assortie, nous restons fid\u00e8les \u00e0 notre principe : pas d&#8217;emballage ou un emballage r\u00e9utilisable.<\/p>\n<\/p>\n<p>Taille : 9x9x9,8cm<\/p>\n<p>Dur\u00e9e de combustion : environ 50 heures  <\/p>\n<\/p>\n<p><em>Veille \u00e0 ne jamais laisser les bougies allum\u00e9es sans surveillance ! Autres avertissements joints.<\/em><\/p>\n","protected":false},"excerpt":{"rendered":"<p>Bougie en verre : 350g de m\u00e9lange de cire de coco et de soja, m\u00e8che en bois extra large, 50+ heures de combustion. Fabriqu\u00e9 \u00e0 la main \u00e0 Munich, v\u00e9g\u00e9talien, biod\u00e9gradable. Verre en c\u00e9ramique r\u00e9utilisable, sac en velours cousu main.<\/p>\n","protected":false},"featured_media":72563,"comment_status":"open","ping_status":"closed","template":"","meta":{"_acf_changed":false},"product_brand":[2992],"product_cat":[989],"product_tag":[],"class_list":{"0":"post-95535","1":"product","2":"type-product","3":"status-publish","4":"has-post-thumbnail","6":"product_brand-by-vivi","7":"product_cat-bougies","8":"product_shipping_class-colis-jusqua-2-kg","10":"first","11":"outofstock","12":"taxable","13":"shipping-taxable","14":"purchasable","15":"product-type-simple"},"acf":[],"_links":{"self":[{"href":"https:\/\/one-horizon.ch\/fr\/wp-json\/wp\/v2\/product\/95535","targetHints":{"allow":["GET"]}}],"collection":[{"href":"https:\/\/one-horizon.ch\/fr\/wp-json\/wp\/v2\/product"}],"about":[{"href":"https:\/\/one-horizon.ch\/fr\/wp-json\/wp\/v2\/types\/product"}],"replies":[{"embeddable":true,"href":"https:\/\/one-horizon.ch\/fr\/wp-json\/wp\/v2\/comments?post=95535"}],"wp:featuredmedia":[{"embeddable":true,"href":"https:\/\/one-horizon.ch\/fr\/wp-json\/wp\/v2\/media\/72563"}],"wp:attachment":[{"href":"https:\/\/one-horizon.ch\/fr\/wp-json\/wp\/v2\/media?parent=95535"}],"wp:term":[{"taxonomy":"product_brand","embeddable":true,"href":"https:\/\/one-horizon.ch\/fr\/wp-json\/wp\/v2\/product_brand?post=95535"},{"taxonomy":"product_cat","embeddable":true,"href":"https:\/\/one-horizon.ch\/fr\/wp-json\/wp\/v2\/product_cat?post=95535"},{"taxonomy":"product_tag","embeddable":true,"href":"https:\/\/one-horizon.ch\/fr\/wp-json\/wp\/v2\/product_tag?post=95535"}],"curies":[{"name":"wp","href":"https:\/\/api.w.org\/{rel}","templated":true}]}}