{"id":95537,"date":"2024-02-08T22:52:08","date_gmt":"2024-02-08T21:52:08","guid":{"rendered":"https:\/\/one-horizon.ch\/product\/plateau-sticky-notes-oakyblocks\/"},"modified":"2026-03-30T00:08:12","modified_gmt":"2026-03-29T22:08:12","slug":"sticky-notes-tray-oakyblocks","status":"publish","type":"product","link":"https:\/\/one-horizon.ch\/fr\/product\/sticky-notes-tray-oakyblocks\/","title":{"rendered":"Plateau Sticky Notes (OakyBlocks)"},"content":{"rendered":"<p><strong>L&#8217;ordre en toute simplicit\u00e9<\/strong><\/p>\n<p>Avec le Sticky Notes Tray, vous disposez d&#8217;un plateau en bois pratique, sp\u00e9cialement con\u00e7u pour les notes autocollantes standard. Fini de ranger vos Sticky Notes dans des tiroirs &#8211; placez-les plut\u00f4t avec style sur ce plateau de bureau pour garder vos notes importantes \u00e0 port\u00e9e de main. Le Sticky Notes Tray peut \u00eatre utilis\u00e9 seul ou combin\u00e9 avec d&#8217;autres \u00e9l\u00e9ments OakyBlocks.<\/p>\n<\/p>\n<p><strong>Avec aimant int\u00e9gr\u00e9<\/strong><\/p>\n<p>Le Sticky Notes Tray est \u00e9quip\u00e9 d&#8217;aimants int\u00e9gr\u00e9s et permet une connexion transparente avec d&#8217;autres \u00e9l\u00e9ments OakyBlocks afin de cr\u00e9er des solutions d&#8217;organisation sur mesure.<\/p>\n<\/p>\n<p><strong>Approfondissement pratique<\/strong><\/p>\n<p>Un petit renfoncement sur un c\u00f4t\u00e9 facilite le retrait des notes et augmente la convivialit\u00e9 de cette tablette.<\/p>\n<\/p>\n<p><strong>Stabilit\u00e9 gr\u00e2ce au li\u00e8ge<\/strong><\/p>\n<p>Le dessous du bloc-notes est recouvert de li\u00e8ge afin d&#8217;\u00e9viter les rayures sur votre bureau et d&#8217;assurer une bonne prise en main.<\/p>\n<\/p>\n<p><strong>Comment fonctionnent les OakyBlocks<\/strong><\/p>\n<p>Le Sticky Notes Tray fait partie de la s\u00e9rie OakyBlocks, une collection d&#8217;accessoires en bois qui peuvent \u00eatre reli\u00e9s entre eux par des aimants. Cr\u00e9ez votre solution d&#8217;organisation personnalis\u00e9e avec diff\u00e9rents modules et tailles.<\/p>\n<\/p>\n<p><strong>Dimensions<\/strong><\/p>\n<p>Longueur : 9,5 cm<br \/>Largeur : 9,5 cm<br \/>Dimensions du renfoncement pour les notes : 7,6 cm x 7,6 cm<\/p>\n","protected":false},"excerpt":{"rendered":"<p>Le Sticky Notes Tray est un plateau en bois pratique pour les notes autocollantes, avec une cavit\u00e9 pratique, des aimants int\u00e9gr\u00e9s et un dessous recouvert de li\u00e8ge. Dimensions : 9,5 x 9,5 cm, creux : 7,6 x 7,6 cm. Combinez-le avec d&#8217;autres \u00e9l\u00e9ments OakyBlocks pour des solutions d&#8217;organisation personnalis\u00e9es.<\/p>\n","protected":false},"featured_media":72461,"comment_status":"open","ping_status":"closed","template":"","meta":{"_acf_changed":false},"product_brand":[3029],"product_cat":[945,1302],"product_tag":[],"class_list":{"0":"post-95537","1":"product","2":"type-product","3":"status-publish","4":"has-post-thumbnail","6":"product_brand-oakywood","7":"product_cat-oakywood-fr-2","8":"product_cat-rangement","9":"product_shipping_class-colis-jusqua-2-kg","10":"pa_holz-bois-de-chene","11":"pa_holz-noir","12":"pa_holz-noyer","14":"first","15":"outofstock","16":"taxable","17":"shipping-taxable","18":"purchasable","19":"product-type-variable"},"acf":[],"_links":{"self":[{"href":"https:\/\/one-horizon.ch\/fr\/wp-json\/wp\/v2\/product\/95537","targetHints":{"allow":["GET"]}}],"collection":[{"href":"https:\/\/one-horizon.ch\/fr\/wp-json\/wp\/v2\/product"}],"about":[{"href":"https:\/\/one-horizon.ch\/fr\/wp-json\/wp\/v2\/types\/product"}],"replies":[{"embeddable":true,"href":"https:\/\/one-horizon.ch\/fr\/wp-json\/wp\/v2\/comments?post=95537"}],"wp:featuredmedia":[{"embeddable":true,"href":"https:\/\/one-horizon.ch\/fr\/wp-json\/wp\/v2\/media\/72461"}],"wp:attachment":[{"href":"https:\/\/one-horizon.ch\/fr\/wp-json\/wp\/v2\/media?parent=95537"}],"wp:term":[{"taxonomy":"product_brand","embeddable":true,"href":"https:\/\/one-horizon.ch\/fr\/wp-json\/wp\/v2\/product_brand?post=95537"},{"taxonomy":"product_cat","embeddable":true,"href":"https:\/\/one-horizon.ch\/fr\/wp-json\/wp\/v2\/product_cat?post=95537"},{"taxonomy":"product_tag","embeddable":true,"href":"https:\/\/one-horizon.ch\/fr\/wp-json\/wp\/v2\/product_tag?post=95537"}],"curies":[{"name":"wp","href":"https:\/\/api.w.org\/{rel}","templated":true}]}}