{"id":95563,"date":"2024-02-08T22:52:58","date_gmt":"2024-02-08T21:52:58","guid":{"rendered":"https:\/\/one-horizon.ch\/product\/stylo-a-bille-en-aluminium\/"},"modified":"2026-04-07T23:04:21","modified_gmt":"2026-04-07T21:04:21","slug":"stylo-en-aluminium","status":"publish","type":"product","link":"https:\/\/one-horizon.ch\/fr\/product\/stylo-en-aluminium\/","title":{"rendered":"Stylo \u00e0 bille en aluminium"},"content":{"rendered":"<p><strong>Excellent stylo \u00e0 bille Stilform &#8211; Un chef-d&#8217;\u0153uvre en aluminium<\/strong><\/p>\n<p>Le stylo \u00e0 bille Stilform, fabriqu\u00e9 en aluminium de haute qualit\u00e9, est un compagnon d&#8217;\u00e9criture prim\u00e9 qui a d\u00e9j\u00e0 remport\u00e9 trois des prix de design les plus prestigieux au monde. Ce stylo exceptionnel a \u00e9t\u00e9 con\u00e7u pour immortaliser les moments importants avec style.<\/p>\n<p><strong>M\u00e9canisme magn\u00e9tique innovant<\/strong><\/p>\n<p>Le plaisir d&#8217;\u00e9crire commence par un simple d\u00e9placement du capuchon, ce qui active le stylo et le rend pr\u00eat \u00e0 \u00e9crire. Ce m\u00e9canisme unique repose sur un puissant aimant en n\u00e9odyme et conf\u00e8re au stylo \u00e0 bille Stilform sa position d&#8217;\u00e9criture et de repos distinctive.<\/p>\n<p><strong>Unique et fascinant<\/strong><\/p>\n<p>Le stylo \u00e0 bille en aluminium de Stilform attire le regard et suscite imm\u00e9diatement l&#8217;int\u00e9r\u00eat. Sa cr\u00e9ation a n\u00e9cessit\u00e9 plus d&#8217;un an de planification intensive, d&#8217;ing\u00e9nierie et d&#8217;artisanat.<\/p>\n<p><strong>Une excellente exp\u00e9rience d&#8217;\u00e9criture<\/strong><\/p>\n<p>En collaboration avec SCHMIDT Technology, un fabricant de mines allemand r\u00e9put\u00e9, nous avons d\u00e9velopp\u00e9 la mine Schmidt X Stilform de haute qualit\u00e9. Il combine les performances \u00e9prouv\u00e9es d&#8217;une mine de stylo \u00e0 bille traditionnelle avec la qualit\u00e9 d&#8217;\u00e9criture douce d&#8217;un roller.<\/p>\n","protected":false},"excerpt":{"rendered":"<p>Le stylo \u00e0 bille Stilform en aluminium est un chef-d&#8217;\u0153uvre prim\u00e9 qui s\u00e9duit par son m\u00e9canisme magn\u00e9tique innovant, son design unique et son exp\u00e9rience d&#8217;\u00e9criture exceptionnelle. D\u00e9velopp\u00e9 en collaboration avec SCHMIDT Technology pour une qualit\u00e9 d&#8217;\u00e9criture en douceur.<\/p>\n","protected":false},"featured_media":72751,"comment_status":"open","ping_status":"closed","template":"","meta":{"_acf_changed":false},"product_brand":[3044],"product_cat":[1279],"product_tag":[3292,3295],"class_list":{"0":"post-95563","1":"product","2":"type-product","3":"status-publish","4":"has-post-thumbnail","6":"product_brand-stilform","7":"product_cat-stylos","8":"product_tag-pour-lui","9":"product_tag-pour-vous","10":"product_shipping_class-colis-jusqua-2-kg","11":"pa_farbe-ciel-de-nuit","12":"pa_farbe-comet-grey-fr","13":"pa_farbe-lune-de-rose","14":"pa_farbe-vert-aurora","15":"pa_farbe-warp-black-fr","17":"first","18":"instock","19":"taxable","20":"shipping-taxable","21":"purchasable","22":"product-type-variable"},"acf":[],"_links":{"self":[{"href":"https:\/\/one-horizon.ch\/fr\/wp-json\/wp\/v2\/product\/95563","targetHints":{"allow":["GET"]}}],"collection":[{"href":"https:\/\/one-horizon.ch\/fr\/wp-json\/wp\/v2\/product"}],"about":[{"href":"https:\/\/one-horizon.ch\/fr\/wp-json\/wp\/v2\/types\/product"}],"replies":[{"embeddable":true,"href":"https:\/\/one-horizon.ch\/fr\/wp-json\/wp\/v2\/comments?post=95563"}],"wp:featuredmedia":[{"embeddable":true,"href":"https:\/\/one-horizon.ch\/fr\/wp-json\/wp\/v2\/media\/72751"}],"wp:attachment":[{"href":"https:\/\/one-horizon.ch\/fr\/wp-json\/wp\/v2\/media?parent=95563"}],"wp:term":[{"taxonomy":"product_brand","embeddable":true,"href":"https:\/\/one-horizon.ch\/fr\/wp-json\/wp\/v2\/product_brand?post=95563"},{"taxonomy":"product_cat","embeddable":true,"href":"https:\/\/one-horizon.ch\/fr\/wp-json\/wp\/v2\/product_cat?post=95563"},{"taxonomy":"product_tag","embeddable":true,"href":"https:\/\/one-horizon.ch\/fr\/wp-json\/wp\/v2\/product_tag?post=95563"}],"curies":[{"name":"wp","href":"https:\/\/api.w.org\/{rel}","templated":true}]}}