{"id":95576,"date":"2024-02-08T22:53:27","date_gmt":"2024-02-08T21:53:27","guid":{"rendered":"https:\/\/one-horizon.ch\/product\/acoustic\/"},"modified":"2026-04-28T16:08:56","modified_gmt":"2026-04-28T14:08:56","slug":"kreafunk-acoustic","status":"publish","type":"product","link":"https:\/\/one-horizon.ch\/fr\/product\/kreafunk-acoustic\/","title":{"rendered":"aCOUSTIC"},"content":{"rendered":"<p>Vous pouvez vous attendre \u00e0 de la musique jou\u00e9e dans toutes les directions, comme un carrousel musical. En outre, il supporte Stereo Play, qui vous permet de connecter deux haut-parleurs Kreafunk aCOUSTIC pour une exp\u00e9rience musicale st\u00e9r\u00e9o impressionnante. Vous aurez l&#8217;impression d&#8217;\u00eatre au premier rang de votre concert pr\u00e9f\u00e9r\u00e9. Gr\u00e2ce \u00e0 sa r\u00e9sistance \u00e0 l&#8217;eau, il est parfaitement adapt\u00e9 \u00e0 une utilisation dans la salle de bain, sur le balcon ou dans le jardin. Avec nos chargeurs Qi &#8211; wiCHARGE et wiCHARGE GO &#8211; vous pouvez m\u00eame le recharger sans fil. Profitez d&#8217;une grande musique pendant 30 heures avec une seule charge.<\/p>\n<p><strong>Temps de jeu et temps de chargement<\/strong><\/p>\n<p>Avec un temps de charge de 5-6 heures (USB-C)\/8-9 heures (Qi), aCOUSTIC peut jouer de la musique pendant 30 heures. Vous rechargez le haut-parleur \u00e0 l&#8217;aide du c\u00e2ble de recharge USB-C fourni ou via la recharge sans fil Qi.<\/p>\n<p><strong>Lecture st\u00e9r\u00e9o<\/strong><\/p>\n<p>La fonction Stereo Play (TWS) permet de connecter deux haut-parleurs aCOUSTIC et d&#8217;\u00e9couter de la musique en st\u00e9r\u00e9o.<\/p>\n<p><strong>Imperm\u00e9able \u00e0 l&#8217;eau<\/strong><\/p>\n<p>Le Kreafunk aCOUSTIC est con\u00e7u de mani\u00e8re \u00e0 \u00eatre \u00e9tanche (IPX5). Vous pouvez donc sans probl\u00e8me emporter le haut-parleur dans la salle de bain.<\/p>\n<p><strong>Caract\u00e9ristiques<\/strong><\/p>\n<ul>\n<li>Dimensions : 75,5*161,5 mm (\u00d8*H)<\/li>\n<li>Poids : 518g<\/li>\n<li>Haut-parleur : \u00d857 mm 4\u03a9 13W<\/li>\n<li>Dur\u00e9e de jeu : jusqu&#8217;\u00e0 30 heures<\/li>\n<li>Temps de recharge : 5-6 heures (USB) \/ 8-9 heures (Qi)<\/li>\n<li>C\u00e2ble de recharge inclus<\/li>\n<li>Lecture st\u00e9r\u00e9o (TWS)<\/li>\n<li>Assistant vocal<\/li>\n<li>Batterie au lithium int\u00e9gr\u00e9e de 7,4V, 2200mAh<\/li>\n<li>Bluetooth : version 5.0<\/li>\n<li>port\u00e9e : jusqu&#8217;\u00e0 10 m<\/li>\n<li>\u00c9tanche (IPX5)<\/li>\n<li>puissance d&#8217;entr\u00e9e : 5V \/ 1A<\/li>\n<\/ul>\n","protected":false},"excerpt":{"rendered":"<p>Le Kreafunk aCOUSTIC offre un son complet avec lecture st\u00e9r\u00e9o, est \u00e9tanche (IPX5) et rechargeable sans fil via USB-C ou Qi. Jusqu&#8217;\u00e0 30 heures de lecture, Bluetooth 5.0 &#8211; id\u00e9al pour la salle de bain, le balcon ou le jardin. <\/p>\n","protected":false},"featured_media":100455,"comment_status":"open","ping_status":"closed","template":"","meta":{"_acf_changed":false},"product_brand":[3016],"product_cat":[1023],"product_tag":[],"class_list":{"0":"post-95576","1":"product","2":"type-product","3":"status-publish","4":"has-post-thumbnail","6":"product_brand-kreafunk","7":"product_cat-haut-parleur","8":"product_shipping_class-colis-jusqua-2-kg","9":"pa_farbe-blanc","10":"pa_farbe-edition-noire","11":"pa_farbe-gris","12":"pa_farbe-noir","13":"pa_farbe-sable-divoire","14":"pa_farbe-urban-plum-fr","16":"first","17":"onbackorder","18":"taxable","19":"shipping-taxable","20":"purchasable","21":"product-type-variable"},"acf":[],"_links":{"self":[{"href":"https:\/\/one-horizon.ch\/fr\/wp-json\/wp\/v2\/product\/95576","targetHints":{"allow":["GET"]}}],"collection":[{"href":"https:\/\/one-horizon.ch\/fr\/wp-json\/wp\/v2\/product"}],"about":[{"href":"https:\/\/one-horizon.ch\/fr\/wp-json\/wp\/v2\/types\/product"}],"replies":[{"embeddable":true,"href":"https:\/\/one-horizon.ch\/fr\/wp-json\/wp\/v2\/comments?post=95576"}],"wp:featuredmedia":[{"embeddable":true,"href":"https:\/\/one-horizon.ch\/fr\/wp-json\/wp\/v2\/media\/100455"}],"wp:attachment":[{"href":"https:\/\/one-horizon.ch\/fr\/wp-json\/wp\/v2\/media?parent=95576"}],"wp:term":[{"taxonomy":"product_brand","embeddable":true,"href":"https:\/\/one-horizon.ch\/fr\/wp-json\/wp\/v2\/product_brand?post=95576"},{"taxonomy":"product_cat","embeddable":true,"href":"https:\/\/one-horizon.ch\/fr\/wp-json\/wp\/v2\/product_cat?post=95576"},{"taxonomy":"product_tag","embeddable":true,"href":"https:\/\/one-horizon.ch\/fr\/wp-json\/wp\/v2\/product_tag?post=95576"}],"curies":[{"name":"wp","href":"https:\/\/api.w.org\/{rel}","templated":true}]}}