{"id":95614,"date":"2024-02-08T22:53:53","date_gmt":"2024-02-08T21:53:53","guid":{"rendered":"https:\/\/one-horizon.ch\/product\/fan-de-bureau\/"},"modified":"2026-03-30T00:07:13","modified_gmt":"2026-03-29T22:07:13","slug":"qushini-desk-fan","status":"publish","type":"product","link":"https:\/\/one-horizon.ch\/fr\/product\/qushini-desk-fan\/","title":{"rendered":"Fan de bureau"},"content":{"rendered":"<p>VENTILATEURS PORTABLES QUSHINI. Couleurs pastel et lignes sobres caract\u00e9risent ces beaux accessoires fonctionnels et design de Qushini. Le ventilateur de table est un ventilateur l\u00e9ger et compact qui fonctionne partout : pas besoin de c\u00e2ble \u00e9lectrique !<\/p>\n<p>Il dispose d&#8217;une base stable qui \u00e9limine les vibrations ou le bruit ; le ventilateur de table est adapt\u00e9 \u00e0 une utilisation au bureau, dans la chambre \u00e0 coucher ou lors d&#8217;activit\u00e9s en plein air.<\/p>\n<p><strong>Caract\u00e9ristiques<\/strong><\/p>\n<ul>\n<li>3 Vitesse<\/li>\n<li>Direction r\u00e9glable<\/li>\n<li>22,5 de large x 17,5 de haut x 12,5 cm de profondeur.<\/li>\n<\/ul>\n","protected":false},"excerpt":{"rendered":"<p>Le ventilateur de table QUSHINI est l\u00e9ger, compact, de couleur pastel et d&#8217;un design simple. Aucun c\u00e2ble \u00e9lectrique n\u00e9cessaire, base stable, 3 vitesses, direction r\u00e9glable. Pour le bureau, la chambre \u00e0 coucher ou les activit\u00e9s de plein air.<\/p>\n","protected":false},"featured_media":73253,"comment_status":"open","ping_status":"closed","template":"","meta":{"_acf_changed":false},"product_brand":[3036],"product_cat":[1104],"product_tag":[],"class_list":{"0":"post-95614","1":"product","2":"type-product","3":"status-publish","4":"has-post-thumbnail","6":"product_brand-qushini","7":"product_cat-technique","8":"product_shipping_class-colis-jusqua-2-kg","10":"first","11":"outofstock","12":"taxable","13":"shipping-taxable","14":"purchasable","15":"product-type-variable","16":"has-default-attributes"},"acf":[],"_links":{"self":[{"href":"https:\/\/one-horizon.ch\/fr\/wp-json\/wp\/v2\/product\/95614","targetHints":{"allow":["GET"]}}],"collection":[{"href":"https:\/\/one-horizon.ch\/fr\/wp-json\/wp\/v2\/product"}],"about":[{"href":"https:\/\/one-horizon.ch\/fr\/wp-json\/wp\/v2\/types\/product"}],"replies":[{"embeddable":true,"href":"https:\/\/one-horizon.ch\/fr\/wp-json\/wp\/v2\/comments?post=95614"}],"wp:featuredmedia":[{"embeddable":true,"href":"https:\/\/one-horizon.ch\/fr\/wp-json\/wp\/v2\/media\/73253"}],"wp:attachment":[{"href":"https:\/\/one-horizon.ch\/fr\/wp-json\/wp\/v2\/media?parent=95614"}],"wp:term":[{"taxonomy":"product_brand","embeddable":true,"href":"https:\/\/one-horizon.ch\/fr\/wp-json\/wp\/v2\/product_brand?post=95614"},{"taxonomy":"product_cat","embeddable":true,"href":"https:\/\/one-horizon.ch\/fr\/wp-json\/wp\/v2\/product_cat?post=95614"},{"taxonomy":"product_tag","embeddable":true,"href":"https:\/\/one-horizon.ch\/fr\/wp-json\/wp\/v2\/product_tag?post=95614"}],"curies":[{"name":"wp","href":"https:\/\/api.w.org\/{rel}","templated":true}]}}