{"id":95617,"date":"2024-02-08T22:53:28","date_gmt":"2024-02-08T21:53:28","guid":{"rendered":"https:\/\/one-horizon.ch\/product\/bloc-de-yoga-en-liege\/"},"modified":"2026-03-30T00:03:32","modified_gmt":"2026-03-29T22:03:32","slug":"bloc-de-yoga-en-liege","status":"publish","type":"product","link":"https:\/\/one-horizon.ch\/fr\/product\/bloc-de-yoga-en-liege\/","title":{"rendered":"Bloc de yoga en li\u00e8ge"},"content":{"rendered":"<p>Trouvez votre \u00e9quilibre avec le Myga Cork Yoga Block. Fabriqu\u00e9 \u00e0 partir de l&#8217;\u00e9corce de l&#8217;arbre \u00e0 li\u00e8ge, cet accessoire est l&#8217;alternative \u00e9cologique parfaite et un moyen fantastique d&#8217;explorer de nouvelles poses et de profiter du confort de votre cabinet. Ce bloc convient aussi bien aux d\u00e9butants qu&#8217;aux yogis confirm\u00e9s. Il est fabriqu\u00e9 en li\u00e8ge solide, durable et renouvelable.<\/p>\n<p>Il offre une excellente traction, vous n&#8217;avez donc pas \u00e0 vous soucier des glissades accidentelles ! Le bloc de yoga en li\u00e8ge est un excellent accessoire pour les personnes bless\u00e9es ou souffrant d&#8217;autres handicaps physiques. Il aide \u00e0 prendre conscience de votre pr\u00e9cieux corps afin que vous puissiez ressentir l&#8217;engagement et le soutien musculaire n\u00e9cessaire.<\/p>\n<\/p>\n<p><strong>Caract\u00e9ristiques<\/strong><\/p>\n<ul>\n<li>Mat\u00e9riau : li\u00e8ge naturel<\/li>\n<li>Longueur : 14,5 cm, profondeur : 7 cm, hauteur : 22 cm<\/li>\n<li>poids : 750 g<\/li>\n<\/ul>\n","protected":false},"excerpt":{"rendered":"<p>Trouvez votre \u00e9quilibre avec le Myga Cork Yoga Block. Fabriqu\u00e9 \u00e0 partir de l&#8217;\u00e9corce de l&#8217;arbre \u00e0 li\u00e8ge, cet accessoire est l&#8217;alternative \u00e9cologique parfaite et un moyen fantastique d&#8217;explorer de nouvelles poses et de profiter du confort de votre cabinet. Ce bloc convient aussi bien aux d\u00e9butants qu&#8217;aux yogis confirm\u00e9s. Il est fabriqu\u00e9 en li\u00e8ge [&hellip;]<\/p>\n","protected":false},"featured_media":73049,"comment_status":"open","ping_status":"closed","template":"","meta":{"_acf_changed":false},"product_brand":[3117],"product_cat":[944],"product_tag":[],"class_list":{"0":"post-95617","1":"product","2":"type-product","3":"status-publish","4":"has-post-thumbnail","6":"product_brand-myga","7":"product_cat-sport-fr","8":"product_shipping_class-colis-jusqua-2-kg","9":"pa_anzahl-1-piece-fr","10":"pa_anzahl-2-pieces-10-de-reduction","11":"pa_anzahl-4-pieces-20-de-reduction","13":"first","14":"outofstock","15":"taxable","16":"shipping-taxable","17":"purchasable","18":"product-type-variable","19":"has-default-attributes"},"acf":[],"_links":{"self":[{"href":"https:\/\/one-horizon.ch\/fr\/wp-json\/wp\/v2\/product\/95617","targetHints":{"allow":["GET"]}}],"collection":[{"href":"https:\/\/one-horizon.ch\/fr\/wp-json\/wp\/v2\/product"}],"about":[{"href":"https:\/\/one-horizon.ch\/fr\/wp-json\/wp\/v2\/types\/product"}],"replies":[{"embeddable":true,"href":"https:\/\/one-horizon.ch\/fr\/wp-json\/wp\/v2\/comments?post=95617"}],"wp:featuredmedia":[{"embeddable":true,"href":"https:\/\/one-horizon.ch\/fr\/wp-json\/wp\/v2\/media\/73049"}],"wp:attachment":[{"href":"https:\/\/one-horizon.ch\/fr\/wp-json\/wp\/v2\/media?parent=95617"}],"wp:term":[{"taxonomy":"product_brand","embeddable":true,"href":"https:\/\/one-horizon.ch\/fr\/wp-json\/wp\/v2\/product_brand?post=95617"},{"taxonomy":"product_cat","embeddable":true,"href":"https:\/\/one-horizon.ch\/fr\/wp-json\/wp\/v2\/product_cat?post=95617"},{"taxonomy":"product_tag","embeddable":true,"href":"https:\/\/one-horizon.ch\/fr\/wp-json\/wp\/v2\/product_tag?post=95617"}],"curies":[{"name":"wp","href":"https:\/\/api.w.org\/{rel}","templated":true}]}}