{"id":95618,"date":"2024-02-08T22:53:26","date_gmt":"2024-02-08T21:53:26","guid":{"rendered":"https:\/\/one-horizon.ch\/product\/chandelier-classic\/"},"modified":"2026-04-20T01:06:11","modified_gmt":"2026-04-19T23:06:11","slug":"bougeoir-classic","status":"publish","type":"product","link":"https:\/\/one-horizon.ch\/fr\/product\/bougeoir-classic\/","title":{"rendered":"Chandelier Classic"},"content":{"rendered":"<p>Le bougeoir By Vivi Classic est le socle parfait pour les bougies \u00e0 tige &#8211; minimaliste, stable et disponible en deux couleurs \u00e9l\u00e9gantes.<\/p>\n<h2>Design &amp; ajustement<\/h2>\n<ul>\n<li><strong>Convient pour les :<\/strong> Bougies cylindriques de 2 \u00e0 2,2 cm de diam\u00e8tre<\/li>\n<li><strong>Fixation par adh\u00e9sif :<\/strong> Le plus s\u00fbr est d&#8217;utiliser des plaquettes de cire adh\u00e9sive.<\/li>\n<li><strong>Couleurs :<\/strong> Vieux rose, blanc<\/li>\n<li><strong>Origine :<\/strong> Con\u00e7u et assembl\u00e9 \u00e0 Munich<\/li>\n<\/ul>\n<h2>D\u00e9tails techniques<\/h2>\n<ul>\n<li>Taille : 12 x 12 x 3,5 cm<\/li>\n<li>Diam\u00e8tre de la bougie : 2-2,2 cm<\/li>\n<li>Livr\u00e9 sans emballage<\/li>\n<\/ul>\n","protected":false},"excerpt":{"rendered":"<p>By Vivi bougeoir Classic en m\u00e9tal pour bougies tige de 2-2,2 cm de diam\u00e8tre. Design simple et intemporel en vieux rose ou blanc, 12 x 12 x 3,5 cm. Les bougies Dip-Dye attirent ainsi tous les regards. Con\u00e7ues \u00e0 Munich.   <\/p>\n","protected":false},"featured_media":99897,"comment_status":"open","ping_status":"closed","template":"","meta":{"_acf_changed":false},"product_brand":[2992],"product_cat":[989,876],"product_tag":[3359,3369,3295],"class_list":{"0":"post-95618","1":"product","2":"type-product","3":"status-publish","4":"has-post-thumbnail","6":"product_brand-by-vivi","7":"product_cat-bougies","8":"product_cat-vivre","9":"product_tag-anniversaire","10":"product_tag-emmenagement","11":"product_tag-pour-vous","12":"product_shipping_class-colis-jusqua-2-kg","14":"first","15":"instock","16":"taxable","17":"shipping-taxable","18":"purchasable","19":"product-type-variable"},"acf":[],"_links":{"self":[{"href":"https:\/\/one-horizon.ch\/fr\/wp-json\/wp\/v2\/product\/95618","targetHints":{"allow":["GET"]}}],"collection":[{"href":"https:\/\/one-horizon.ch\/fr\/wp-json\/wp\/v2\/product"}],"about":[{"href":"https:\/\/one-horizon.ch\/fr\/wp-json\/wp\/v2\/types\/product"}],"replies":[{"embeddable":true,"href":"https:\/\/one-horizon.ch\/fr\/wp-json\/wp\/v2\/comments?post=95618"}],"wp:featuredmedia":[{"embeddable":true,"href":"https:\/\/one-horizon.ch\/fr\/wp-json\/wp\/v2\/media\/99897"}],"wp:attachment":[{"href":"https:\/\/one-horizon.ch\/fr\/wp-json\/wp\/v2\/media?parent=95618"}],"wp:term":[{"taxonomy":"product_brand","embeddable":true,"href":"https:\/\/one-horizon.ch\/fr\/wp-json\/wp\/v2\/product_brand?post=95618"},{"taxonomy":"product_cat","embeddable":true,"href":"https:\/\/one-horizon.ch\/fr\/wp-json\/wp\/v2\/product_cat?post=95618"},{"taxonomy":"product_tag","embeddable":true,"href":"https:\/\/one-horizon.ch\/fr\/wp-json\/wp\/v2\/product_tag?post=95618"}],"curies":[{"name":"wp","href":"https:\/\/api.w.org\/{rel}","templated":true}]}}