{"id":95620,"date":"2024-02-08T22:53:24","date_gmt":"2024-02-08T21:53:24","guid":{"rendered":"https:\/\/one-horizon.ch\/product\/organisateur-de-cles-cactus\/"},"modified":"2026-04-06T19:20:23","modified_gmt":"2026-04-06T17:20:23","slug":"orbitkey-cactus","status":"publish","type":"product","link":"https:\/\/one-horizon.ch\/fr\/product\/orbitkey-cactus\/","title":{"rendered":"Organisateur de cl\u00e9s Cactus"},"content":{"rendered":"<p><strong>Cuir innovant \u00e0 base de plantes<\/strong><br \/>\nLe cuir de cactus est une excellente alternative au cuir traditionnel, car il consomme moins d&#8217;\u00e9nergie et d&#8217;eau lors de sa fabrication. Contrairement aux autres cuirs synth\u00e9tiques, le cuir de cactus est fabriqu\u00e9 sans produits chimiques toxiques, phtalates ou PVC.<\/p>\n<p><strong>Force et beaut\u00e9 durables<\/strong><\/p>\n<p>\u00c0 l&#8217;instar de la capacit\u00e9 des cactus \u00e0 s&#8217;adapter et \u00e0 prosp\u00e9rer dans des environnements difficiles, le cuir de cactus Desserto\u00ae est solide, durable, imperm\u00e9able et pourtant doux au toucher.<\/p>\n<p><strong>Plus respectueux de l&#8217;environnement et de vos biens<\/strong><\/p>\n<p>Cactus qui ne vous pique pas et emp\u00eache m\u00eame vos cl\u00e9s de rayer votre t\u00e9l\u00e9phone et d&#8217;autres objets.<\/p>\n<p><strong>Emballage respectueux de l&#8217;environnement<\/strong><\/p>\n<p>Les organiseurs de cl\u00e9s en cuir de cactus sont emball\u00e9s dans des emballages en papier kraft imprim\u00e9s \u00e0 l&#8217;encre de soja &#8211; qui sont 100 % recyclables et plus respectueux de l&#8217;environnement.<\/p>\n<p><strong>Caract\u00e9ristiques<\/strong><\/p>\n<ul>\n<li>Transforme vos cl\u00e9s en une pile ordonn\u00e9e et silencieuse.<\/li>\n<li>Fabriqu\u00e9 en cuir de haute qualit\u00e9.<\/li>\n<li>M\u00e9canisme de fermeture s\u00fbr et prim\u00e9.<\/li>\n<li>Portez 2 \u00e0 7 cl\u00e9s standard avec des cl\u00e9s de voiture et des pendentifs sur l&#8217;anneau en D.<\/li>\n<li>Cuir de cactus Desserto\u00ae respectueux des v\u00e9g\u00e9taliens<\/li>\n<li>Emballages kraft imprim\u00e9s avec de l&#8217;encre de soja<\/li>\n<li>Durable et hydrofuge<\/li>\n<\/ul>\n","protected":false},"excerpt":{"rendered":"<p>Transformez vos cl\u00e9s en une pile silencieuse avec le gestionnaire de cl\u00e9s en cuir de cactus Orbitkey. En cuir de cactus Desserto\u00ae de qualit\u00e9 sup\u00e9rieure, respectueux des v\u00e9g\u00e9taliens, avec un m\u00e9canisme de fermeture prim\u00e9. Portez 2 \u00e0 7 cl\u00e9s et accessoires sans les rayer. Avec emballage \u00e9cologique.<\/p>\n","protected":false},"featured_media":72879,"comment_status":"open","ping_status":"closed","template":"","meta":{"_acf_changed":false},"product_brand":[3032],"product_cat":[3276],"product_tag":[],"class_list":{"0":"post-95620","1":"product","2":"type-product","3":"status-publish","4":"has-post-thumbnail","6":"product_brand-orbitkey","7":"product_cat-carry-essentials","8":"product_shipping_class-colis-jusqua-2-kg","9":"pa_farbe-lavande","10":"pa_farbe-navy-fr","11":"pa_farbe-noir","12":"pa_farbe-vert-cactus","14":"first","15":"instock","16":"taxable","17":"shipping-taxable","18":"purchasable","19":"product-type-variable"},"acf":[],"_links":{"self":[{"href":"https:\/\/one-horizon.ch\/fr\/wp-json\/wp\/v2\/product\/95620","targetHints":{"allow":["GET"]}}],"collection":[{"href":"https:\/\/one-horizon.ch\/fr\/wp-json\/wp\/v2\/product"}],"about":[{"href":"https:\/\/one-horizon.ch\/fr\/wp-json\/wp\/v2\/types\/product"}],"replies":[{"embeddable":true,"href":"https:\/\/one-horizon.ch\/fr\/wp-json\/wp\/v2\/comments?post=95620"}],"wp:featuredmedia":[{"embeddable":true,"href":"https:\/\/one-horizon.ch\/fr\/wp-json\/wp\/v2\/media\/72879"}],"wp:attachment":[{"href":"https:\/\/one-horizon.ch\/fr\/wp-json\/wp\/v2\/media?parent=95620"}],"wp:term":[{"taxonomy":"product_brand","embeddable":true,"href":"https:\/\/one-horizon.ch\/fr\/wp-json\/wp\/v2\/product_brand?post=95620"},{"taxonomy":"product_cat","embeddable":true,"href":"https:\/\/one-horizon.ch\/fr\/wp-json\/wp\/v2\/product_cat?post=95620"},{"taxonomy":"product_tag","embeddable":true,"href":"https:\/\/one-horizon.ch\/fr\/wp-json\/wp\/v2\/product_tag?post=95620"}],"curies":[{"name":"wp","href":"https:\/\/api.w.org\/{rel}","templated":true}]}}