{"id":95627,"date":"2024-02-08T22:53:53","date_gmt":"2024-02-08T21:53:53","guid":{"rendered":"https:\/\/one-horizon.ch\/product\/notabag-recycle-noir\/"},"modified":"2026-04-07T23:04:09","modified_gmt":"2026-04-07T21:04:09","slug":"notabag-recycled-black","status":"publish","type":"product","link":"https:\/\/one-horizon.ch\/fr\/product\/notabag-recycled-black\/","title":{"rendered":"Notabag recycl\u00e9 &#8211; Noir"},"content":{"rendered":"<p>Notabag Recycled &#8211; Ton partenaire de style de vie durable !<\/p>\n<p>Notre sac intelligent se transforme en un clin d&#8217;\u0153il en sac \u00e0 dos et contribue activement \u00e0 la pr\u00e9servation de la plan\u00e8te en recyclant 12 bouteilles en plastique. Fabriqu\u00e9 en polyester PET 100% recycl\u00e9, il est imperm\u00e9able, lavable en machine et peut supporter jusqu&#8217;\u00e0 20 kg.<\/p>\n<p>Lib\u00e8re tes mains et porte confortablement Notabag Recycled sur ton dos. Elle peut accueillir tous tes snacks ou livres pr\u00e9f\u00e9r\u00e9s et se plie facilement lorsque tu ne l&#8217;utilises pas.<\/p>\n<p>Notabag Recycled &#8211; Ta contribution \u00e0 un style de vie respectueux de l&#8217;environnement, \u00e0 la fois pratique et tendance.<\/p>\n","protected":false},"excerpt":{"rendered":"<p>Sac 2 en 1 en PET 100% recycl\u00e9 (12 bouteilles en plastique) &#8211; se transforme en sac \u00e0 dos en un clin d&#8217;\u0153il. Hydrofuge, lavable en machine, il peut supporter jusqu&#8217;\u00e0 20 kg et se plie de mani\u00e8re compacte. <\/p>\n","protected":false},"featured_media":100038,"comment_status":"open","ping_status":"closed","template":"","meta":{"_acf_changed":false},"product_brand":[3028],"product_cat":[1298],"product_tag":[3292,3295],"class_list":{"0":"post-95627","1":"product","2":"type-product","3":"status-publish","4":"has-post-thumbnail","6":"product_brand-notabag","7":"product_cat-sacs-a-provisions","8":"product_tag-pour-lui","9":"product_tag-pour-vous","10":"product_shipping_class-colis-jusqua-2-kg","12":"first","13":"outofstock","14":"taxable","15":"shipping-taxable","16":"purchasable","17":"product-type-simple"},"acf":[],"_links":{"self":[{"href":"https:\/\/one-horizon.ch\/fr\/wp-json\/wp\/v2\/product\/95627","targetHints":{"allow":["GET"]}}],"collection":[{"href":"https:\/\/one-horizon.ch\/fr\/wp-json\/wp\/v2\/product"}],"about":[{"href":"https:\/\/one-horizon.ch\/fr\/wp-json\/wp\/v2\/types\/product"}],"replies":[{"embeddable":true,"href":"https:\/\/one-horizon.ch\/fr\/wp-json\/wp\/v2\/comments?post=95627"}],"wp:featuredmedia":[{"embeddable":true,"href":"https:\/\/one-horizon.ch\/fr\/wp-json\/wp\/v2\/media\/100038"}],"wp:attachment":[{"href":"https:\/\/one-horizon.ch\/fr\/wp-json\/wp\/v2\/media?parent=95627"}],"wp:term":[{"taxonomy":"product_brand","embeddable":true,"href":"https:\/\/one-horizon.ch\/fr\/wp-json\/wp\/v2\/product_brand?post=95627"},{"taxonomy":"product_cat","embeddable":true,"href":"https:\/\/one-horizon.ch\/fr\/wp-json\/wp\/v2\/product_cat?post=95627"},{"taxonomy":"product_tag","embeddable":true,"href":"https:\/\/one-horizon.ch\/fr\/wp-json\/wp\/v2\/product_tag?post=95627"}],"curies":[{"name":"wp","href":"https:\/\/api.w.org\/{rel}","templated":true}]}}