{"id":95632,"date":"2024-02-08T22:53:26","date_gmt":"2024-02-08T21:53:26","guid":{"rendered":"https:\/\/one-horizon.ch\/product\/ulom-4-gris-charcoal\/"},"modified":"2026-04-20T01:06:46","modified_gmt":"2026-04-19T23:06:46","slug":"ulom-4-charcoal-grey-gris","status":"publish","type":"product","link":"https:\/\/one-horizon.ch\/fr\/product\/ulom-4-charcoal-grey-gris\/","title":{"rendered":"Ulom 4 &#8211; gris charcoal"},"content":{"rendered":"<p>Le sac \u00e0 dos pour ordinateur portable Ulom 4 &#8211; votre compagnon \u00e9l\u00e9gant !<\/p>\n<p>Que ce soit pour faire du shopping, lors de voyages en ville, au cin\u00e9ma ou au bureau, le sac \u00e0 dos pour ordinateur portable Ulom 4 est toujours le bon choix. Son design chic s&#8217;adapte \u00e0 toutes les occasions et son int\u00e9rieur spacieux en coton r\u00e9sistant prot\u00e8ge non seulement vos effets personnels, mais aussi votre ordinateur portable.<\/p>\n<p>Pourquoi vous allez adorer Ulom 4 :<br \/>\n&#8211; Un design styl\u00e9 qui s&#8217;adapte \u00e0 tous les looks.<br \/>\n&#8211; Un espace de rangement g\u00e9n\u00e9reux.<br \/>\n&#8211; Un rangement s\u00e9curis\u00e9 pour votre ordinateur portable.<br \/>\n&#8211; Toujours au top de sa forme, m\u00eame en charge l\u00e9g\u00e8re.<\/p>\n<p>Vous cherchez des produits lifestyle de qualit\u00e9, des id\u00e9es cadeaux tendance ou des cadeaux pratiques ? Le sac \u00e0 dos pour ordinateur portable Ulom 4 est la r\u00e9ponse. Un must-have absolu qui enrichira votre quotidien !<\/p>\n<p><strong>Caract\u00e9ristiques<\/strong><\/p>\n<ul>\n<li>Dimensions : H53 x P13 x L42 cm<\/li>\n<li>litres : 28,93<\/li>\n<li>poids : 1.09 kg<\/li>\n<li>Doublure : 100% coton r\u00e9sistant (fibre naturelle)<\/li>\n<li>Applications : cuir tann\u00e9 v\u00e9g\u00e9tal<\/li>\n<li>Housse ext\u00e9rieure : Canvas (coton &#8211; fibre naturelle), soft waxed (hydrofuge)<\/li>\n<li>fermeture \u00e9clair comme acc\u00e8s principal<\/li>\n<li>1 poign\u00e9e en coton (fibre naturelle)<\/li>\n<li>Bandouli\u00e8re : rembourr\u00e9e en toile (coton &#8211; fibre naturelle)<\/li>\n<li>Dos rembourr\u00e9<\/li>\n<li>Raccords : m\u00e9tal<\/li>\n<li>Int\u00e9rieur de la sacoche : Compartiment pour tablette pouvant accueillir jusqu&#8217;\u00e0 10,5 pouces<\/li>\n<li>compartiment pour ordinateur portable pouvant accueillir jusqu&#8217;\u00e0 15 pouces<\/li>\n<li>2 poches de rangement<\/li>\n<\/ul>\n","protected":false},"excerpt":{"rendered":"<p>Le Ulom 4 de Margelisch est en toile de coton 100% organique avec des d\u00e9tails en cuir tann\u00e9 aux plantes. Fabriqu\u00e9 \u00e0 la main au N\u00e9pal &#8211; Sac \u00e0 dos pour ordinateur portable en Charcoal\/gris. 53 x 13 x 42 cm, 28,9 l, 1,09 kg.  <\/p>\n","protected":false},"featured_media":100404,"comment_status":"open","ping_status":"closed","template":"","meta":{"_acf_changed":false},"product_brand":[3019],"product_cat":[867],"product_tag":[3295],"class_list":{"0":"post-95632","1":"product","2":"type-product","3":"status-publish","4":"has-post-thumbnail","6":"product_brand-margelisch","7":"product_cat-sacs-a-dos","8":"product_tag-pour-vous","9":"product_shipping_class-colis-jusqua-2-kg","11":"first","12":"onbackorder","13":"taxable","14":"shipping-taxable","15":"purchasable","16":"product-type-simple"},"acf":[],"_links":{"self":[{"href":"https:\/\/one-horizon.ch\/fr\/wp-json\/wp\/v2\/product\/95632","targetHints":{"allow":["GET"]}}],"collection":[{"href":"https:\/\/one-horizon.ch\/fr\/wp-json\/wp\/v2\/product"}],"about":[{"href":"https:\/\/one-horizon.ch\/fr\/wp-json\/wp\/v2\/types\/product"}],"replies":[{"embeddable":true,"href":"https:\/\/one-horizon.ch\/fr\/wp-json\/wp\/v2\/comments?post=95632"}],"wp:featuredmedia":[{"embeddable":true,"href":"https:\/\/one-horizon.ch\/fr\/wp-json\/wp\/v2\/media\/100404"}],"wp:attachment":[{"href":"https:\/\/one-horizon.ch\/fr\/wp-json\/wp\/v2\/media?parent=95632"}],"wp:term":[{"taxonomy":"product_brand","embeddable":true,"href":"https:\/\/one-horizon.ch\/fr\/wp-json\/wp\/v2\/product_brand?post=95632"},{"taxonomy":"product_cat","embeddable":true,"href":"https:\/\/one-horizon.ch\/fr\/wp-json\/wp\/v2\/product_cat?post=95632"},{"taxonomy":"product_tag","embeddable":true,"href":"https:\/\/one-horizon.ch\/fr\/wp-json\/wp\/v2\/product_tag?post=95632"}],"curies":[{"name":"wp","href":"https:\/\/api.w.org\/{rel}","templated":true}]}}