{"id":95660,"date":"2024-02-08T22:53:27","date_gmt":"2024-02-08T21:53:27","guid":{"rendered":"https:\/\/one-horizon.ch\/product\/verre-a-boire-set-de-2-selflove-noir\/"},"modified":"2026-04-03T12:14:40","modified_gmt":"2026-04-03T10:14:40","slug":"verre-2-set-selflove-noir","status":"publish","type":"product","link":"https:\/\/one-horizon.ch\/fr\/product\/verre-2-set-selflove-noir\/","title":{"rendered":"Verre \u00e0 boire &#8211; set de 2 &#8211; Selflove noir"},"content":{"rendered":"<p>D\u00e9couvre deux magnifiques verres \u00e0 boire cylindriques avec une impression noire sur la paroi du verre et une simple gravure en forme de hibou dans le fond. Les verres \u00e0 boire ont une paroi tr\u00e8s fine et sont donc super l\u00e9gers tout en \u00e9tant tr\u00e8s stables et empilables. C&#8217;est pr\u00e9cis\u00e9ment ce qui, associ\u00e9 \u00e0 un design minimaliste, la rend si particuli\u00e8re. L&#8217;un des verres est orn\u00e9 du slogan &#8220;Love yourself&#8221; et l&#8217;autre de l&#8217;inscription manuscrite &#8220;Me time&#8221;.<\/p>\n<p>Un verre \u00e0 eau, un verre \u00e0 cocktail, un verre \u00e0 dessert ou encore pour servir des fruits, des snacks ou des c\u00e9r\u00e9ales ! Les verres peuvent \u00eatre utilis\u00e9s de diff\u00e9rentes mani\u00e8res ! Un avantage tout particulier : les diff\u00e9rentes inscriptions sont super pour pouvoir mieux distinguer les boissons lors de la prochaine f\u00eate !<\/p>\n","protected":false},"excerpt":{"rendered":"<p>Verres \u00e0 boire \u00e0 parois fines de forme cylindrique avec les inscriptions &#8220;Love yourself&#8221; et &#8220;Me time&#8221; &#8211; l\u00e9gers, solides, empilables. Polyvalents, ils peuvent \u00eatre utilis\u00e9s comme verres \u00e0 eau, \u00e0 cocktail ou \u00e0 dessert. <\/p>\n","protected":false},"featured_media":72985,"comment_status":"open","ping_status":"closed","template":"","meta":{"_acf_changed":false},"product_brand":[3004],"product_cat":[1280],"product_tag":[],"class_list":{"0":"post-95660","1":"product","2":"type-product","3":"status-publish","4":"has-post-thumbnail","6":"product_brand-eulenschnitt","7":"product_cat-vaisselle","8":"product_shipping_class-colis-jusqua-2-kg","10":"first","11":"instock","12":"taxable","13":"shipping-taxable","14":"purchasable","15":"product-type-simple"},"acf":[],"_links":{"self":[{"href":"https:\/\/one-horizon.ch\/fr\/wp-json\/wp\/v2\/product\/95660","targetHints":{"allow":["GET"]}}],"collection":[{"href":"https:\/\/one-horizon.ch\/fr\/wp-json\/wp\/v2\/product"}],"about":[{"href":"https:\/\/one-horizon.ch\/fr\/wp-json\/wp\/v2\/types\/product"}],"replies":[{"embeddable":true,"href":"https:\/\/one-horizon.ch\/fr\/wp-json\/wp\/v2\/comments?post=95660"}],"wp:featuredmedia":[{"embeddable":true,"href":"https:\/\/one-horizon.ch\/fr\/wp-json\/wp\/v2\/media\/72985"}],"wp:attachment":[{"href":"https:\/\/one-horizon.ch\/fr\/wp-json\/wp\/v2\/media?parent=95660"}],"wp:term":[{"taxonomy":"product_brand","embeddable":true,"href":"https:\/\/one-horizon.ch\/fr\/wp-json\/wp\/v2\/product_brand?post=95660"},{"taxonomy":"product_cat","embeddable":true,"href":"https:\/\/one-horizon.ch\/fr\/wp-json\/wp\/v2\/product_cat?post=95660"},{"taxonomy":"product_tag","embeddable":true,"href":"https:\/\/one-horizon.ch\/fr\/wp-json\/wp\/v2\/product_tag?post=95660"}],"curies":[{"name":"wp","href":"https:\/\/api.w.org\/{rel}","templated":true}]}}