{"id":95687,"date":"2024-02-08T22:53:50","date_gmt":"2024-02-08T21:53:50","guid":{"rendered":"https:\/\/one-horizon.ch\/product\/plateau-de-chargement-oakyblocks\/"},"modified":"2026-04-07T12:34:05","modified_gmt":"2026-04-07T10:34:05","slug":"charging-pad-oakyblocks","status":"publish","type":"product","link":"https:\/\/one-horizon.ch\/fr\/product\/charging-pad-oakyblocks\/","title":{"rendered":"Plateau de chargement (OakyBlocks)"},"content":{"rendered":"<p><strong>Le chargement sans fil en toute simplicit\u00e9<\/strong><\/p>\n<p>Le Charging Pad d&#8217;Oakywood est une version compacte du c\u00e9l\u00e8bre chargeur sans fil et permet de charger sans fil les appareils qui prennent en charge la norme QI. Il se distingue par ses dimensions pratiques et peut \u00eatre combin\u00e9 sans probl\u00e8me avec d&#8217;autres modules OakyBlocks. Il suffit de poser l&#8217;appareil et de le charger pendant que tu connectes les \u00e9l\u00e9ments OakyBlocks \u00e0 ta guise.<\/p>\n<p>&nbsp;<\/p>\n<p><strong>Avec aimant int\u00e9gr\u00e9<\/strong><\/p>\n<p>Le Charging Pad est \u00e9quip\u00e9 d&#8217;aimants pour le relier de mani\u00e8re transparente aux autres \u00e9l\u00e9ments OakyBlocks et cr\u00e9er une station de recharge individuelle.<\/p>\n<p>&nbsp;<\/p>\n<p><strong>Chargement avec \u00e9tui<\/strong><\/p>\n<p>Notre station de charge sans fil permet de recharger les appareils, m\u00eame lorsqu&#8217;ils sont ins\u00e9r\u00e9s dans une coque d&#8217;une \u00e9paisseur maximale de 4 mm.<\/p>\n<p>&nbsp;<\/p>\n<p><strong>Le li\u00e8ge pour la protection et la stabilit\u00e9<\/strong><\/p>\n<p>Le dessous de la station de recharge est recouvert de li\u00e8ge pour garantir une bonne adh\u00e9rence sur le plateau de table et \u00e9viter les rayures.<\/p>\n<p>&nbsp;<\/p>\n<p><strong>Comment fonctionnent les OakyBlocks<\/strong><\/p>\n<p>Le Charging Pad fait partie de la s\u00e9rie OakyBlocks, une collection d&#8217;accessoires en bois qui peuvent \u00eatre reli\u00e9s entre eux par des aimants. Cr\u00e9e ta propre solution d&#8217;organisation avec diff\u00e9rents modules de diff\u00e9rentes tailles.<\/p>\n<p>&nbsp;<\/p>\n<p><strong>Dimensions<\/strong><\/p>\n<p>Longueur : 9.5 cm<br \/>Largeur : 9.5 cm<\/p>\n","protected":false},"excerpt":{"rendered":"<p>Le Oakywood Charging Pad est un chargeur QI compact et sans fil avec des aimants pour la connexion avec d&#8217;autres \u00e9l\u00e9ments OakyBlocks. Il permet de charger avec des enveloppes jusqu&#8217;\u00e0 4 mm et poss\u00e8de une face inf\u00e9rieure recouverte de li\u00e8ge. Id\u00e9al pour les solutions d&#8217;organisation individuelles.<\/p>\n","protected":false},"featured_media":73061,"comment_status":"open","ping_status":"closed","template":"","meta":{"_acf_changed":false},"product_brand":[3029],"product_cat":[1317],"product_tag":[],"class_list":{"0":"post-95687","1":"product","2":"type-product","3":"status-publish","4":"has-post-thumbnail","6":"product_brand-oakywood","7":"product_cat-recharge-sans-fil","8":"product_shipping_class-colis-jusqua-2-kg","9":"pa_holz-bois-de-chene","10":"pa_holz-noir","11":"pa_holz-noyer","13":"first","14":"onbackorder","15":"taxable","16":"shipping-taxable","17":"purchasable","18":"product-type-variable"},"acf":[],"_links":{"self":[{"href":"https:\/\/one-horizon.ch\/fr\/wp-json\/wp\/v2\/product\/95687","targetHints":{"allow":["GET"]}}],"collection":[{"href":"https:\/\/one-horizon.ch\/fr\/wp-json\/wp\/v2\/product"}],"about":[{"href":"https:\/\/one-horizon.ch\/fr\/wp-json\/wp\/v2\/types\/product"}],"replies":[{"embeddable":true,"href":"https:\/\/one-horizon.ch\/fr\/wp-json\/wp\/v2\/comments?post=95687"}],"wp:featuredmedia":[{"embeddable":true,"href":"https:\/\/one-horizon.ch\/fr\/wp-json\/wp\/v2\/media\/73061"}],"wp:attachment":[{"href":"https:\/\/one-horizon.ch\/fr\/wp-json\/wp\/v2\/media?parent=95687"}],"wp:term":[{"taxonomy":"product_brand","embeddable":true,"href":"https:\/\/one-horizon.ch\/fr\/wp-json\/wp\/v2\/product_brand?post=95687"},{"taxonomy":"product_cat","embeddable":true,"href":"https:\/\/one-horizon.ch\/fr\/wp-json\/wp\/v2\/product_cat?post=95687"},{"taxonomy":"product_tag","embeddable":true,"href":"https:\/\/one-horizon.ch\/fr\/wp-json\/wp\/v2\/product_tag?post=95687"}],"curies":[{"name":"wp","href":"https:\/\/api.w.org\/{rel}","templated":true}]}}