{"id":95690,"date":"2024-02-08T22:53:53","date_gmt":"2024-02-08T21:53:53","guid":{"rendered":"https:\/\/one-horizon.ch\/product\/sac-a-dos-niklas-asphalt-reflective\/"},"modified":"2026-04-04T18:37:30","modified_gmt":"2026-04-04T16:37:30","slug":"niklas-backpack-asphalt-reflective","status":"publish","type":"product","link":"https:\/\/one-horizon.ch\/fr\/product\/niklas-backpack-asphalt-reflective\/","title":{"rendered":"Sac \u00e0 dos Niklas &#8211; Asphalt Reflective"},"content":{"rendered":"<p>Le design arrondi donne de l&#8217;allure et le dos enti\u00e8rement rembourr\u00e9 apporte du confort : faites de votre trajet au travail ou \u00e0 l&#8217;universit\u00e9 une exp\u00e9rience agr\u00e9able avec Niklas et attirez tous les regards gr\u00e2ce \u00e0 des caract\u00e9ristiques sp\u00e9ciales comme la poche zipp\u00e9e soud\u00e9e avec rev\u00eatement PU et la boucle en aluminium.<\/p>\n<p>Ce sac \u00e0 dos conserve sa surface mate et d\u00e9cente pendant la journ\u00e9e, mais devient tr\u00e8s r\u00e9fl\u00e9chissant la nuit. Le mat\u00e9riau d\u00e9velopp\u00e9 par Ucon Acrobatics est \u00e9quip\u00e9 de billes de verre microscopiques qui renvoient la lumi\u00e8re \u00e0 la source, contribuant ainsi \u00e0 une s\u00e9curit\u00e9 suppl\u00e9mentaire lors de la pratique du v\u00e9lo ou de la course \u00e0 pied. Les sacs \u00e0 dos de la s\u00e9rie Phantom sont fabriqu\u00e9s \u00e0 partir d&#8217;une vingtaine de bouteilles en plastique, ce qui am\u00e9liore consid\u00e9rablement la durabilit\u00e9.<\/p>\n<p>En bouteilles PET recycl\u00e9es<\/p>\n<p><strong>Caract\u00e9ristiques<\/strong><\/p>\n<ul>\n<li>Fabriqu\u00e9 \u00e0 partir de notre tissu sp\u00e9cial ECO-RFLX-900<\/li>\n<li>Des billes de verre microscopiques r\u00e9fl\u00e9chissent la lumi\u00e8re et augmentent la visibilit\u00e9<\/li>\n<li>Fermeture par enroulement ou par rabat avec g-buckle et fermeture \u00e0 glissi\u00e8re cach\u00e9e<\/li>\n<li>Poign\u00e9e rembourr\u00e9e sur le roll-top<\/li>\n<li>D\u00e9pliable pour un volume maximal<\/li>\n<li>Acc\u00e8s rapide au compartiment principal gr\u00e2ce \u00e0 une fermeture \u00e9clair verticale<\/li>\n<li>La poche avant se ferme avec une fermeture \u00e9clair soud\u00e9e PU<\/li>\n<li>Compartiment pour ordinateur portable en n\u00e9opr\u00e8ne de haute qualit\u00e9 avec deux poches en mesh pour t\u00e9l\u00e9phone et porte-monnaie<\/li>\n<li>Poche int\u00e9rieure zipp\u00e9e<\/li>\n<li>Dos enti\u00e8rement rembourr\u00e9 pour plus de confort<\/li>\n<li>Les bretelles r\u00e9glables et rembourr\u00e9es garantissent une tenue confortable du sac \u00e0 dos<\/li>\n<li>Dessous rembourr\u00e9 pour plus de stabilit\u00e9<\/li>\n<li>Logo &#8216;Ucon Acrobatics&#8217; en relief sur le devant<\/li>\n<\/ul>\n","protected":false},"excerpt":{"rendered":"<p>Sac \u00e0 dos fabriqu\u00e9 \u00e0 partir de bouteilles en PET recycl\u00e9es et dot\u00e9 d&#8217;un mat\u00e9riau r\u00e9fl\u00e9chissant unique : discret le jour et tr\u00e8s r\u00e9fl\u00e9chissant la nuit. Fermeture \u00e0 enroulement, compartiment pour ordinateur portable et poche frontale soud\u00e9e en PU &#8211; s\u00fbr et \u00e9l\u00e9gant. <\/p>\n","protected":false},"featured_media":99870,"comment_status":"open","ping_status":"closed","template":"","meta":{"_acf_changed":false},"product_brand":[3047],"product_cat":[867],"product_tag":[],"class_list":{"0":"post-95690","1":"product","2":"type-product","3":"status-publish","4":"has-post-thumbnail","6":"product_brand-ucon-acrobatics","7":"product_cat-sacs-a-dos","8":"product_shipping_class-colis-jusqua-2-kg","10":"first","11":"instock","12":"taxable","13":"shipping-taxable","14":"purchasable","15":"product-type-simple"},"acf":[],"_links":{"self":[{"href":"https:\/\/one-horizon.ch\/fr\/wp-json\/wp\/v2\/product\/95690","targetHints":{"allow":["GET"]}}],"collection":[{"href":"https:\/\/one-horizon.ch\/fr\/wp-json\/wp\/v2\/product"}],"about":[{"href":"https:\/\/one-horizon.ch\/fr\/wp-json\/wp\/v2\/types\/product"}],"replies":[{"embeddable":true,"href":"https:\/\/one-horizon.ch\/fr\/wp-json\/wp\/v2\/comments?post=95690"}],"wp:featuredmedia":[{"embeddable":true,"href":"https:\/\/one-horizon.ch\/fr\/wp-json\/wp\/v2\/media\/99870"}],"wp:attachment":[{"href":"https:\/\/one-horizon.ch\/fr\/wp-json\/wp\/v2\/media?parent=95690"}],"wp:term":[{"taxonomy":"product_brand","embeddable":true,"href":"https:\/\/one-horizon.ch\/fr\/wp-json\/wp\/v2\/product_brand?post=95690"},{"taxonomy":"product_cat","embeddable":true,"href":"https:\/\/one-horizon.ch\/fr\/wp-json\/wp\/v2\/product_cat?post=95690"},{"taxonomy":"product_tag","embeddable":true,"href":"https:\/\/one-horizon.ch\/fr\/wp-json\/wp\/v2\/product_tag?post=95690"}],"curies":[{"name":"wp","href":"https:\/\/api.w.org\/{rel}","templated":true}]}}