{"id":95706,"date":"2024-02-08T22:53:25","date_gmt":"2024-02-08T21:53:25","guid":{"rendered":"https:\/\/one-horizon.ch\/product\/large-tray-oakyblocks\/"},"modified":"2026-03-30T00:03:47","modified_gmt":"2026-03-29T22:03:47","slug":"large-tray-oakyblocks","status":"publish","type":"product","link":"https:\/\/one-horizon.ch\/fr\/product\/large-tray-oakyblocks\/","title":{"rendered":"Large Tray (OakyBlocks)"},"content":{"rendered":"<p><strong>Organisation efficace du bureau avec le OakyBlocks Large Tray<\/strong><\/p>\n<p>Le OakyBlocks Large Tray est la solution id\u00e9ale pour garder les petits objets souvent \u00e9gar\u00e9s, comme les \u00e9couteurs, les cl\u00e9s ou les montres, parfaitement en ordre sur ton bureau. Cette tablette te permet de tout avoir \u00e0 port\u00e9e de main et d&#8217;organiser ton bureau de mani\u00e8re optimale. Utilise-le seul ou combine-le avec d&#8217;autres modules OakyBlocks pour une solution de rangement personnalis\u00e9e.<\/p>\n<p>&nbsp;<\/p>\n<p><strong>Aimant int\u00e9gr\u00e9 pour une disposition flexible<\/strong><\/p>\n<p>Gr\u00e2ce \u00e0 des aimants int\u00e9gr\u00e9s, le Large Tray peut \u00eatre facilement reli\u00e9 \u00e0 d&#8217;autres composants OakyBlocks afin de cr\u00e9er un agencement pratique et sur mesure.<\/p>\n<p>&nbsp;<\/p>\n<p><strong>Stabilit\u00e9 et protection de la surface<\/strong><\/p>\n<p>Le dessous du plateau est recouvert de li\u00e8ge, ce qui assure non seulement la stabilit\u00e9, mais \u00e9vite \u00e9galement d&#8217;endommager la surface.<\/p>\n<p>&nbsp;<\/p>\n<p><strong>Traitement de surface respectueux de l&#8217;environnement<\/strong><\/p>\n<p>La surface du plateau est trait\u00e9e avec des huiles de cire naturelles qui le prot\u00e8gent sans obstruer les pores du bois, garantissant ainsi une respiration optimale du bois.<\/p>\n<p>&nbsp;<\/p>\n<p><strong>Comment fonctionne OakyBlocks<\/strong><\/p>\n<p>Le Large Tray fait partie de la s\u00e9rie OakyBlocks, une collection d&#8217;accessoires en bois de diff\u00e9rents mod\u00e8les et tailles qui peuvent \u00eatre combin\u00e9s individuellement pour cr\u00e9er des organisateurs sur mesure. Chaque \u00e9l\u00e9ment dispose d&#8217;aimants int\u00e9gr\u00e9s qui permettent une connexion s\u00fbre entre eux.<\/p>\n<p>&nbsp;<\/p>\n<p><strong>Dimensions<\/strong><\/p>\n<p>Longueur : 19 cm<br \/>Largeur : 9.5 cm<br \/>Hauteur : 2 cm<\/p>\n","protected":false},"excerpt":{"rendered":"<p>OakyBlocks Large Tray pour une organisation efficace du bureau, garde les petits objets bien rang\u00e9s. Avec aimants int\u00e9gr\u00e9s, rev\u00eatement en li\u00e8ge et traitement de surface respectueux de l&#8217;environnement. Peut \u00eatre combin\u00e9 avec d&#8217;autres modules OakyBlocks.<\/p>\n","protected":false},"featured_media":72905,"comment_status":"open","ping_status":"closed","template":"","meta":{"_acf_changed":false},"product_brand":[3029],"product_cat":[945,876],"product_tag":[],"class_list":{"0":"post-95706","1":"product","2":"type-product","3":"status-publish","4":"has-post-thumbnail","6":"product_brand-oakywood","7":"product_cat-oakywood-fr-2","8":"product_cat-vivre","9":"product_shipping_class-colis-jusqua-2-kg","10":"pa_holz-bois-de-chene","11":"pa_holz-noir","12":"pa_holz-noyer","14":"first","15":"outofstock","16":"taxable","17":"shipping-taxable","18":"purchasable","19":"product-type-variable"},"acf":[],"_links":{"self":[{"href":"https:\/\/one-horizon.ch\/fr\/wp-json\/wp\/v2\/product\/95706","targetHints":{"allow":["GET"]}}],"collection":[{"href":"https:\/\/one-horizon.ch\/fr\/wp-json\/wp\/v2\/product"}],"about":[{"href":"https:\/\/one-horizon.ch\/fr\/wp-json\/wp\/v2\/types\/product"}],"replies":[{"embeddable":true,"href":"https:\/\/one-horizon.ch\/fr\/wp-json\/wp\/v2\/comments?post=95706"}],"wp:featuredmedia":[{"embeddable":true,"href":"https:\/\/one-horizon.ch\/fr\/wp-json\/wp\/v2\/media\/72905"}],"wp:attachment":[{"href":"https:\/\/one-horizon.ch\/fr\/wp-json\/wp\/v2\/media?parent=95706"}],"wp:term":[{"taxonomy":"product_brand","embeddable":true,"href":"https:\/\/one-horizon.ch\/fr\/wp-json\/wp\/v2\/product_brand?post=95706"},{"taxonomy":"product_cat","embeddable":true,"href":"https:\/\/one-horizon.ch\/fr\/wp-json\/wp\/v2\/product_cat?post=95706"},{"taxonomy":"product_tag","embeddable":true,"href":"https:\/\/one-horizon.ch\/fr\/wp-json\/wp\/v2\/product_tag?post=95706"}],"curies":[{"name":"wp","href":"https:\/\/api.w.org\/{rel}","templated":true}]}}