{"id":95709,"date":"2024-02-08T22:53:28","date_gmt":"2024-02-08T21:53:28","guid":{"rendered":"https:\/\/one-horizon.ch\/product\/phantomtour-paradise-planche-de-paddle-sur-pied\/"},"modified":"2026-03-30T00:03:35","modified_gmt":"2026-03-29T22:03:35","slug":"phantomtour-paradise-standup-paddleboard","status":"publish","type":"product","link":"https:\/\/one-horizon.ch\/fr\/product\/phantomtour-paradise-standup-paddleboard\/","title":{"rendered":"Phantomtour Paradise &#8211; Planche de paddle sur pied"},"content":{"rendered":"<p>Hurley PhantomTour 10&#8217;6&#8243;&nbsp;Planche de stand up paddle gonflable<\/p>\n<p>&nbsp;<\/p>\n<p><strong>Polyvalence compacte pour les passionn\u00e9s de sports nautiques<\/strong><\/p>\n<p>D\u00e9couvrez le Hurley PhantomTour 10&#8217;6&#8243;&nbsp;Inflatable Stand Up Paddle Board, le compagnon id\u00e9al pour tous ceux qui appr\u00e9cient la libert\u00e9 et le plaisir sur l&#8217;eau. Cette planche de SUP gonflable allie fonctionnalit\u00e9 pratique et esth\u00e9tique de qualit\u00e9. Elle convient parfaitement aux d\u00e9butants, aux pagayeurs confirm\u00e9s ainsi qu&#8217;aux pagayeurs plus lourds pesant jusqu&#8217;\u00e0 130 kg.<\/p>\n<p>&nbsp;<\/p>\n<p><strong>Construction de haute qualit\u00e9 et manipulation facile<\/strong><\/p>\n<p>Avec ses dimensions de 320 cm x 76 cm x 15 cm et un poids de seulement 13 kg, cette planche est un mod\u00e8le de mobilit\u00e9 et de stabilit\u00e9. Gr\u00e2ce \u00e0 la technologie de construction Pro-Laminate Fusion, il offre une rigidit\u00e9 in\u00e9gal\u00e9e et une capacit\u00e9 de charge suppl\u00e9mentaire. Il se gonfle \u00e0 15-17 PSI en seulement 10-15 minutes et offre une plateforme robuste pour vos aventures aquatiques.<\/p>\n<p>&nbsp;<\/p>\n<p><strong>Optimis\u00e9 pour le confort et le contr\u00f4le<\/strong><\/p>\n<p>La planche dispose d&#8217;un pont en EVA structur\u00e9 pour le grip et d&#8217;un kick pad pour des changements de pas rapides et un meilleur contr\u00f4le. Dot\u00e9 de deux ailerons fixes et d&#8217;un aileron amovible standard US, log\u00e9 dans une bo\u00eete \u00e0 ailerons transparente, il offre stabilit\u00e9 et maniabilit\u00e9. L&#8217;aileron peut \u00eatre facilement remplac\u00e9 pour s&#8217;adapter \u00e0 vos besoins.<\/p>\n<p>&nbsp;<\/p>\n<p><strong>\u00c9l\u00e9gant et pratique<\/strong><\/p>\n<p>La planche se caract\u00e9rise par un design en couleur 3D vivant, imprim\u00e9 num\u00e9riquement sur un mat\u00e9riau dropstitch double face. Un filet \u00e9lastique \u00e0 six anneaux offre un espace de rangement suppl\u00e9mentaire. L&#8217;ensemble, y compris la planche, le leash de la marque Hurley, la pompe et les palmes, peut \u00eatre rang\u00e9 dans un \u00e9l\u00e9gant sac \u00e0 dos \u00e9tanche de 120L, ce qui en fait le compagnon id\u00e9al pour les lacs, les rivi\u00e8res, les canaux et la mer.<\/p>\n","protected":false},"excerpt":{"rendered":"<p>Hurley PhantomTour 10&#8217;6&#8243; Inflatable SUP Board, id\u00e9al pour les passionn\u00e9s de sports nautiques, d\u00e9butants ou confirm\u00e9s, jusqu&#8217;\u00e0 130 kg. Pro-Laminate Fusion, pont structur\u00e9 Grip EVA, kick pad, 2 ailerons fixes &amp; 1 amovible, filet bungee \u00e0 six anneaux.<\/p>\n","protected":false},"featured_media":73033,"comment_status":"open","ping_status":"closed","template":"","meta":{"_acf_changed":false},"product_brand":[3120],"product_cat":[944],"product_tag":[],"class_list":{"0":"post-95709","1":"product","2":"type-product","3":"status-publish","4":"has-post-thumbnail","6":"product_brand-hurley","7":"product_cat-sport-fr","8":"product_shipping_class-colis-jusqua-10-kg","10":"first","11":"onbackorder","12":"taxable","13":"shipping-taxable","14":"purchasable","15":"product-type-simple"},"acf":[],"_links":{"self":[{"href":"https:\/\/one-horizon.ch\/fr\/wp-json\/wp\/v2\/product\/95709","targetHints":{"allow":["GET"]}}],"collection":[{"href":"https:\/\/one-horizon.ch\/fr\/wp-json\/wp\/v2\/product"}],"about":[{"href":"https:\/\/one-horizon.ch\/fr\/wp-json\/wp\/v2\/types\/product"}],"replies":[{"embeddable":true,"href":"https:\/\/one-horizon.ch\/fr\/wp-json\/wp\/v2\/comments?post=95709"}],"wp:featuredmedia":[{"embeddable":true,"href":"https:\/\/one-horizon.ch\/fr\/wp-json\/wp\/v2\/media\/73033"}],"wp:attachment":[{"href":"https:\/\/one-horizon.ch\/fr\/wp-json\/wp\/v2\/media?parent=95709"}],"wp:term":[{"taxonomy":"product_brand","embeddable":true,"href":"https:\/\/one-horizon.ch\/fr\/wp-json\/wp\/v2\/product_brand?post=95709"},{"taxonomy":"product_cat","embeddable":true,"href":"https:\/\/one-horizon.ch\/fr\/wp-json\/wp\/v2\/product_cat?post=95709"},{"taxonomy":"product_tag","embeddable":true,"href":"https:\/\/one-horizon.ch\/fr\/wp-json\/wp\/v2\/product_tag?post=95709"}],"curies":[{"name":"wp","href":"https:\/\/api.w.org\/{rel}","templated":true}]}}