{"id":95716,"date":"2024-02-08T22:53:51","date_gmt":"2024-02-08T21:53:51","guid":{"rendered":"https:\/\/one-horizon.ch\/product\/organisateur-cle-crazy-horse\/"},"modified":"2026-03-30T00:07:25","modified_gmt":"2026-03-29T22:07:25","slug":"orbitkey-crazy-horse","status":"publish","type":"product","link":"https:\/\/one-horizon.ch\/fr\/product\/orbitkey-crazy-horse\/","title":{"rendered":"Organisateur cl\u00e9 Crazy-Horse"},"content":{"rendered":"<p><strong>Mieux avec l&#8217;\u00e2ge<\/strong><\/p>\n<p>Cuir imitant le daim, qui a un aspect naturellement us\u00e9 et robuste au d\u00e9part et qui gagne en caract\u00e8re avec le temps, car le rev\u00eatement de cire absorbe les huiles naturelles.<\/p>\n<p><strong>Extr\u00eamement r\u00e9sistant et durable<\/strong><\/p>\n<p>La couche de cire appliqu\u00e9e sur le cuir vous permet d&#8217;effacer facilement les \u00e9raflures et les rayures l\u00e9g\u00e8res avec le doigt.<\/p>\n<p><strong>\u00c9vitez les rayures sur vos objets<\/strong><\/p>\n<p>Transportez vos cl\u00e9s, vos cl\u00e9s de voiture et vos accessoires sans rayer votre t\u00e9l\u00e9phone ou d&#8217;autres objets.<\/p>\n<p><strong>Caract\u00e9ristiques<\/strong><\/p>\n<ul>\n<li>Transforme vos cl\u00e9s en une pile ordonn\u00e9e et silencieuse.<\/li>\n<li>Fabriqu\u00e9 en cuir pleine fleur Crazy Horse<\/li>\n<li>M\u00e9canisme de fermeture s\u00fbr et prim\u00e9.<\/li>\n<li>Portez 2 \u00e0 7 cl\u00e9s standard avec des cl\u00e9s de voiture et des pendentifs sur l&#8217;anneau en D.<\/li>\n<\/ul>\n","protected":false},"excerpt":{"rendered":"<p>Transformez vos cl\u00e9s en une pile silencieuse avec le gestionnaire de cl\u00e9s Orbitkey Crazy-Horse. En cuir robuste Crazy Horse avec un m\u00e9canisme de fermeture prim\u00e9. Porte 2 \u00e0 7 cl\u00e9s standard ainsi que des cl\u00e9s de voiture et des pendentifs sur l&#8217;anneau en D, sans provoquer de rayures.<\/p>\n","protected":false},"featured_media":73177,"comment_status":"open","ping_status":"closed","template":"","meta":{"_acf_changed":false},"product_brand":[3032],"product_cat":[1310],"product_tag":[],"class_list":{"0":"post-95716","1":"product","2":"type-product","3":"status-publish","4":"has-post-thumbnail","6":"product_brand-orbitkey","7":"product_cat-accessoires-fr-2","8":"product_shipping_class-colis-jusqua-2-kg","9":"pa_farbe-bleu-marine","10":"pa_farbe-bois-flotte","11":"pa_farbe-chataigne","12":"pa_farbe-chene-brun","13":"pa_farbe-gris-acier","14":"pa_farbe-noir-obsidienne","15":"pa_farbe-rouge-erable","17":"first","18":"instock","19":"taxable","20":"shipping-taxable","21":"purchasable","22":"product-type-variable"},"acf":[],"_links":{"self":[{"href":"https:\/\/one-horizon.ch\/fr\/wp-json\/wp\/v2\/product\/95716","targetHints":{"allow":["GET"]}}],"collection":[{"href":"https:\/\/one-horizon.ch\/fr\/wp-json\/wp\/v2\/product"}],"about":[{"href":"https:\/\/one-horizon.ch\/fr\/wp-json\/wp\/v2\/types\/product"}],"replies":[{"embeddable":true,"href":"https:\/\/one-horizon.ch\/fr\/wp-json\/wp\/v2\/comments?post=95716"}],"wp:featuredmedia":[{"embeddable":true,"href":"https:\/\/one-horizon.ch\/fr\/wp-json\/wp\/v2\/media\/73177"}],"wp:attachment":[{"href":"https:\/\/one-horizon.ch\/fr\/wp-json\/wp\/v2\/media?parent=95716"}],"wp:term":[{"taxonomy":"product_brand","embeddable":true,"href":"https:\/\/one-horizon.ch\/fr\/wp-json\/wp\/v2\/product_brand?post=95716"},{"taxonomy":"product_cat","embeddable":true,"href":"https:\/\/one-horizon.ch\/fr\/wp-json\/wp\/v2\/product_cat?post=95716"},{"taxonomy":"product_tag","embeddable":true,"href":"https:\/\/one-horizon.ch\/fr\/wp-json\/wp\/v2\/product_tag?post=95716"}],"curies":[{"name":"wp","href":"https:\/\/api.w.org\/{rel}","templated":true}]}}