{"id":95750,"date":"2024-02-08T22:54:19","date_gmt":"2024-02-08T21:54:19","guid":{"rendered":"https:\/\/one-horizon.ch\/product\/organisateur-de-cles-waxed-canvas\/"},"modified":"2026-04-07T23:03:56","modified_gmt":"2026-04-07T21:03:56","slug":"orbitkey-waxed-canvas","status":"publish","type":"product","link":"https:\/\/one-horizon.ch\/fr\/product\/orbitkey-waxed-canvas\/","title":{"rendered":"Organisateur de cl\u00e9s Waxed Canvas"},"content":{"rendered":"<p><strong>150 ans : l&#8217;artisanat \u00e9cossais<\/strong><\/p>\n<p>Fabriqu\u00e9 \u00e0 partir de coton cir\u00e9 obtenu de mani\u00e8re durable par Halley Stevensons, un leader mondial et pionnier du coton cir\u00e9 et des tissus r\u00e9sistants aux intemp\u00e9ries depuis 1864.<\/p>\n<p><strong>R\u00e9sistant aux \u00e9l\u00e9ments<\/strong><\/p>\n<p>La nature imperm\u00e9able du tissu en fait le compagnon id\u00e9al de vos cl\u00e9s, o\u00f9 que vous alliez &#8211; et il est tr\u00e8s facile \u00e0 nettoyer.<\/p>\n<p><strong>\u00c9l\u00e9gance sans exp\u00e9rimentation animale<\/strong><\/p>\n<p>Ce tissu innovant est fabriqu\u00e9 \u00e0 partir de coton obtenu de mani\u00e8re durable et d&#8217;une cire sans animaux, compos\u00e9e d&#8217;un m\u00e9lange d&#8217;huiles v\u00e9g\u00e9tales naturelles et de d\u00e9chets plastiques.<\/p>\n<p><strong>Caract\u00e9ristiques<\/strong><\/p>\n<ul>\n<li>Transforme vos cl\u00e9s en une pile ordonn\u00e9e et silencieuse.<\/li>\n<li>Waxed Canvas &#8211; Fabriqu\u00e9 \u00e0 partir de 100% de coton BCI<\/li>\n<li>Pour 2 \u00e0 7 cl\u00e9s, plus les cl\u00e9s de voiture et le pendentif sur l&#8217;anneau en D.<\/li>\n<li>R\u00e9sistant \u00e0 l&#8217;eau<\/li>\n<li>M\u00e9canisme de fermeture s\u00fbr et prim\u00e9.<\/li>\n<li>Le poteau d&#8217;extension permet de fixer jusqu&#8217;\u00e0 11 cl\u00e9s standard.<\/li>\n<\/ul>\n","protected":false},"excerpt":{"rendered":"<p>Organiseur de cl\u00e9s Orbitkey en coton cir\u00e9 durable : Transformez vos cl\u00e9s en une pile bien ordonn\u00e9e. Fabriqu\u00e9 en coton 100% BCI pour une r\u00e9sistance aux \u00e9l\u00e9ments. Parfait pour 2 \u00e0 7 cl\u00e9s avec un design extensible jusqu&#8217;\u00e0 11 cl\u00e9s.<\/p>\n","protected":false},"featured_media":100017,"comment_status":"open","ping_status":"closed","template":"","meta":{"_acf_changed":false},"product_brand":[3032],"product_cat":[3276],"product_tag":[3292,3295],"class_list":{"0":"post-95750","1":"product","2":"type-product","3":"status-publish","4":"has-post-thumbnail","6":"product_brand-orbitkey","7":"product_cat-carry-essentials","8":"product_tag-pour-lui","9":"product_tag-pour-vous","10":"product_shipping_class-colis-jusqua-2-kg","11":"pa_farbe-bleu-marine-fr","12":"pa_farbe-brique-rouge","13":"pa_farbe-sable-dore","14":"pa_farbe-vert-kaki","16":"first","17":"outofstock","18":"taxable","19":"shipping-taxable","20":"purchasable","21":"product-type-variable","22":"has-default-attributes"},"acf":[],"_links":{"self":[{"href":"https:\/\/one-horizon.ch\/fr\/wp-json\/wp\/v2\/product\/95750","targetHints":{"allow":["GET"]}}],"collection":[{"href":"https:\/\/one-horizon.ch\/fr\/wp-json\/wp\/v2\/product"}],"about":[{"href":"https:\/\/one-horizon.ch\/fr\/wp-json\/wp\/v2\/types\/product"}],"replies":[{"embeddable":true,"href":"https:\/\/one-horizon.ch\/fr\/wp-json\/wp\/v2\/comments?post=95750"}],"wp:featuredmedia":[{"embeddable":true,"href":"https:\/\/one-horizon.ch\/fr\/wp-json\/wp\/v2\/media\/100017"}],"wp:attachment":[{"href":"https:\/\/one-horizon.ch\/fr\/wp-json\/wp\/v2\/media?parent=95750"}],"wp:term":[{"taxonomy":"product_brand","embeddable":true,"href":"https:\/\/one-horizon.ch\/fr\/wp-json\/wp\/v2\/product_brand?post=95750"},{"taxonomy":"product_cat","embeddable":true,"href":"https:\/\/one-horizon.ch\/fr\/wp-json\/wp\/v2\/product_cat?post=95750"},{"taxonomy":"product_tag","embeddable":true,"href":"https:\/\/one-horizon.ch\/fr\/wp-json\/wp\/v2\/product_tag?post=95750"}],"curies":[{"name":"wp","href":"https:\/\/api.w.org\/{rel}","templated":true}]}}