{"id":95756,"date":"2024-02-08T22:54:36","date_gmt":"2024-02-08T21:54:36","guid":{"rendered":"https:\/\/one-horizon.ch\/product\/pointe-graphite-aeon-pack-de-3\/"},"modified":"2026-03-30T00:21:12","modified_gmt":"2026-03-29T22:21:12","slug":"aeon-graphitspitze-3er-pack","status":"publish","type":"product","link":"https:\/\/one-horizon.ch\/fr\/product\/aeon-graphitspitze-3er-pack\/","title":{"rendered":"Pointe graphite AEON &#8211; pack de 3"},"content":{"rendered":"<p><span style=\"background-color: transparent; font-family: var(--wix-font-stack,'HelveticaNeueW01-55Roma','HelveticaNeueW02-55Roma','HelveticaNeueW10-55Roma',sans-serif);\">D\u00e9couvrez l&#8217;\u00e9criture classique avec la pointe graphite AEON en pack de 3. Des lignes sombres mais faciles \u00e0 effacer pour un plaisir d&#8217;\u00e9criture traditionnel.<\/span><\/p>\n","protected":false},"excerpt":{"rendered":"<p>D\u00e9couvrez l&#8217;\u00e9criture classique avec la pointe graphite AEON en pack de 3. Des lignes sombres mais faciles \u00e0 effacer pour un plaisir d&#8217;\u00e9criture traditionnel.<\/p>\n","protected":false},"featured_media":73801,"comment_status":"open","ping_status":"closed","template":"","meta":{"_acf_changed":false},"product_brand":[3044],"product_cat":[945],"product_tag":[],"class_list":{"0":"post-95756","1":"product","2":"type-product","3":"status-publish","4":"has-post-thumbnail","6":"product_brand-stilform","7":"product_cat-oakywood-fr-2","8":"product_shipping_class-petit-envoi","10":"first","11":"instock","12":"taxable","13":"shipping-taxable","14":"purchasable","15":"product-type-variable"},"acf":[],"_links":{"self":[{"href":"https:\/\/one-horizon.ch\/fr\/wp-json\/wp\/v2\/product\/95756","targetHints":{"allow":["GET"]}}],"collection":[{"href":"https:\/\/one-horizon.ch\/fr\/wp-json\/wp\/v2\/product"}],"about":[{"href":"https:\/\/one-horizon.ch\/fr\/wp-json\/wp\/v2\/types\/product"}],"replies":[{"embeddable":true,"href":"https:\/\/one-horizon.ch\/fr\/wp-json\/wp\/v2\/comments?post=95756"}],"wp:featuredmedia":[{"embeddable":true,"href":"https:\/\/one-horizon.ch\/fr\/wp-json\/wp\/v2\/media\/73801"}],"wp:attachment":[{"href":"https:\/\/one-horizon.ch\/fr\/wp-json\/wp\/v2\/media?parent=95756"}],"wp:term":[{"taxonomy":"product_brand","embeddable":true,"href":"https:\/\/one-horizon.ch\/fr\/wp-json\/wp\/v2\/product_brand?post=95756"},{"taxonomy":"product_cat","embeddable":true,"href":"https:\/\/one-horizon.ch\/fr\/wp-json\/wp\/v2\/product_cat?post=95756"},{"taxonomy":"product_tag","embeddable":true,"href":"https:\/\/one-horizon.ch\/fr\/wp-json\/wp\/v2\/product_tag?post=95756"}],"curies":[{"name":"wp","href":"https:\/\/api.w.org\/{rel}","templated":true}]}}