{"id":95780,"date":"2024-02-08T22:54:20","date_gmt":"2024-02-08T21:54:20","guid":{"rendered":"https:\/\/one-horizon.ch\/product\/ulom-4-denim-charcoal\/"},"modified":"2026-03-30T00:06:46","modified_gmt":"2026-03-29T22:06:46","slug":"ulom-4-denim-charcoal","status":"publish","type":"product","link":"https:\/\/one-horizon.ch\/fr\/product\/ulom-4-denim-charcoal\/","title":{"rendered":"Ulom 4 &#8211; denim-charcoal"},"content":{"rendered":"<p>Le sac \u00e0 dos pour ordinateur portable Ulom 4 &#8211; votre compagnon \u00e9l\u00e9gant !<\/p>\n<p>Que ce soit pour faire du shopping, lors de voyages en ville, au cin\u00e9ma ou au bureau, le sac \u00e0 dos pour ordinateur portable Ulom 4 est toujours le bon choix. Son design chic s&#8217;adapte \u00e0 toutes les occasions et son int\u00e9rieur spacieux en coton r\u00e9sistant prot\u00e8ge non seulement vos effets personnels, mais aussi votre ordinateur portable.<\/p>\n<p><strong>Pourquoi vous allez adorer Ulom 4<\/strong><\/p>\n<ul>\n<li>Un design styl\u00e9 pour tous les looks.<\/li>\n<li>Espace de rangement g\u00e9n\u00e9reux.<\/li>\n<li>Rangement s\u00e9curis\u00e9 pour ordinateur portable.<\/li>\n<li>Toujours au meilleur de sa forme, m\u00eame avec une charge l\u00e9g\u00e8re.<\/li>\n<\/ul>\n<p>Vous cherchez des produits lifestyle de qualit\u00e9, des id\u00e9es cadeaux tendance ou des cadeaux pratiques ? Le sac \u00e0 dos pour ordinateur portable Ulom 4 est la r\u00e9ponse. Un must-have absolu qui enrichira votre quotidien !<\/p>\n<p><strong>Caract\u00e9ristiques<\/strong><\/p>\n<ul>\n<li>Dimensions : H53 x P13 x L42 cm<\/li>\n<li>litres : 28,93<\/li>\n<li>poids : 1.09 kg<\/li>\n<li>Doublure : 100% coton r\u00e9sistant (fibre naturelle)<\/li>\n<li>Applications : cuir tann\u00e9 v\u00e9g\u00e9tal<\/li>\n<li>Housse ext\u00e9rieure : Canvas (coton &#8211; fibre naturelle), soft waxed (hydrofuge)<\/li>\n<li>fermeture \u00e9clair comme acc\u00e8s principal<\/li>\n<li>1 poign\u00e9e en coton (fibre naturelle)<\/li>\n<li>Bandouli\u00e8re : rembourr\u00e9e en toile (coton &#8211; fibre naturelle)<\/li>\n<li>Dos rembourr\u00e9<\/li>\n<li>Raccords : m\u00e9tal<\/li>\n<li>Int\u00e9rieur de la sacoche : Compartiment pour tablette pouvant accueillir jusqu&#8217;\u00e0 10,5 pouces<\/li>\n<li>compartiment pour ordinateur portable pouvant accueillir jusqu&#8217;\u00e0 15 pouces<\/li>\n<li>2 poches de rangement<\/li>\n<\/ul>\n","protected":false},"excerpt":{"rendered":"<p>Le sac \u00e0 dos pour ordinateur portable Ulom 4 &#8211; votre compagnon \u00e9l\u00e9gant ! Que ce soit pour faire du shopping, lors de voyages en ville, au cin\u00e9ma ou au bureau, le sac \u00e0 dos pour ordinateur portable Ulom 4 est toujours le bon choix. Son design chic s&#8217;adapte \u00e0 toutes les occasions et son [&hellip;]<\/p>\n","protected":false},"featured_media":99660,"comment_status":"open","ping_status":"closed","template":"","meta":{"_acf_changed":false},"product_brand":[3019],"product_cat":[867],"product_tag":[],"class_list":{"0":"post-95780","1":"product","2":"type-product","3":"status-publish","4":"has-post-thumbnail","6":"product_brand-margelisch","7":"product_cat-sacs-a-dos","8":"product_shipping_class-colis-jusqua-2-kg","10":"first","11":"onbackorder","12":"taxable","13":"shipping-taxable","14":"purchasable","15":"product-type-simple"},"acf":[],"_links":{"self":[{"href":"https:\/\/one-horizon.ch\/fr\/wp-json\/wp\/v2\/product\/95780","targetHints":{"allow":["GET"]}}],"collection":[{"href":"https:\/\/one-horizon.ch\/fr\/wp-json\/wp\/v2\/product"}],"about":[{"href":"https:\/\/one-horizon.ch\/fr\/wp-json\/wp\/v2\/types\/product"}],"replies":[{"embeddable":true,"href":"https:\/\/one-horizon.ch\/fr\/wp-json\/wp\/v2\/comments?post=95780"}],"wp:featuredmedia":[{"embeddable":true,"href":"https:\/\/one-horizon.ch\/fr\/wp-json\/wp\/v2\/media\/99660"}],"wp:attachment":[{"href":"https:\/\/one-horizon.ch\/fr\/wp-json\/wp\/v2\/media?parent=95780"}],"wp:term":[{"taxonomy":"product_brand","embeddable":true,"href":"https:\/\/one-horizon.ch\/fr\/wp-json\/wp\/v2\/product_brand?post=95780"},{"taxonomy":"product_cat","embeddable":true,"href":"https:\/\/one-horizon.ch\/fr\/wp-json\/wp\/v2\/product_cat?post=95780"},{"taxonomy":"product_tag","embeddable":true,"href":"https:\/\/one-horizon.ch\/fr\/wp-json\/wp\/v2\/product_tag?post=95780"}],"curies":[{"name":"wp","href":"https:\/\/api.w.org\/{rel}","templated":true}]}}