{"id":95794,"date":"2024-02-08T22:54:35","date_gmt":"2024-02-08T21:54:35","guid":{"rendered":"https:\/\/one-horizon.ch\/product\/bougie-en-beton-feuille-de-figuier-melon\/"},"modified":"2026-03-30T00:21:35","modified_gmt":"2026-03-29T22:21:35","slug":"bougie-en-beton-feuille-de-figuier-melon","status":"publish","type":"product","link":"https:\/\/one-horizon.ch\/fr\/product\/bougie-en-beton-feuille-de-figuier-melon\/","title":{"rendered":"Bougie en b\u00e9ton Feuille de figuier &amp; melon"},"content":{"rendered":"<p>Ce parfum est un m\u00e9lange frais et exaltant de melon avec les tons terreux des feuilles de figuier. Transportez vos sens avec cet ar\u00f4me relaxant. Une fois que vous avez br\u00fbl\u00e9 la bougie, le r\u00e9cipient en b\u00e9ton peut \u00eatre utilis\u00e9 comme jardini\u00e8re ou porte-plume.  <\/p>\n<\/p>\n<p><strong>Caract\u00e9ristiques<\/strong><\/p>\n<ul>\n<li>Dur\u00e9e de combustion d&#8217;environ 50 heures<\/li>\n<li>Ingr\u00e9dients : 95% cire de soja, 5% huile parfum\u00e9e<\/li>\n<li>Dimensions : hauteur 10,5 cm x largeur 9 cm x longueur 9 cm<\/li>\n<\/ul>\n<p><em>Ne laissez jamais des bougies allum\u00e9es sans surveillance !<\/em><\/p>\n","protected":false},"excerpt":{"rendered":"<p>Bougie parfum\u00e9e fruit\u00e9e : melon frais avec des tons de feuilles de figuier terreux. Un ar\u00f4me relaxant pour les sens. R\u00e9cipient en b\u00e9ton r\u00e9utilisable. Environ 50 heures de combustion. Dimensions : H10,5 cm x L9 cm x L9 cm.<\/p>\n","protected":false},"featured_media":73557,"comment_status":"open","ping_status":"closed","template":"","meta":{"_acf_changed":false},"product_brand":[3118],"product_cat":[989],"product_tag":[],"class_list":{"0":"post-95794","1":"product","2":"type-product","3":"status-publish","4":"has-post-thumbnail","6":"product_brand-chickidee-homeware-ltd","7":"product_cat-bougies","8":"product_shipping_class-colis-jusqua-2-kg","10":"first","11":"outofstock","12":"taxable","13":"shipping-taxable","14":"purchasable","15":"product-type-simple"},"acf":[],"_links":{"self":[{"href":"https:\/\/one-horizon.ch\/fr\/wp-json\/wp\/v2\/product\/95794","targetHints":{"allow":["GET"]}}],"collection":[{"href":"https:\/\/one-horizon.ch\/fr\/wp-json\/wp\/v2\/product"}],"about":[{"href":"https:\/\/one-horizon.ch\/fr\/wp-json\/wp\/v2\/types\/product"}],"replies":[{"embeddable":true,"href":"https:\/\/one-horizon.ch\/fr\/wp-json\/wp\/v2\/comments?post=95794"}],"wp:featuredmedia":[{"embeddable":true,"href":"https:\/\/one-horizon.ch\/fr\/wp-json\/wp\/v2\/media\/73557"}],"wp:attachment":[{"href":"https:\/\/one-horizon.ch\/fr\/wp-json\/wp\/v2\/media?parent=95794"}],"wp:term":[{"taxonomy":"product_brand","embeddable":true,"href":"https:\/\/one-horizon.ch\/fr\/wp-json\/wp\/v2\/product_brand?post=95794"},{"taxonomy":"product_cat","embeddable":true,"href":"https:\/\/one-horizon.ch\/fr\/wp-json\/wp\/v2\/product_cat?post=95794"},{"taxonomy":"product_tag","embeddable":true,"href":"https:\/\/one-horizon.ch\/fr\/wp-json\/wp\/v2\/product_tag?post=95794"}],"curies":[{"name":"wp","href":"https:\/\/api.w.org\/{rel}","templated":true}]}}