{"id":95811,"date":"2024-02-08T22:54:37","date_gmt":"2024-02-08T21:54:37","guid":{"rendered":"https:\/\/one-horizon.ch\/product\/post-it-horloge-et-tableau-daffichage\/"},"modified":"2026-03-30T00:20:58","modified_gmt":"2026-03-29T22:20:58","slug":"post-it-horloge-et-tableau-daffichage","status":"publish","type":"product","link":"https:\/\/one-horizon.ch\/fr\/product\/post-it-horloge-et-tableau-daffichage\/","title":{"rendered":"Post it (horloge et tableau d&#8217;affichage)"},"content":{"rendered":"<p>Post IT, horloge et tableau d&#8217;affichage, acier noir d\u00e9coup\u00e9 au laser, s\u00e9rigraphie \u00e0 la main<\/p>\n<\/p>\n<p><strong>Caract\u00e9ristiques<\/strong><\/p>\n<ul>\n<li>H100 cm, L30 cm<\/li>\n<li>Design : Carmine Sessa<\/li>\n<\/ul>\n","protected":false},"excerpt":{"rendered":"<p>Post IT, horloge et tableau d&#8217;affichage, acier noir d\u00e9coup\u00e9 au laser, s\u00e9rigraphie \u00e0 la main Caract\u00e9ristiques H100 cm, L30 cm Design : Carmine Sessa<\/p>\n","protected":false},"featured_media":73915,"comment_status":"open","ping_status":"closed","template":"","meta":{"_acf_changed":false},"product_brand":[3038],"product_cat":[876],"product_tag":[],"class_list":{"0":"post-95811","1":"product","2":"type-product","3":"status-publish","4":"has-post-thumbnail","6":"product_brand-raumgestalt","7":"product_cat-vivre","8":"product_shipping_class-colis-jusqua-2-kg","9":"pa_format-horizontal-fr","10":"pa_format-vertical-fr","12":"first","13":"onbackorder","14":"taxable","15":"shipping-taxable","16":"purchasable","17":"product-type-variable","18":"has-default-attributes"},"acf":[],"_links":{"self":[{"href":"https:\/\/one-horizon.ch\/fr\/wp-json\/wp\/v2\/product\/95811","targetHints":{"allow":["GET"]}}],"collection":[{"href":"https:\/\/one-horizon.ch\/fr\/wp-json\/wp\/v2\/product"}],"about":[{"href":"https:\/\/one-horizon.ch\/fr\/wp-json\/wp\/v2\/types\/product"}],"replies":[{"embeddable":true,"href":"https:\/\/one-horizon.ch\/fr\/wp-json\/wp\/v2\/comments?post=95811"}],"wp:featuredmedia":[{"embeddable":true,"href":"https:\/\/one-horizon.ch\/fr\/wp-json\/wp\/v2\/media\/73915"}],"wp:attachment":[{"href":"https:\/\/one-horizon.ch\/fr\/wp-json\/wp\/v2\/media?parent=95811"}],"wp:term":[{"taxonomy":"product_brand","embeddable":true,"href":"https:\/\/one-horizon.ch\/fr\/wp-json\/wp\/v2\/product_brand?post=95811"},{"taxonomy":"product_cat","embeddable":true,"href":"https:\/\/one-horizon.ch\/fr\/wp-json\/wp\/v2\/product_cat?post=95811"},{"taxonomy":"product_tag","embeddable":true,"href":"https:\/\/one-horizon.ch\/fr\/wp-json\/wp\/v2\/product_tag?post=95811"}],"curies":[{"name":"wp","href":"https:\/\/api.w.org\/{rel}","templated":true}]}}