{"id":95819,"date":"2024-02-08T22:54:35","date_gmt":"2024-02-08T21:54:35","guid":{"rendered":"https:\/\/one-horizon.ch\/product\/ravin-1-grey\/"},"modified":"2026-04-07T23:03:13","modified_gmt":"2026-04-07T21:03:13","slug":"ravin-1-grey","status":"publish","type":"product","link":"https:\/\/one-horizon.ch\/fr\/product\/ravin-1-grey\/","title":{"rendered":"Ravin 1 &#8211; grey"},"content":{"rendered":"<p>Le sac \u00e0 dos \u00e0 roulettes Ravin 1 attire tous les regards avec son design unique et son mat\u00e9riau en toile de haute qualit\u00e9. Sa fonction pratique de rolltop et sa coupe moderne le rendent polyvalent.<\/p>\n<p>\u00c0 l&#8217;int\u00e9rieur, du coton r\u00e9sistant te permet de ranger tes effets personnels et m\u00eame ton ordinateur portable en toute s\u00e9curit\u00e9. Ce produit lifestyle haut de gamme allie style et praticit\u00e9 et constitue une id\u00e9e de cadeau tendance parfaite pour toute occasion.<\/p>\n<p>D\u00e9couvre maintenant le Ravin 1, ton compagnon styl\u00e9 et fonctionnel. A-t-il ton attention ?<\/p>\n<p><strong>Caract\u00e9ristiques<\/strong><\/p>\n<ul>\n<li>Taille : H43 x P15 x L38 cm<\/li>\n<li>litres : 24,5<\/li>\n<li>poids : 1.2 kg<\/li>\n<li>Doublure : 100% coton r\u00e9sistant (fibre naturelle)<\/li>\n<li>Applications : cuir tann\u00e9 v\u00e9g\u00e9tal<\/li>\n<li>Housse ext\u00e9rieure : Canvas (fibre naturelle de coton), soft waxed (hydrofuge)<\/li>\n<li>Acc\u00e8s principal Rolltop avec crochets m\u00e9talliques \u00e0 fermeture rapide<\/li>\n<li>1 fermeture \u00e0 glissi\u00e8re au milieu pour faciliter l&#8217;acc\u00e8s<\/li>\n<li>1 compartiment zipp\u00e9 \u00e0 l&#8217;avant<\/li>\n<li>2 poches cousues sur le c\u00f4t\u00e9<\/li>\n<li>1 compartiment zipp\u00e9 \u00e0 l&#8217;arri\u00e8re<\/li>\n<li>1 poign\u00e9e en coton (fibre naturelle)<\/li>\n<li>Bandouli\u00e8re : rembourr\u00e9e en toile (fibre naturelle de coton)<\/li>\n<li>Dos rembourr\u00e9<\/li>\n<li>Raccords : m\u00e9tal<\/li>\n<li>Int\u00e9rieur : Compartiment pour ordinateur portable jusqu&#8217;\u00e0 14 pouces<\/li>\n<li>compartiment pour tablette pouvant accueillir jusqu&#8217;\u00e0 10,5 pouces<\/li>\n<li>2 poches de rangement<\/li>\n<\/ul>\n","protected":false},"excerpt":{"rendered":"<p>Le sac \u00e0 dos \u00e0 roulettes Ravin 1 attire tous les regards avec son design unique et son mat\u00e9riau en toile de haute qualit\u00e9. Sa fonction pratique de rolltop et sa coupe moderne le rendent polyvalent. \u00c0 l&#8217;int\u00e9rieur, du coton r\u00e9sistant te permet de ranger tes effets personnels et m\u00eame ton ordinateur portable en toute [&hellip;]<\/p>\n","protected":false},"featured_media":99834,"comment_status":"open","ping_status":"closed","template":"","meta":{"_acf_changed":false},"product_brand":[3019],"product_cat":[867],"product_tag":[3295],"class_list":{"0":"post-95819","1":"product","2":"type-product","3":"status-publish","4":"has-post-thumbnail","6":"product_brand-margelisch","7":"product_cat-sacs-a-dos","8":"product_tag-pour-vous","9":"product_shipping_class-colis-jusqua-2-kg","11":"first","12":"onbackorder","13":"taxable","14":"shipping-taxable","15":"purchasable","16":"product-type-simple"},"acf":[],"_links":{"self":[{"href":"https:\/\/one-horizon.ch\/fr\/wp-json\/wp\/v2\/product\/95819","targetHints":{"allow":["GET"]}}],"collection":[{"href":"https:\/\/one-horizon.ch\/fr\/wp-json\/wp\/v2\/product"}],"about":[{"href":"https:\/\/one-horizon.ch\/fr\/wp-json\/wp\/v2\/types\/product"}],"replies":[{"embeddable":true,"href":"https:\/\/one-horizon.ch\/fr\/wp-json\/wp\/v2\/comments?post=95819"}],"wp:featuredmedia":[{"embeddable":true,"href":"https:\/\/one-horizon.ch\/fr\/wp-json\/wp\/v2\/media\/99834"}],"wp:attachment":[{"href":"https:\/\/one-horizon.ch\/fr\/wp-json\/wp\/v2\/media?parent=95819"}],"wp:term":[{"taxonomy":"product_brand","embeddable":true,"href":"https:\/\/one-horizon.ch\/fr\/wp-json\/wp\/v2\/product_brand?post=95819"},{"taxonomy":"product_cat","embeddable":true,"href":"https:\/\/one-horizon.ch\/fr\/wp-json\/wp\/v2\/product_cat?post=95819"},{"taxonomy":"product_tag","embeddable":true,"href":"https:\/\/one-horizon.ch\/fr\/wp-json\/wp\/v2\/product_tag?post=95819"}],"curies":[{"name":"wp","href":"https:\/\/api.w.org\/{rel}","templated":true}]}}