{"id":95827,"date":"2024-02-08T22:54:19","date_gmt":"2024-02-08T21:54:19","guid":{"rendered":"https:\/\/one-horizon.ch\/product\/anneau-v2-orbitkey\/"},"modified":"2026-04-06T19:21:40","modified_gmt":"2026-04-06T17:21:40","slug":"orbitkey-ring-v2","status":"publish","type":"product","link":"https:\/\/one-horizon.ch\/fr\/product\/orbitkey-ring-v2\/","title":{"rendered":"Anneau V2 &#8211; Orbitkey"},"content":{"rendered":"<p><strong>La beaut\u00e9 est dans le d\u00e9tail<\/strong><\/p>\n<p>La forme sculpturale avec le bord poli miroir est un plaisir tant \u00e0 l&#8217;usage qu&#8217;\u00e0 l&#8217;observation.<\/p>\n<p>&nbsp;<\/p>\n<p><strong>Plus d&#8217;ongles cass\u00e9s<\/strong><\/p>\n<p>Tirez et tournez la fermeture rapide pour attacher ou d\u00e9tacher vos cl\u00e9s. C&#8217;est aussi simple que \u00e7a !<\/p>\n<p>&nbsp;<\/p>\n<p><strong>Ne portez que le strict n\u00e9cessaire sur vous<\/strong><\/p>\n<p>L&#8217;Orbitkey Ring V2 permet de retirer sans effort les cl\u00e9s inutilis\u00e9es et les objets superflus.<\/p>\n<p>&nbsp;<\/p>\n<p><strong>S&#8217;adapte \u00e0 la plupart des cl\u00e9s<\/strong><\/p>\n<p>Construction tout en m\u00e9tal, mince mais robuste. Compatible avec la plupart des cl\u00e9s et des porte-cl\u00e9s.<\/p>\n<p>&nbsp;<\/p>\n<p><strong>Fonctionne avec les organiseurs de cl\u00e9s Orbitkey<\/strong><\/p>\n<p>Utilisez-le avec votre Key Organiser pour transporter des cl\u00e9s suppl\u00e9mentaires, des porte-cl\u00e9s et des cl\u00e9s de voiture.<\/p>\n<p>&nbsp;<\/p>\n<p><strong>Caract\u00e9ristiques<\/strong><\/p>\n<ul>\n<li>Un anneau porte-cl\u00e9s V2 innovant et facile \u00e0 utiliser.<\/li>\n<li>Plus d&#8217;ongles cass\u00e9s gr\u00e2ce \u00e0 la fermeture rapide brevet\u00e9e.<\/li>\n<li>Le porte-cl\u00e9s ouvert permet d&#8217;ajouter ou d&#8217;enlever facilement des cl\u00e9s.<\/li>\n<li>Fabriqu\u00e9 en acier inoxydable durable.<\/li>\n<\/ul>\n","protected":false},"excerpt":{"rendered":"<p>Porte-cl\u00e9s mince en acier inoxydable avec fermeture rapide brevet\u00e9e &#8211; les cl\u00e9s s&#8217;accrochent et se d\u00e9crochent facilement, pas d&#8217;ongles cass\u00e9s. Compatible avec la plupart des cl\u00e9s et des organiseurs Orbitkey. <\/p>\n","protected":false},"featured_media":100476,"comment_status":"open","ping_status":"closed","template":"","meta":{"_acf_changed":false},"product_brand":[3032],"product_cat":[3276],"product_tag":[],"class_list":{"0":"post-95827","1":"product","2":"type-product","3":"status-publish","4":"has-post-thumbnail","6":"product_brand-orbitkey","7":"product_cat-carry-essentials","8":"product_shipping_class-petit-envoi","9":"pa_farbe-argent","10":"pa_farbe-noir","11":"pa_farbe-or","12":"pa_farbe-or-rose","14":"first","15":"instock","16":"taxable","17":"shipping-taxable","18":"purchasable","19":"product-type-variable","20":"has-default-attributes"},"acf":[],"_links":{"self":[{"href":"https:\/\/one-horizon.ch\/fr\/wp-json\/wp\/v2\/product\/95827","targetHints":{"allow":["GET"]}}],"collection":[{"href":"https:\/\/one-horizon.ch\/fr\/wp-json\/wp\/v2\/product"}],"about":[{"href":"https:\/\/one-horizon.ch\/fr\/wp-json\/wp\/v2\/types\/product"}],"replies":[{"embeddable":true,"href":"https:\/\/one-horizon.ch\/fr\/wp-json\/wp\/v2\/comments?post=95827"}],"wp:featuredmedia":[{"embeddable":true,"href":"https:\/\/one-horizon.ch\/fr\/wp-json\/wp\/v2\/media\/100476"}],"wp:attachment":[{"href":"https:\/\/one-horizon.ch\/fr\/wp-json\/wp\/v2\/media?parent=95827"}],"wp:term":[{"taxonomy":"product_brand","embeddable":true,"href":"https:\/\/one-horizon.ch\/fr\/wp-json\/wp\/v2\/product_brand?post=95827"},{"taxonomy":"product_cat","embeddable":true,"href":"https:\/\/one-horizon.ch\/fr\/wp-json\/wp\/v2\/product_cat?post=95827"},{"taxonomy":"product_tag","embeddable":true,"href":"https:\/\/one-horizon.ch\/fr\/wp-json\/wp\/v2\/product_tag?post=95827"}],"curies":[{"name":"wp","href":"https:\/\/api.w.org\/{rel}","templated":true}]}}