{"id":95840,"date":"2024-02-08T22:54:35","date_gmt":"2024-02-08T21:54:35","guid":{"rendered":"https:\/\/one-horizon.ch\/product\/memobottle-slim-etui-en-silicone-bleu-nuit\/"},"modified":"2026-04-07T23:04:06","modified_gmt":"2026-04-07T21:04:06","slug":"memobottle-slim-siliconhulle-bleu-nuit","status":"publish","type":"product","link":"https:\/\/one-horizon.ch\/fr\/product\/memobottle-slim-siliconhulle-bleu-nuit\/","title":{"rendered":"Memobottle Slim \u00e9tui en silicone bleu nuit"},"content":{"rendered":"<p>La housse en silicone memobottle donne de la personnalit\u00e9 \u00e0 votre memobottle tout en le prot\u00e9geant des petits chocs. Avec une surface lisse et mate et une isolation thermique suppl\u00e9mentaire, ils sont l&#8217;exemple parfait de la rencontre entre la forme et la fonction. La housse en silicone s&#8217;adapte comme un gant au Memobottle.<\/p>\n<p>&nbsp;<\/p>\n<p><strong>Caract\u00e9ristiques<\/strong><\/p>\n<ul>\n<li>Protection contre les chutes<\/li>\n<li>Isolation thermique<\/li>\n<li>Non toxique<\/li>\n<\/ul>\n","protected":false},"excerpt":{"rendered":"<p>Housse de protection en silicone pour Memobottle Slim en bleu nuit : surface mate, protection optimale contre les chutes, isolation thermique efficace, non toxique et ajustement parfait.<\/p>\n","protected":false},"featured_media":99924,"comment_status":"open","ping_status":"closed","template":"","meta":{"_acf_changed":false},"product_brand":[3022],"product_cat":[849],"product_tag":[3292,3295],"class_list":{"0":"post-95840","1":"product","2":"type-product","3":"status-publish","4":"has-post-thumbnail","6":"product_brand-memobottle","7":"product_cat-gourdes","8":"product_tag-pour-lui","9":"product_tag-pour-vous","10":"product_shipping_class-colis-jusqua-2-kg","12":"first","13":"outofstock","14":"taxable","15":"shipping-taxable","16":"purchasable","17":"product-type-simple"},"acf":[],"_links":{"self":[{"href":"https:\/\/one-horizon.ch\/fr\/wp-json\/wp\/v2\/product\/95840","targetHints":{"allow":["GET"]}}],"collection":[{"href":"https:\/\/one-horizon.ch\/fr\/wp-json\/wp\/v2\/product"}],"about":[{"href":"https:\/\/one-horizon.ch\/fr\/wp-json\/wp\/v2\/types\/product"}],"replies":[{"embeddable":true,"href":"https:\/\/one-horizon.ch\/fr\/wp-json\/wp\/v2\/comments?post=95840"}],"wp:featuredmedia":[{"embeddable":true,"href":"https:\/\/one-horizon.ch\/fr\/wp-json\/wp\/v2\/media\/99924"}],"wp:attachment":[{"href":"https:\/\/one-horizon.ch\/fr\/wp-json\/wp\/v2\/media?parent=95840"}],"wp:term":[{"taxonomy":"product_brand","embeddable":true,"href":"https:\/\/one-horizon.ch\/fr\/wp-json\/wp\/v2\/product_brand?post=95840"},{"taxonomy":"product_cat","embeddable":true,"href":"https:\/\/one-horizon.ch\/fr\/wp-json\/wp\/v2\/product_cat?post=95840"},{"taxonomy":"product_tag","embeddable":true,"href":"https:\/\/one-horizon.ch\/fr\/wp-json\/wp\/v2\/product_tag?post=95840"}],"curies":[{"name":"wp","href":"https:\/\/api.w.org\/{rel}","templated":true}]}}