{"id":95861,"date":"2024-02-08T22:54:38","date_gmt":"2024-02-08T21:54:38","guid":{"rendered":"https:\/\/one-horizon.ch\/product\/porte-etiquette-en-cuir-airtag-orbitkey\/"},"modified":"2026-04-07T23:03:09","modified_gmt":"2026-04-07T21:03:09","slug":"orbitkey-airtag-case-cuir","status":"publish","type":"product","link":"https:\/\/one-horizon.ch\/fr\/product\/orbitkey-airtag-case-cuir\/","title":{"rendered":"\u00c9tui en cuir Airtag &#8211; Orbitkey"},"content":{"rendered":"<p><strong>Innovant et facile \u00e0 utiliser<\/strong><\/p>\n<p>Notre m\u00e9canisme unique de d\u00e9gagement rapide (brevet en cours) et notre porte-cl\u00e9s ouvert vous permettent d&#8217;attacher (ou de d\u00e9tacher) facilement les cl\u00e9s ou de les faire passer \u00e0 travers tout ce que vous voulez suivre.<\/p>\n<p>&nbsp;<\/p>\n<p><strong>Une silhouette \u00e9lanc\u00e9e et raffin\u00e9e<\/strong><\/p>\n<p>Un porte-cl\u00e9s minimaliste et \u00e9l\u00e9gant en cuir de haute qualit\u00e9, obtenu de mani\u00e8re durable et certifi\u00e9 par le Leather Working Group, moul\u00e9 pour maintenir votre AirTag en toute s\u00e9curit\u00e9.<\/p>\n<p>&nbsp;<\/p>\n<p><strong>Choisissez votre page de pr\u00e9sentation<\/strong><\/p>\n<p>Votre AirTag peut \u00eatre ins\u00e9r\u00e9 dans l&#8217;\u00e9tui en cuir dans les deux sens, ce qui vous permet de choisir le c\u00f4t\u00e9 que vous souhaitez afficher.<\/p>\n<p>&nbsp;<\/p>\n<p><strong>L&#8217;am\u00e9nagement complet<\/strong><\/p>\n<p>Con\u00e7u pour fonctionner encore mieux avec votre organiseur \u00e0 cl\u00e9s &#8211; pour que vous puissiez dire adieu une fois pour toutes aux cl\u00e9s d\u00e9sordonn\u00e9es et bruyantes.<\/p>\n<p>&nbsp;<\/p>\n<p><strong>! !! Airtag non inclus !!!<\/strong><\/p>\n<p>&nbsp;<\/p>\n<p><strong>Caract\u00e9ristiques<\/strong><\/p>\n<ul>\n<li>L&#8217;\u00e9tui en cuir Orbitkey Airtag est un porte-cl\u00e9s \u00e9l\u00e9gant et facile \u00e0 utiliser pour votre AirTag.<\/li>\n<li>L&#8217;\u00e9tui en cuir de haute qualit\u00e9 maintient votre AirTag en s\u00e9curit\u00e9.<\/li>\n<li>S&#8217;attache facilement aux cl\u00e9s ou \u00e0 tout ce que tu veux suivre gr\u00e2ce au porte-cl\u00e9s rapide en attente de brevet.<\/li>\n<li>Fabriqu\u00e9 en cuir certifi\u00e9 LWG et en acier inoxydable r\u00e9sistant.<\/li>\n<\/ul>\n","protected":false},"excerpt":{"rendered":"<p>El\u00e9gant porte-cl\u00e9s pour votre AirTag. Cuir durable de haute qualit\u00e9 et acier inoxydable r\u00e9sistant. Porte-cl\u00e9s brevet\u00e9 \u00e0 fermeture rapide. Utilisation polyvalente. Compl\u00e9ment parfait pour votre organiseur \u00e0 cl\u00e9s. Airtag non inclus.<\/p>\n","protected":false},"featured_media":73925,"comment_status":"open","ping_status":"closed","template":"","meta":{"_acf_changed":false},"product_brand":[3032],"product_cat":[1370],"product_tag":[3292,3295],"class_list":{"0":"post-95861","1":"product","2":"type-product","3":"status-publish","4":"has-post-thumbnail","6":"product_brand-orbitkey","7":"product_cat-housses-airtag","8":"product_tag-pour-lui","9":"product_tag-pour-vous","10":"product_shipping_class-colis-jusqua-2-kg","12":"first","13":"outofstock","14":"taxable","15":"shipping-taxable","16":"purchasable","17":"product-type-variable","18":"has-default-attributes"},"acf":[],"_links":{"self":[{"href":"https:\/\/one-horizon.ch\/fr\/wp-json\/wp\/v2\/product\/95861","targetHints":{"allow":["GET"]}}],"collection":[{"href":"https:\/\/one-horizon.ch\/fr\/wp-json\/wp\/v2\/product"}],"about":[{"href":"https:\/\/one-horizon.ch\/fr\/wp-json\/wp\/v2\/types\/product"}],"replies":[{"embeddable":true,"href":"https:\/\/one-horizon.ch\/fr\/wp-json\/wp\/v2\/comments?post=95861"}],"wp:featuredmedia":[{"embeddable":true,"href":"https:\/\/one-horizon.ch\/fr\/wp-json\/wp\/v2\/media\/73925"}],"wp:attachment":[{"href":"https:\/\/one-horizon.ch\/fr\/wp-json\/wp\/v2\/media?parent=95861"}],"wp:term":[{"taxonomy":"product_brand","embeddable":true,"href":"https:\/\/one-horizon.ch\/fr\/wp-json\/wp\/v2\/product_brand?post=95861"},{"taxonomy":"product_cat","embeddable":true,"href":"https:\/\/one-horizon.ch\/fr\/wp-json\/wp\/v2\/product_cat?post=95861"},{"taxonomy":"product_tag","embeddable":true,"href":"https:\/\/one-horizon.ch\/fr\/wp-json\/wp\/v2\/product_tag?post=95861"}],"curies":[{"name":"wp","href":"https:\/\/api.w.org\/{rel}","templated":true}]}}