{"id":95873,"date":"2024-02-08T22:54:20","date_gmt":"2024-02-08T21:54:20","guid":{"rendered":"https:\/\/one-horizon.ch\/product\/bloc-notes-lovenail\/"},"modified":"2026-03-30T00:06:55","modified_gmt":"2026-03-29T22:06:55","slug":"bloc-notes-lovenail","status":"publish","type":"product","link":"https:\/\/one-horizon.ch\/fr\/product\/bloc-notes-lovenail\/","title":{"rendered":"Bloc-notes LoveNail"},"content":{"rendered":"<p>LoveLetter M\u00e9mo<\/p>\n<p>clou\u00e9 avec un LoveNail sur un bloc de ch\u00eane (10 x 10 cm)<\/p>\n<\/p>\n<p>Blocs de rechange disponibles.<\/p>\n","protected":false},"excerpt":{"rendered":"<p>LoveLetter M\u00e9mo clou\u00e9 avec un LoveNail sur un bloc de ch\u00eane (10 x 10 cm) Blocs de rechange disponibles.<\/p>\n","protected":false},"featured_media":73475,"comment_status":"open","ping_status":"closed","template":"","meta":{"_acf_changed":false},"product_brand":[3038],"product_cat":[876],"product_tag":[],"class_list":{"0":"post-95873","1":"product","2":"type-product","3":"status-publish","4":"has-post-thumbnail","6":"product_brand-raumgestalt","7":"product_cat-vivre","8":"product_shipping_class-colis-jusqua-2-kg","10":"first","11":"outofstock","12":"taxable","13":"shipping-taxable","14":"purchasable","15":"product-type-simple"},"acf":[],"_links":{"self":[{"href":"https:\/\/one-horizon.ch\/fr\/wp-json\/wp\/v2\/product\/95873","targetHints":{"allow":["GET"]}}],"collection":[{"href":"https:\/\/one-horizon.ch\/fr\/wp-json\/wp\/v2\/product"}],"about":[{"href":"https:\/\/one-horizon.ch\/fr\/wp-json\/wp\/v2\/types\/product"}],"replies":[{"embeddable":true,"href":"https:\/\/one-horizon.ch\/fr\/wp-json\/wp\/v2\/comments?post=95873"}],"wp:featuredmedia":[{"embeddable":true,"href":"https:\/\/one-horizon.ch\/fr\/wp-json\/wp\/v2\/media\/73475"}],"wp:attachment":[{"href":"https:\/\/one-horizon.ch\/fr\/wp-json\/wp\/v2\/media?parent=95873"}],"wp:term":[{"taxonomy":"product_brand","embeddable":true,"href":"https:\/\/one-horizon.ch\/fr\/wp-json\/wp\/v2\/product_brand?post=95873"},{"taxonomy":"product_cat","embeddable":true,"href":"https:\/\/one-horizon.ch\/fr\/wp-json\/wp\/v2\/product_cat?post=95873"},{"taxonomy":"product_tag","embeddable":true,"href":"https:\/\/one-horizon.ch\/fr\/wp-json\/wp\/v2\/product_tag?post=95873"}],"curies":[{"name":"wp","href":"https:\/\/api.w.org\/{rel}","templated":true}]}}