{"id":95876,"date":"2024-02-08T22:56:33","date_gmt":"2024-02-08T21:56:33","guid":{"rendered":"https:\/\/one-horizon.ch\/product\/skeppshult-moulin-a-epices-en-fonte\/"},"modified":"2026-04-07T12:15:55","modified_gmt":"2026-04-07T10:15:55","slug":"skeppshult-wurzmuhle-en-fonte","status":"publish","type":"product","link":"https:\/\/one-horizon.ch\/fr\/product\/skeppshult-wurzmuhle-en-fonte\/","title":{"rendered":"Skeppshult &#8211; Moulin \u00e0 \u00e9pices en fonte"},"content":{"rendered":"<p>Moulin \u00e0 \u00e9pices en fonte : La solution id\u00e9ale pour moudre les \u00e9pices s\u00e8ches comme les grains de poivre, le garam masala et bien d&#8217;autres. Ces moulins pratiques et magnifiques sont fabriqu\u00e9s en Su\u00e8de dans une fonderie Skeppshult vieille de plus de 100 ans. Gr\u00e2ce \u00e0 l&#8217;expertise de Skeppshult, vous obtenez des ustensiles de cuisine en fonte de haute qualit\u00e9, fa\u00e7onn\u00e9s et form\u00e9s pour durer. Les moules \u00e0 sable sont recycl\u00e9s de mani\u00e8re durable apr\u00e8s une seule utilisation. Avec des accents de noyer europ\u00e9en, ces moulins \u00e0 \u00e9pices sont des objets d&#8217;h\u00e9ritage fonctionnels. Conseil d&#8217;entretien : n&#8217;utilisez que des \u00e9pices s\u00e8ches, nettoyez avec une brosse et gardez les surfaces de broyage s\u00e8ches pour \u00e9viter la corrosion. Skeppshult.<\/p>\n","protected":false},"excerpt":{"rendered":"<p>Moulin \u00e0 \u00e9pices en fonte : La solution id\u00e9ale pour moudre les \u00e9pices s\u00e8ches comme les grains de poivre, le garam masala et bien d&#8217;autres. Ces moulins pratiques et magnifiques sont fabriqu\u00e9s en Su\u00e8de dans une fonderie Skeppshult vieille de plus de 100 ans. Gr\u00e2ce \u00e0 l&#8217;expertise de Skeppshult, vous obtenez des ustensiles de cuisine [&hellip;]<\/p>\n","protected":false},"featured_media":91657,"comment_status":"open","ping_status":"closed","template":"","meta":{"_acf_changed":false},"product_brand":[3134],"product_cat":[1280],"product_tag":[],"class_list":{"0":"post-95876","1":"product","2":"type-product","3":"status-publish","4":"has-post-thumbnail","6":"product_brand-skeppshult","7":"product_cat-vaisselle","8":"product_shipping_class-colis-jusqua-2-kg","10":"first","11":"instock","12":"taxable","13":"shipping-taxable","14":"purchasable","15":"product-type-simple"},"acf":[],"_links":{"self":[{"href":"https:\/\/one-horizon.ch\/fr\/wp-json\/wp\/v2\/product\/95876","targetHints":{"allow":["GET"]}}],"collection":[{"href":"https:\/\/one-horizon.ch\/fr\/wp-json\/wp\/v2\/product"}],"about":[{"href":"https:\/\/one-horizon.ch\/fr\/wp-json\/wp\/v2\/types\/product"}],"replies":[{"embeddable":true,"href":"https:\/\/one-horizon.ch\/fr\/wp-json\/wp\/v2\/comments?post=95876"}],"wp:featuredmedia":[{"embeddable":true,"href":"https:\/\/one-horizon.ch\/fr\/wp-json\/wp\/v2\/media\/91657"}],"wp:attachment":[{"href":"https:\/\/one-horizon.ch\/fr\/wp-json\/wp\/v2\/media?parent=95876"}],"wp:term":[{"taxonomy":"product_brand","embeddable":true,"href":"https:\/\/one-horizon.ch\/fr\/wp-json\/wp\/v2\/product_brand?post=95876"},{"taxonomy":"product_cat","embeddable":true,"href":"https:\/\/one-horizon.ch\/fr\/wp-json\/wp\/v2\/product_cat?post=95876"},{"taxonomy":"product_tag","embeddable":true,"href":"https:\/\/one-horizon.ch\/fr\/wp-json\/wp\/v2\/product_tag?post=95876"}],"curies":[{"name":"wp","href":"https:\/\/api.w.org\/{rel}","templated":true}]}}