{"id":95882,"date":"2024-02-08T22:54:58","date_gmt":"2024-02-08T21:54:58","guid":{"rendered":"https:\/\/one-horizon.ch\/product\/novis-7-1-b-noir\/"},"modified":"2026-03-30T00:20:34","modified_gmt":"2026-03-29T22:20:34","slug":"novis-7-1-b-black","status":"publish","type":"product","link":"https:\/\/one-horizon.ch\/fr\/product\/novis-7-1-b-black\/","title":{"rendered":"Novis 7.1 B &#8211; noir"},"content":{"rendered":"<p>D\u00e9couvrez l&#8217;unique sac \u00e0 dos pour ordinateur portable Novis 7.1 B de 7clouds &#8211; un chef-d&#8217;\u0153uvre moderne. Avec sa coupe innovante \u00e0 45\u00b0 et son int\u00e9rieur astucieux, il est le compagnon id\u00e9al pour le travail, l&#8217;universit\u00e9, le week-end et les voyages. Fabriqu\u00e9 \u00e0 partir de polyester recycl\u00e9 et de mat\u00e9riaux r\u00e9sistants, ce sac \u00e0 dos offre \u00e0 la fois style et fonctionnalit\u00e9. Procurez-vous d\u00e8s maintenant le sac \u00e0 dos 7clouds Novis 7.1 B &#8211; black et d\u00e9couvrez une qualit\u00e9 sup\u00e9rieure et un design moderne.<\/p>\n<\/p>\n<p><strong>Caract\u00e9ristiques<\/strong><\/p>\n<ul>\n<li>Taille : H44 x P11 x L31cm<\/li>\n<li>Litres : 15.0<\/li>\n<li>Poids : 1.0kg<\/li>\n<li>Classeur DIN A4 grand format (Cabin-Baggage)<\/li>\n<li>Ext\u00e9rieur de la sacoche : Poche zipp\u00e9e longitudinale \u00e0 l&#8217;avant<\/li>\n<li>Int\u00e9rieur : 2 poches<\/li>\n<li>compartiment pour ordinateur portable 15&#8243; rembourr\u00e9 (format vertical) et compartiment pour tablette 10,5&#8243; rembourr\u00e9<\/li>\n<li>Extras : 1 poign\u00e9e, bretelles flexibles gr\u00e2ce au syst\u00e8me d&#8217;anneaux en D<\/li>\n<\/ul>\n","protected":false},"excerpt":{"rendered":"<p>D\u00e9couvrez l&#8217;unique sac \u00e0 dos pour ordinateur portable Novis 7.1 B de 7clouds &#8211; un chef-d&#8217;\u0153uvre moderne. Avec sa coupe innovante \u00e0 45\u00b0 et son int\u00e9rieur astucieux, il est le compagnon id\u00e9al pour le travail, l&#8217;universit\u00e9, le week-end et les voyages. Fabriqu\u00e9 \u00e0 partir de polyester recycl\u00e9 et de mat\u00e9riaux r\u00e9sistants, ce sac \u00e0 dos [&hellip;]<\/p>\n","protected":false},"featured_media":74095,"comment_status":"open","ping_status":"closed","template":"","meta":{"_acf_changed":false},"product_brand":[2984],"product_cat":[867],"product_tag":[],"class_list":{"0":"post-95882","1":"product","2":"type-product","3":"status-publish","4":"has-post-thumbnail","6":"product_brand-7clouds","7":"product_cat-sacs-a-dos","8":"product_shipping_class-colis-jusqua-2-kg","10":"first","11":"onbackorder","12":"taxable","13":"shipping-taxable","14":"purchasable","15":"product-type-simple"},"acf":[],"_links":{"self":[{"href":"https:\/\/one-horizon.ch\/fr\/wp-json\/wp\/v2\/product\/95882","targetHints":{"allow":["GET"]}}],"collection":[{"href":"https:\/\/one-horizon.ch\/fr\/wp-json\/wp\/v2\/product"}],"about":[{"href":"https:\/\/one-horizon.ch\/fr\/wp-json\/wp\/v2\/types\/product"}],"replies":[{"embeddable":true,"href":"https:\/\/one-horizon.ch\/fr\/wp-json\/wp\/v2\/comments?post=95882"}],"wp:featuredmedia":[{"embeddable":true,"href":"https:\/\/one-horizon.ch\/fr\/wp-json\/wp\/v2\/media\/74095"}],"wp:attachment":[{"href":"https:\/\/one-horizon.ch\/fr\/wp-json\/wp\/v2\/media?parent=95882"}],"wp:term":[{"taxonomy":"product_brand","embeddable":true,"href":"https:\/\/one-horizon.ch\/fr\/wp-json\/wp\/v2\/product_brand?post=95882"},{"taxonomy":"product_cat","embeddable":true,"href":"https:\/\/one-horizon.ch\/fr\/wp-json\/wp\/v2\/product_cat?post=95882"},{"taxonomy":"product_tag","embeddable":true,"href":"https:\/\/one-horizon.ch\/fr\/wp-json\/wp\/v2\/product_tag?post=95882"}],"curies":[{"name":"wp","href":"https:\/\/api.w.org\/{rel}","templated":true}]}}