{"id":95899,"date":"2024-02-08T22:54:38","date_gmt":"2024-02-08T21:54:38","guid":{"rendered":"https:\/\/one-horizon.ch\/product\/lotion-pour-les-mains\/"},"modified":"2026-03-30T00:26:34","modified_gmt":"2026-03-29T22:26:34","slug":"lotion-pour-les-mains","status":"publish","type":"product","link":"https:\/\/one-horizon.ch\/fr\/product\/lotion-pour-les-mains\/","title":{"rendered":"Lotion pour les mains"},"content":{"rendered":"<p>\u00c0 la citronnelle &amp; \u00e0 la bergamote Cette formule l\u00e9g\u00e8re mais nourrissante associe des huiles essentielles vivifiantes au beurre de karit\u00e9 hydratant et \u00e0 la vitamine E pour aider \u00e0 r\u00e9tablir l&#8217;\u00e9quilibre d\u00e9licat de la peau.<\/p>\n<p><strong>Application<\/strong><\/p>\n<p>Appliquer g\u00e9n\u00e9reusement sur les mains propres \u00e0 tout moment de la journ\u00e9e.<\/p>\n<p><strong>Caract\u00e9ristiques<\/strong><\/p>\n<ul>\n<li>250 ml<\/li>\n<li>Vegan<\/li>\n<li>Carton biod\u00e9gradable<\/li>\n<li>Bouteille en verre brun<\/li>\n<li>Fabriqu\u00e9 en Irlande<\/li>\n<\/ul>\n<div id=\"simple-translate\" class=\"simple-translate-system-theme\"><\/div>\n","protected":false},"excerpt":{"rendered":"<p>\u00c0 la citronnelle &amp; \u00e0 la bergamote Cette formule l\u00e9g\u00e8re mais nourrissante associe des huiles essentielles vivifiantes au beurre de karit\u00e9 hydratant et \u00e0 la vitamine E pour aider \u00e0 r\u00e9tablir l&#8217;\u00e9quilibre d\u00e9licat de la peau. Application Appliquer g\u00e9n\u00e9reusement sur les mains propres \u00e0 tout moment de la journ\u00e9e. Caract\u00e9ristiques 250 ml Vegan Carton biod\u00e9gradable [&hellip;]<\/p>\n","protected":false},"featured_media":99936,"comment_status":"open","ping_status":"closed","template":"","meta":{"_acf_changed":false},"product_brand":[3002],"product_cat":[1378],"product_tag":[],"class_list":{"0":"post-95899","1":"product","2":"type-product","3":"status-publish","4":"has-post-thumbnail","6":"product_brand-dublin-herbalists","7":"product_cat-soin-des-mains","8":"product_shipping_class-colis-jusqua-2-kg","10":"first","11":"instock","12":"taxable","13":"shipping-taxable","14":"purchasable","15":"product-type-simple"},"acf":[],"_links":{"self":[{"href":"https:\/\/one-horizon.ch\/fr\/wp-json\/wp\/v2\/product\/95899","targetHints":{"allow":["GET"]}}],"collection":[{"href":"https:\/\/one-horizon.ch\/fr\/wp-json\/wp\/v2\/product"}],"about":[{"href":"https:\/\/one-horizon.ch\/fr\/wp-json\/wp\/v2\/types\/product"}],"replies":[{"embeddable":true,"href":"https:\/\/one-horizon.ch\/fr\/wp-json\/wp\/v2\/comments?post=95899"}],"wp:featuredmedia":[{"embeddable":true,"href":"https:\/\/one-horizon.ch\/fr\/wp-json\/wp\/v2\/media\/99936"}],"wp:attachment":[{"href":"https:\/\/one-horizon.ch\/fr\/wp-json\/wp\/v2\/media?parent=95899"}],"wp:term":[{"taxonomy":"product_brand","embeddable":true,"href":"https:\/\/one-horizon.ch\/fr\/wp-json\/wp\/v2\/product_brand?post=95899"},{"taxonomy":"product_cat","embeddable":true,"href":"https:\/\/one-horizon.ch\/fr\/wp-json\/wp\/v2\/product_cat?post=95899"},{"taxonomy":"product_tag","embeddable":true,"href":"https:\/\/one-horizon.ch\/fr\/wp-json\/wp\/v2\/product_tag?post=95899"}],"curies":[{"name":"wp","href":"https:\/\/api.w.org\/{rel}","templated":true}]}}