{"id":95900,"date":"2024-02-08T22:55:16","date_gmt":"2024-02-08T21:55:16","guid":{"rendered":"https:\/\/one-horizon.ch\/product\/karst-crayons-sans-bois-pour-artistes-set-de-12-pieces\/"},"modified":"2024-08-09T20:11:49","modified_gmt":"2024-08-09T18:11:49","slug":"karst-sans-bois-crayons-artistiques-set-de-12-pieces","status":"publish","type":"product","link":"https:\/\/one-horizon.ch\/fr\/product\/karst-sans-bois-crayons-artistiques-set-de-12-pieces\/","title":{"rendered":"Karst &#8211; Crayons sans bois pour artistes &#8211; Set de 12 pi\u00e8ces"},"content":{"rendered":"<p>Avec le Karst &#8211; Crayons d&#8217;artiste sans bois &#8211; Set de 12 pi\u00e8ces, tu peux d\u00e9velopper pleinement ton c\u00f4t\u00e9 cr\u00e9atif. Ces crayons sont exempts de bois et offrent 5 fois plus de couleurs riches en pigments pour le dessin et l&#8217;esquisse. Gr\u00e2ce au rev\u00eatement mat, tes mains restent propres et tu peux \u00eatre cr\u00e9atif sans interruption. Contrairement aux crayons traditionnels qui ont une enveloppe en bois, ces crayons offrent 5 fois plus de pigments utilisables. Elles sont id\u00e9ales pour le papier karstique et conviennent \u00e0 tous les types de papier. Sur le papier pierre, ils glissent sans frottement et permettent un ombrage indolore. Le set est disponible en paquet de 12 ainsi qu&#8217;en paquet de 24 et est livr\u00e9 dans une bo\u00eete de pr\u00e9sentation et de rangement 2en1 tr\u00e8s pratique.<\/p>\n","protected":false},"excerpt":{"rendered":"<p>Avec le Karst &#8211; Crayons d&#8217;artiste sans bois &#8211; Set de 12 pi\u00e8ces, tu peux d\u00e9velopper pleinement ton c\u00f4t\u00e9 cr\u00e9atif. Ces crayons sont exempts de bois et offrent 5 fois plus de couleurs riches en pigments pour le dessin et l&#8217;esquisse. Gr\u00e2ce au rev\u00eatement mat, tes mains restent propres et tu peux \u00eatre cr\u00e9atif sans [&hellip;]<\/p>\n","protected":false},"featured_media":100222,"comment_status":"open","ping_status":"closed","template":"","meta":{"_acf_changed":false},"product_brand":[3011],"product_cat":[1279],"product_tag":[],"class_list":{"0":"post-95900","1":"product","2":"type-product","3":"status-publish","4":"has-post-thumbnail","6":"product_brand-karst","7":"product_cat-stylos","8":"product_shipping_class-colis-jusqua-2-kg","10":"first","11":"outofstock","12":"taxable","13":"shipping-taxable","14":"purchasable","15":"product-type-simple"},"acf":[],"_links":{"self":[{"href":"https:\/\/one-horizon.ch\/fr\/wp-json\/wp\/v2\/product\/95900","targetHints":{"allow":["GET"]}}],"collection":[{"href":"https:\/\/one-horizon.ch\/fr\/wp-json\/wp\/v2\/product"}],"about":[{"href":"https:\/\/one-horizon.ch\/fr\/wp-json\/wp\/v2\/types\/product"}],"replies":[{"embeddable":true,"href":"https:\/\/one-horizon.ch\/fr\/wp-json\/wp\/v2\/comments?post=95900"}],"wp:featuredmedia":[{"embeddable":true,"href":"https:\/\/one-horizon.ch\/fr\/wp-json\/wp\/v2\/media\/100222"}],"wp:attachment":[{"href":"https:\/\/one-horizon.ch\/fr\/wp-json\/wp\/v2\/media?parent=95900"}],"wp:term":[{"taxonomy":"product_brand","embeddable":true,"href":"https:\/\/one-horizon.ch\/fr\/wp-json\/wp\/v2\/product_brand?post=95900"},{"taxonomy":"product_cat","embeddable":true,"href":"https:\/\/one-horizon.ch\/fr\/wp-json\/wp\/v2\/product_cat?post=95900"},{"taxonomy":"product_tag","embeddable":true,"href":"https:\/\/one-horizon.ch\/fr\/wp-json\/wp\/v2\/product_tag?post=95900"}],"curies":[{"name":"wp","href":"https:\/\/api.w.org\/{rel}","templated":true}]}}