{"id":95904,"date":"2024-02-08T22:54:57","date_gmt":"2024-02-08T21:54:57","guid":{"rendered":"https:\/\/one-horizon.ch\/product\/bougie-en-beton-goyave-figue\/"},"modified":"2026-03-30T00:20:46","modified_gmt":"2026-03-29T22:20:46","slug":"bougie-en-beton-goyave-figue","status":"publish","type":"product","link":"https:\/\/one-horizon.ch\/fr\/product\/bougie-en-beton-goyave-figue\/","title":{"rendered":"Bougie en b\u00e9ton goyave figue"},"content":{"rendered":"<p>Les notes tropicales de nectar de figue et de goyave apportent le meilleur de l&#8217;\u00e9t\u00e9 dans les int\u00e9rieurs, quelle que soit la saison. Ce parfum lumineux et rafra\u00eechissant ravive vos sens avec des notes fruit\u00e9es revitalisantes et exaltantes. Une fois que vous avez br\u00fbl\u00e9 la bougie, le r\u00e9cipient en b\u00e9ton peut \u00eatre utilis\u00e9 comme jardini\u00e8re ou porte-plume.<\/p>\n<p><strong>Caract\u00e9ristiques<\/strong><\/p>\n<ul>\n<li>Dur\u00e9e de combustion d&#8217;environ 50 heures<\/li>\n<li>Ingr\u00e9dients : 95% cire de soja, 5% huile parfum\u00e9e<\/li>\n<li>Dimensions : hauteur 10,5 cm x largeur 9 cm x longueur 9 cm<\/li>\n<\/ul>\n<p><em>Ne laissez jamais des bougies allum\u00e9es sans surveillance !<\/em><\/p>\n","protected":false},"excerpt":{"rendered":"<p>Bougie parfum\u00e9e fruit\u00e9e : notes tropicales de nectar de figue et de goyave. Parfum lumineux et rafra\u00eechissant pour des sens revitalis\u00e9s. R\u00e9cipient en b\u00e9ton r\u00e9utilisable. Environ 50 heures de combustion. Dimensions : H10,5 cm x L9 cm x L9 cm.<\/p>\n","protected":false},"featured_media":100311,"comment_status":"open","ping_status":"closed","template":"","meta":{"_acf_changed":false},"product_brand":[3118],"product_cat":[989],"product_tag":[3359,3295],"class_list":{"0":"post-95904","1":"product","2":"type-product","3":"status-publish","4":"has-post-thumbnail","6":"product_brand-chickidee-homeware-ltd","7":"product_cat-bougies","8":"product_tag-anniversaire","9":"product_tag-pour-vous","10":"product_shipping_class-colis-jusqua-2-kg","12":"first","13":"outofstock","14":"taxable","15":"shipping-taxable","16":"purchasable","17":"product-type-simple"},"acf":[],"_links":{"self":[{"href":"https:\/\/one-horizon.ch\/fr\/wp-json\/wp\/v2\/product\/95904","targetHints":{"allow":["GET"]}}],"collection":[{"href":"https:\/\/one-horizon.ch\/fr\/wp-json\/wp\/v2\/product"}],"about":[{"href":"https:\/\/one-horizon.ch\/fr\/wp-json\/wp\/v2\/types\/product"}],"replies":[{"embeddable":true,"href":"https:\/\/one-horizon.ch\/fr\/wp-json\/wp\/v2\/comments?post=95904"}],"wp:featuredmedia":[{"embeddable":true,"href":"https:\/\/one-horizon.ch\/fr\/wp-json\/wp\/v2\/media\/100311"}],"wp:attachment":[{"href":"https:\/\/one-horizon.ch\/fr\/wp-json\/wp\/v2\/media?parent=95904"}],"wp:term":[{"taxonomy":"product_brand","embeddable":true,"href":"https:\/\/one-horizon.ch\/fr\/wp-json\/wp\/v2\/product_brand?post=95904"},{"taxonomy":"product_cat","embeddable":true,"href":"https:\/\/one-horizon.ch\/fr\/wp-json\/wp\/v2\/product_cat?post=95904"},{"taxonomy":"product_tag","embeddable":true,"href":"https:\/\/one-horizon.ch\/fr\/wp-json\/wp\/v2\/product_tag?post=95904"}],"curies":[{"name":"wp","href":"https:\/\/api.w.org\/{rel}","templated":true}]}}