{"id":95906,"date":"2024-02-08T23:01:47","date_gmt":"2024-02-08T22:01:47","guid":{"rendered":"https:\/\/one-horizon.ch\/product\/eventails-pliables-fan-fun-kyoto-botanical\/"},"modified":"2026-03-30T00:19:47","modified_gmt":"2026-03-29T22:19:47","slug":"pliage-fan-fun-kyoto-botanical","status":"publish","type":"product","link":"https:\/\/one-horizon.ch\/fr\/product\/pliage-fan-fun-kyoto-botanical\/","title":{"rendered":"\u00c9ventails pliables &#8211; Fan Fun Kyoto &#8211; Botanical"},"content":{"rendered":"<p>\u00c9ventails pliables &#8211; Fan Fun Kyoto &#8211; Botanical<\/p>\n<p>Cet \u00e9ventail pliant fait \u00e0 la main vient de Kyoto.<\/p>\n<p>Un \u00e9ventail pli\u00e9 passe 87 fois entre les mains des ma\u00eetres artisans. Le r\u00e9sultat est un magnifique \u00e9ventail de haute qualit\u00e9 avec de nombreuses nervures, qui se sent bien dans la main et qui produit une brise douce mais puissante.<\/p>\n<p>Le cadre de l&#8217;\u00e9ventail est en bambou japonais finement d\u00e9coup\u00e9. L&#8217;\u00e9ventail pliant est compos\u00e9 de trois couches diff\u00e9rentes de papier japonais.<\/p>\n<p>L&#8217;\u00e9ventail peut \u00eatre rang\u00e9 dans un sac textile assorti lorsqu&#8217;il n&#8217;est pas utilis\u00e9.<\/p>\n","protected":false},"excerpt":{"rendered":"<p>\u00c9ventails pliables &#8211; Fan Fun Kyoto &#8211; Botanical Cet \u00e9ventail pliant fait \u00e0 la main vient de Kyoto. Un \u00e9ventail pli\u00e9 passe 87 fois entre les mains des ma\u00eetres artisans. Le r\u00e9sultat est un magnifique \u00e9ventail de haute qualit\u00e9 avec de nombreuses nervures, qui se sent bien dans la main et qui produit une brise [&hellip;]<\/p>\n","protected":false},"featured_media":93277,"comment_status":"open","ping_status":"closed","template":"","meta":{"_acf_changed":false},"product_brand":[3131],"product_cat":[1297],"product_tag":[],"class_list":{"0":"post-95906","1":"product","2":"type-product","3":"status-publish","4":"has-post-thumbnail","6":"product_brand-fan-fun-kyoto","7":"product_cat-accessoires-dinterieur","8":"product_shipping_class-colis-jusqua-2-kg","10":"first","11":"outofstock","12":"taxable","13":"shipping-taxable","14":"product-type-variable"},"acf":[],"_links":{"self":[{"href":"https:\/\/one-horizon.ch\/fr\/wp-json\/wp\/v2\/product\/95906","targetHints":{"allow":["GET"]}}],"collection":[{"href":"https:\/\/one-horizon.ch\/fr\/wp-json\/wp\/v2\/product"}],"about":[{"href":"https:\/\/one-horizon.ch\/fr\/wp-json\/wp\/v2\/types\/product"}],"replies":[{"embeddable":true,"href":"https:\/\/one-horizon.ch\/fr\/wp-json\/wp\/v2\/comments?post=95906"}],"wp:featuredmedia":[{"embeddable":true,"href":"https:\/\/one-horizon.ch\/fr\/wp-json\/wp\/v2\/media\/93277"}],"wp:attachment":[{"href":"https:\/\/one-horizon.ch\/fr\/wp-json\/wp\/v2\/media?parent=95906"}],"wp:term":[{"taxonomy":"product_brand","embeddable":true,"href":"https:\/\/one-horizon.ch\/fr\/wp-json\/wp\/v2\/product_brand?post=95906"},{"taxonomy":"product_cat","embeddable":true,"href":"https:\/\/one-horizon.ch\/fr\/wp-json\/wp\/v2\/product_cat?post=95906"},{"taxonomy":"product_tag","embeddable":true,"href":"https:\/\/one-horizon.ch\/fr\/wp-json\/wp\/v2\/product_tag?post=95906"}],"curies":[{"name":"wp","href":"https:\/\/api.w.org\/{rel}","templated":true}]}}