{"id":95907,"date":"2024-02-08T22:58:14","date_gmt":"2024-02-08T21:58:14","guid":{"rendered":"https:\/\/one-horizon.ch\/product\/areaware-strata-pot-de-fleurs-bleu\/"},"modified":"2026-04-04T11:16:24","modified_gmt":"2026-04-04T09:16:24","slug":"areaware-strata-bac-a-plantes-bleu","status":"publish","type":"product","link":"https:\/\/one-horizon.ch\/fr\/product\/areaware-strata-bac-a-plantes-bleu\/","title":{"rendered":"Jardini\u00e8re Strata &#8211; Bleu"},"content":{"rendered":"<p>La jardini\u00e8re Strata d&#8217;Areaware est un pot de fleurs en c\u00e9ramique compos\u00e9 d&#8217;une multitude de formes stratifi\u00e9es et empil\u00e9es qui dissimulent naturellement la soucoupe. Le design s&#8217;inspire de la premi\u00e8re collection de bijoux de Simone Brewster et de sa pratique plus large du studio. En se r\u00e9f\u00e9rant \u00e0 une riche histoire d&#8217;objets sculpturaux issus de son h\u00e9ritage, elle souhaite cr\u00e9er des designs qui remplissent l&#8217;espace d&#8217;un sentiment d&#8217;individualit\u00e9 et de force personnelle.<\/p>\n<p>Design : Simone Brewster<\/p>\n<p>Simone Brewster est une artiste et designer bas\u00e9e \u00e0 Londres qui cr\u00e9e des meubles, des objets et des bijoux grands, significatifs et sculpturaux.<\/p>\n","protected":false},"excerpt":{"rendered":"<p>La jardini\u00e8re Strata d&#8217;Areaware est un pot de fleurs en c\u00e9ramique compos\u00e9 d&#8217;une multitude de formes stratifi\u00e9es et empil\u00e9es qui dissimulent naturellement la soucoupe. Le design s&#8217;inspire de la premi\u00e8re collection de bijoux de Simone Brewster et de sa pratique plus large du studio. En se r\u00e9f\u00e9rant \u00e0 une riche histoire d&#8217;objets sculpturaux issus de [&hellip;]<\/p>\n","protected":false},"featured_media":100152,"comment_status":"open","ping_status":"closed","template":"","meta":{"_acf_changed":false},"product_brand":[2986],"product_cat":[945],"product_tag":[],"class_list":{"0":"post-95907","1":"product","2":"type-product","3":"status-publish","4":"has-post-thumbnail","6":"product_brand-areaware","7":"product_cat-oakywood-fr-2","8":"product_shipping_class-colis-jusqua-2-kg","10":"first","11":"outofstock","12":"taxable","13":"shipping-taxable","14":"purchasable","15":"product-type-simple"},"acf":[],"_links":{"self":[{"href":"https:\/\/one-horizon.ch\/fr\/wp-json\/wp\/v2\/product\/95907","targetHints":{"allow":["GET"]}}],"collection":[{"href":"https:\/\/one-horizon.ch\/fr\/wp-json\/wp\/v2\/product"}],"about":[{"href":"https:\/\/one-horizon.ch\/fr\/wp-json\/wp\/v2\/types\/product"}],"replies":[{"embeddable":true,"href":"https:\/\/one-horizon.ch\/fr\/wp-json\/wp\/v2\/comments?post=95907"}],"wp:featuredmedia":[{"embeddable":true,"href":"https:\/\/one-horizon.ch\/fr\/wp-json\/wp\/v2\/media\/100152"}],"wp:attachment":[{"href":"https:\/\/one-horizon.ch\/fr\/wp-json\/wp\/v2\/media?parent=95907"}],"wp:term":[{"taxonomy":"product_brand","embeddable":true,"href":"https:\/\/one-horizon.ch\/fr\/wp-json\/wp\/v2\/product_brand?post=95907"},{"taxonomy":"product_cat","embeddable":true,"href":"https:\/\/one-horizon.ch\/fr\/wp-json\/wp\/v2\/product_cat?post=95907"},{"taxonomy":"product_tag","embeddable":true,"href":"https:\/\/one-horizon.ch\/fr\/wp-json\/wp\/v2\/product_tag?post=95907"}],"curies":[{"name":"wp","href":"https:\/\/api.w.org\/{rel}","templated":true}]}}