{"id":95937,"date":"2024-02-08T22:55:44","date_gmt":"2024-02-08T21:55:44","guid":{"rendered":"https:\/\/one-horizon.ch\/product\/japanese-botanical-laboratory-sirop-de-la-foret-doree-6x-720-ml\/"},"modified":"2024-07-23T00:34:36","modified_gmt":"2024-07-22T22:34:36","slug":"japanese-botanical-laboratory-golden-forest-sirup-6x-720-ml","status":"publish","type":"product","link":"https:\/\/one-horizon.ch\/fr\/product\/japanese-botanical-laboratory-golden-forest-sirup-6x-720-ml\/","title":{"rendered":"Japanese Botanical Laboratory &#8211; Sirop de la for\u00eat dor\u00e9e &#8211; 6x 720 ml"},"content":{"rendered":"<p>Unit\u00e9 d&#8217;emballage : 6 bouteilles<\/p>\n<p>Comme une promenade dans une for\u00eat humide apr\u00e8s une forte pluie. Distill\u00e9 et transform\u00e9 \u00e0 partir de cinq esp\u00e8ces d&#8217;arbres aromatiques sauvages des montagnes japonaises. L&#8217;ar\u00f4me est rafra\u00eechissant et doux, comme les agrumes et les baies. Son effet est apaisant et tonifiant. Ingr\u00e9dients 100 % naturels. 5 fois plus concentr\u00e9. Servez-le frais avec de la glace, de l&#8217;eau p\u00e9tillante ou du th\u00e9.<\/p>\n","protected":false},"excerpt":{"rendered":"<p>Unit\u00e9 d&#8217;emballage : 6 bouteilles Comme une promenade dans une for\u00eat humide apr\u00e8s une forte pluie. Distill\u00e9 et transform\u00e9 \u00e0 partir de cinq esp\u00e8ces d&#8217;arbres aromatiques sauvages des montagnes japonaises. L&#8217;ar\u00f4me est rafra\u00eechissant et doux, comme les agrumes et les baies. Son effet est apaisant et tonifiant. Ingr\u00e9dients 100 % naturels. 5 fois plus concentr\u00e9. [&hellip;]<\/p>\n","protected":false},"featured_media":99788,"comment_status":"open","ping_status":"closed","template":"","meta":{"_acf_changed":false},"product_brand":[],"product_cat":[945],"product_tag":[],"class_list":{"0":"post-95937","1":"product","2":"type-product","3":"status-publish","4":"has-post-thumbnail","6":"product_cat-oakywood-fr-2","7":"product_shipping_class-colis-jusqua-2-kg","9":"first","10":"outofstock","11":"taxable","12":"shipping-taxable","13":"purchasable","14":"product-type-simple"},"acf":[],"_links":{"self":[{"href":"https:\/\/one-horizon.ch\/fr\/wp-json\/wp\/v2\/product\/95937","targetHints":{"allow":["GET"]}}],"collection":[{"href":"https:\/\/one-horizon.ch\/fr\/wp-json\/wp\/v2\/product"}],"about":[{"href":"https:\/\/one-horizon.ch\/fr\/wp-json\/wp\/v2\/types\/product"}],"replies":[{"embeddable":true,"href":"https:\/\/one-horizon.ch\/fr\/wp-json\/wp\/v2\/comments?post=95937"}],"wp:featuredmedia":[{"embeddable":true,"href":"https:\/\/one-horizon.ch\/fr\/wp-json\/wp\/v2\/media\/99788"}],"wp:attachment":[{"href":"https:\/\/one-horizon.ch\/fr\/wp-json\/wp\/v2\/media?parent=95937"}],"wp:term":[{"taxonomy":"product_brand","embeddable":true,"href":"https:\/\/one-horizon.ch\/fr\/wp-json\/wp\/v2\/product_brand?post=95937"},{"taxonomy":"product_cat","embeddable":true,"href":"https:\/\/one-horizon.ch\/fr\/wp-json\/wp\/v2\/product_cat?post=95937"},{"taxonomy":"product_tag","embeddable":true,"href":"https:\/\/one-horizon.ch\/fr\/wp-json\/wp\/v2\/product_tag?post=95937"}],"curies":[{"name":"wp","href":"https:\/\/api.w.org\/{rel}","templated":true}]}}