{"id":95948,"date":"2024-02-08T22:54:58","date_gmt":"2024-02-08T21:54:58","guid":{"rendered":"https:\/\/one-horizon.ch\/product\/rashmi-1-denim\/"},"modified":"2026-03-30T00:20:44","modified_gmt":"2026-03-29T22:20:44","slug":"rashmi-1-denim","status":"publish","type":"product","link":"https:\/\/one-horizon.ch\/fr\/product\/rashmi-1-denim\/","title":{"rendered":"Rashmi 1 &#8211; denim"},"content":{"rendered":"<p>Rashmi 1 &#8211; Le sac \u00e0 dos id\u00e9al pour ton style de vie moderne. Avec 21,3 litres d&#8217;espace de rangement et une ouverture astucieuse \u00e0 rabat qui cache les fermetures \u00e9clair, il offre espace et s\u00e9curit\u00e9 pour tes affaires. A cela s&#8217;ajoute un compartiment rembourr\u00e9 pour ordinateur portable de 15 pouces et des poches pratiques pour tes petites affaires. \u00c9l\u00e9gant et fonctionnel &#8211; viens chercher ton Rashmi 1 maintenant !<\/p>\n<\/p>\n<p><strong>Caract\u00e9ristiques<\/strong><\/p>\n<ul>\n<li>Taille : H49 x P15 x L29 cm<\/li>\n<li>litres : 21,3<\/li>\n<li>poids : 1,2 kg<\/li>\n<li>Sac \u00e0 dos pour ordinateur portable City-Office<\/li>\n<li>Doublure : 100% coton r\u00e9sistant (fibre naturelle)<\/li>\n<li>Sangles : coton (fibres naturelles)<\/li>\n<li>Applications : cuir tann\u00e9 v\u00e9g\u00e9tal<\/li>\n<li>Housse ext\u00e9rieure : Canvas (fibre naturelle de coton), soft waxed (hydrofuge)<\/li>\n<li>acc\u00e8s par fermeture \u00e9clair, le rabat s&#8217;ouvre vers l&#8217;avant (protection contre le vol)<\/li>\n<li>1 poign\u00e9e en coton (fibre naturelle) avec application de cuir<\/li>\n<li>Bandouli\u00e8re : rembourr\u00e9e en toile (coton et fibres naturelles)<\/li>\n<li>Dos rembourr\u00e9<\/li>\n<li>poche zipp\u00e9e \u00e0 l&#8217;avant<\/li>\n<li>poche zipp\u00e9e dans le rabat<\/li>\n<li>2 compartiments zipp\u00e9s \u00e0 l&#8217;avant<\/li>\n<li>Raccords : m\u00e9tal<\/li>\n<li>Int\u00e9rieur : Int\u00e9rieur : Compartiment pour ordinateur portable en toile, rembourr\u00e9, pouvant accueillir jusqu&#8217;\u00e0 15 pouces (36 x 27 cm)<\/li>\n<li>compartiment pour tablette en toile, pouvant accueillir jusqu&#8217;\u00e0 10,5 pouces<\/li>\n<li>2 poches en toile<\/li>\n<\/ul>\n","protected":false},"excerpt":{"rendered":"<p>Sac \u00e0 dos Rashmi 1 moderne et fonctionnel avec 21,3 litres d&#8217;espace de rangement. Ouverture astucieuse \u00e0 rabat, fermetures \u00e0 glissi\u00e8re dissimul\u00e9es, compartiment rembourr\u00e9 pour ordinateur portable de 15 pouces. Sac \u00e0 dos pour ordinateur portable City-Office, toile imperm\u00e9able, antivol, bandouli\u00e8res et dos rembourr\u00e9s.<\/p>\n","protected":false},"featured_media":74079,"comment_status":"open","ping_status":"closed","template":"","meta":{"_acf_changed":false},"product_brand":[3019],"product_cat":[867],"product_tag":[],"class_list":{"0":"post-95948","1":"product","2":"type-product","3":"status-publish","4":"has-post-thumbnail","6":"product_brand-margelisch","7":"product_cat-sacs-a-dos","8":"product_shipping_class-colis-jusqua-2-kg","10":"first","11":"onbackorder","12":"taxable","13":"shipping-taxable","14":"purchasable","15":"product-type-simple"},"acf":[],"_links":{"self":[{"href":"https:\/\/one-horizon.ch\/fr\/wp-json\/wp\/v2\/product\/95948","targetHints":{"allow":["GET"]}}],"collection":[{"href":"https:\/\/one-horizon.ch\/fr\/wp-json\/wp\/v2\/product"}],"about":[{"href":"https:\/\/one-horizon.ch\/fr\/wp-json\/wp\/v2\/types\/product"}],"replies":[{"embeddable":true,"href":"https:\/\/one-horizon.ch\/fr\/wp-json\/wp\/v2\/comments?post=95948"}],"wp:featuredmedia":[{"embeddable":true,"href":"https:\/\/one-horizon.ch\/fr\/wp-json\/wp\/v2\/media\/74079"}],"wp:attachment":[{"href":"https:\/\/one-horizon.ch\/fr\/wp-json\/wp\/v2\/media?parent=95948"}],"wp:term":[{"taxonomy":"product_brand","embeddable":true,"href":"https:\/\/one-horizon.ch\/fr\/wp-json\/wp\/v2\/product_brand?post=95948"},{"taxonomy":"product_cat","embeddable":true,"href":"https:\/\/one-horizon.ch\/fr\/wp-json\/wp\/v2\/product_cat?post=95948"},{"taxonomy":"product_tag","embeddable":true,"href":"https:\/\/one-horizon.ch\/fr\/wp-json\/wp\/v2\/product_tag?post=95948"}],"curies":[{"name":"wp","href":"https:\/\/api.w.org\/{rel}","templated":true}]}}