{"id":95949,"date":"2024-02-08T22:59:02","date_gmt":"2024-02-08T21:59:02","guid":{"rendered":"https:\/\/one-horizon.ch\/product\/karst-crayons-sans-bois-pour-artistes-set-de-24-pieces\/"},"modified":"2026-04-07T12:15:15","modified_gmt":"2026-04-07T10:15:15","slug":"karst-sans-bois-crayons-artistiques-set-avec-24-stuck","status":"publish","type":"product","link":"https:\/\/one-horizon.ch\/fr\/product\/karst-sans-bois-crayons-artistiques-set-avec-24-stuck\/","title":{"rendered":"Karst &#8211; Crayons sans bois pour artistes &#8211; Set de 24 pi\u00e8ces"},"content":{"rendered":"<p>Karst &#8211; Crayons d&#8217;artiste sans bois &#8211; Set de 24 pi\u00e8ces.<\/p>\n<p>Caract\u00e9ristiques et avantages du produit : Achat minimum : 3 unit\u00e9s. Les crayons d&#8217;artiste sans bois de Karst offrent une cr\u00e9ativit\u00e9 sans arbre avec 5 fois plus de pigments. Le crayon, lib\u00e9r\u00e9 de son enveloppe de bois, fournit des pigments riches, n\u00e9cessite moins de taille et pr\u00e9sente un rev\u00eatement mat propre. Avec un corps de plomb complet, il offre 5 fois plus de pigment utilisable que les crayons traditionnels. Convient \u00e0 tous les types de papier, en particulier au papier karstique. Sans frottement sur papier pierre, pour un ombrage sans effort. Disponible en paquets de 24 et de 12, avec une bo\u00eete d&#8217;affichage et de rangement 2en1. Simple, fonctionnel, beau &#8211; lib\u00e9rez des dessins vivants avec Karst.<\/p>\n","protected":false},"excerpt":{"rendered":"<p>Karst &#8211; Crayons d&#8217;artiste sans bois &#8211; Set de 24 pi\u00e8ces. Caract\u00e9ristiques et avantages du produit : Achat minimum : 3 unit\u00e9s. Les crayons d&#8217;artiste sans bois de Karst offrent une cr\u00e9ativit\u00e9 sans arbre avec 5 fois plus de pigments. Le crayon, lib\u00e9r\u00e9 de son enveloppe de bois, fournit des pigments riches, n\u00e9cessite moins de [&hellip;]<\/p>\n","protected":false},"featured_media":92465,"comment_status":"open","ping_status":"closed","template":"","meta":{"_acf_changed":false},"product_brand":[3011],"product_cat":[1279],"product_tag":[],"class_list":{"0":"post-95949","1":"product","2":"type-product","3":"status-publish","4":"has-post-thumbnail","6":"product_brand-karst","7":"product_cat-stylos","8":"product_shipping_class-colis-jusqua-2-kg","10":"first","11":"outofstock","12":"taxable","13":"shipping-taxable","14":"purchasable","15":"product-type-simple"},"acf":[],"_links":{"self":[{"href":"https:\/\/one-horizon.ch\/fr\/wp-json\/wp\/v2\/product\/95949","targetHints":{"allow":["GET"]}}],"collection":[{"href":"https:\/\/one-horizon.ch\/fr\/wp-json\/wp\/v2\/product"}],"about":[{"href":"https:\/\/one-horizon.ch\/fr\/wp-json\/wp\/v2\/types\/product"}],"replies":[{"embeddable":true,"href":"https:\/\/one-horizon.ch\/fr\/wp-json\/wp\/v2\/comments?post=95949"}],"wp:featuredmedia":[{"embeddable":true,"href":"https:\/\/one-horizon.ch\/fr\/wp-json\/wp\/v2\/media\/92465"}],"wp:attachment":[{"href":"https:\/\/one-horizon.ch\/fr\/wp-json\/wp\/v2\/media?parent=95949"}],"wp:term":[{"taxonomy":"product_brand","embeddable":true,"href":"https:\/\/one-horizon.ch\/fr\/wp-json\/wp\/v2\/product_brand?post=95949"},{"taxonomy":"product_cat","embeddable":true,"href":"https:\/\/one-horizon.ch\/fr\/wp-json\/wp\/v2\/product_cat?post=95949"},{"taxonomy":"product_tag","embeddable":true,"href":"https:\/\/one-horizon.ch\/fr\/wp-json\/wp\/v2\/product_tag?post=95949"}],"curies":[{"name":"wp","href":"https:\/\/api.w.org\/{rel}","templated":true}]}}