{"id":95950,"date":"2024-02-08T23:01:47","date_gmt":"2024-02-08T22:01:47","guid":{"rendered":"https:\/\/one-horizon.ch\/product\/eventails-pliables-fan-fun-kyoto-geometry-bleu\/"},"modified":"2026-03-30T00:19:49","modified_gmt":"2026-03-29T22:19:49","slug":"pliage-fan-fun-kyoto-geometry-bleu","status":"publish","type":"product","link":"https:\/\/one-horizon.ch\/fr\/product\/pliage-fan-fun-kyoto-geometry-bleu\/","title":{"rendered":"\u00c9ventails pliables &#8211; Fan Fun Kyoto &#8211; Geometry &#8211; Bleu"},"content":{"rendered":"<p>\u00c9ventails pliables &#8211; Fan Fun Kyoto &#8211; Geometry &#8211; Bleu<\/p>\n<p>Fabriqu\u00e9 \u00e0 la main \u00e0 Kyoto.<\/p>\n<p>L&#8217;\u00e9ventail pliant passe 87 fois entre les mains des artisans. Le r\u00e9sultat est un magnifique \u00e9ventail de grande qualit\u00e9 avec de nombreuses nervures, qui se sent bien dans la main et qui produit une brise douce mais puissante.<\/p>\n<p>Le cadre de l&#8217;\u00e9ventail est en bambou japonais finement d\u00e9coup\u00e9. L&#8217;\u00e9ventail est fabriqu\u00e9 \u00e0 partir de trois couches diff\u00e9rentes de papier japonais.<\/p>\n<p>Lorsqu&#8217;il n&#8217;est pas utilis\u00e9, l&#8217;\u00e9ventail peut \u00eatre rang\u00e9 dans une housse en tissu assortie.<\/p>\n","protected":false},"excerpt":{"rendered":"<p>\u00c9ventails pliables &#8211; Fan Fun Kyoto &#8211; Geometry &#8211; Bleu Fabriqu\u00e9 \u00e0 la main \u00e0 Kyoto. L&#8217;\u00e9ventail pliant passe 87 fois entre les mains des artisans. Le r\u00e9sultat est un magnifique \u00e9ventail de grande qualit\u00e9 avec de nombreuses nervures, qui se sent bien dans la main et qui produit une brise douce mais puissante. Le [&hellip;]<\/p>\n","protected":false},"featured_media":93253,"comment_status":"open","ping_status":"closed","template":"","meta":{"_acf_changed":false},"product_brand":[3131],"product_cat":[1297],"product_tag":[],"class_list":{"0":"post-95950","1":"product","2":"type-product","3":"status-publish","4":"has-post-thumbnail","6":"product_brand-fan-fun-kyoto","7":"product_cat-accessoires-dinterieur","8":"product_shipping_class-colis-jusqua-2-kg","10":"first","11":"outofstock","12":"taxable","13":"shipping-taxable","14":"purchasable","15":"product-type-simple"},"acf":[],"_links":{"self":[{"href":"https:\/\/one-horizon.ch\/fr\/wp-json\/wp\/v2\/product\/95950","targetHints":{"allow":["GET"]}}],"collection":[{"href":"https:\/\/one-horizon.ch\/fr\/wp-json\/wp\/v2\/product"}],"about":[{"href":"https:\/\/one-horizon.ch\/fr\/wp-json\/wp\/v2\/types\/product"}],"replies":[{"embeddable":true,"href":"https:\/\/one-horizon.ch\/fr\/wp-json\/wp\/v2\/comments?post=95950"}],"wp:featuredmedia":[{"embeddable":true,"href":"https:\/\/one-horizon.ch\/fr\/wp-json\/wp\/v2\/media\/93253"}],"wp:attachment":[{"href":"https:\/\/one-horizon.ch\/fr\/wp-json\/wp\/v2\/media?parent=95950"}],"wp:term":[{"taxonomy":"product_brand","embeddable":true,"href":"https:\/\/one-horizon.ch\/fr\/wp-json\/wp\/v2\/product_brand?post=95950"},{"taxonomy":"product_cat","embeddable":true,"href":"https:\/\/one-horizon.ch\/fr\/wp-json\/wp\/v2\/product_cat?post=95950"},{"taxonomy":"product_tag","embeddable":true,"href":"https:\/\/one-horizon.ch\/fr\/wp-json\/wp\/v2\/product_tag?post=95950"}],"curies":[{"name":"wp","href":"https:\/\/api.w.org\/{rel}","templated":true}]}}